{"id":6254,"date":"2024-11-07T20:01:42","date_gmt":"2024-11-07T20:01:42","guid":{"rendered":"https:\/\/filatelia.cuentista.es\/product\/sello-brasil-1985-conexion-maritima-urca-500-cr-deteriorado"},"modified":"2024-11-07T20:01:45","modified_gmt":"2024-11-07T20:01:45","slug":"sello-brasil-1985-conexion-maritima-urca-500-cr-deteriorado","status":"publish","type":"product","link":"https:\/\/filatelia.cuentista.es\/en\/product\/sello-brasil-1985-conexion-maritima-urca-500-cr-deteriorado","title":{"rendered":"Sello Brasil 1985 &#8211; Conexi\u00f3n Mar\u00edtima Urca &#8211; 500 Cr$ Deteriorado"},"content":{"rendered":"<p>\u00abUrca\u00bb, 1981<\/p>\n<p><img class=\"size-full\"><\/p>\n<p>Pa\u00eds:<\/p>\n<p>Brasil<\/p>\n<p>Serie:<\/p>\n<p>150th Anniversary of Rio de Janeiro-Niteroi Ferry Service<\/p>\n<p>C\u00f3digo de cat\u00e1logo:<\/p>\n<p>Michel BR 2151<\/p>\n<p>Stamp Number BR 2030<\/p>\n<p>Yvert et Tellier BR 1771<\/p>\n<p>Stanley Gibbons BR 2197<\/p>\n<p>RHM BR C-1490<\/p>\n<p>Temas:<\/p>\n<p>Barcos | Buques de Pasajeros<\/p>\n<p>Fecha emisi\u00f3n:<\/p>\n<p>1985-10-14<\/p>\n<p>Tama\u00f1o:<\/p>\n<p>41 x 31 mm<\/p>\n<p>Colores:<\/p>\n<p>Multicolor<\/p>\n<p>Dise\u00f1adores:<\/p>\n<p>Ivan Wasth Rodrigues<\/p>\n<p>Impresores\/Imprentas:<\/p>\n<p>Casa da Moeda do Brasil<\/p>\n<p>Formato:<\/p>\n<p>Sello<\/p>\n<p>Emisi\u00f3n:<\/p>\n<p>Conmemorativo<\/p>\n<p>Perforaci\u00f3n:<\/p>\n<p>peine11\u00be x 12<\/p>\n<p>Impresi\u00f3n:<\/p>\n<p>Litograf\u00eda offset<\/p>\n<p>Papel:<\/p>\n<p>phosphorescent<\/p>\n<p>Valor facial:<\/p>\n<p>500 Cruzeiro de Brasil<\/p>\n<p><a href=\"https:\/\/colnect.com\/stamps\/stamp\/196245\">https:\/\/colnect.com\/stamps\/stamp\/196245<\/a><\/p>","protected":false},"excerpt":{"rendered":"<p>\u00abUrca\u00bb, 1981 Pa\u00eds: Brasil Serie: 150th Anniversary of Rio de Janeiro-Niteroi Ferry Service C\u00f3digo de cat\u00e1logo: Michel BR 2151 Stamp Number BR 2030 Yvert et Tellier BR 1771 Stanley Gibbons BR 2197 RHM BR C-1490 Temas: Barcos | Buques de Pasajeros Fecha emisi\u00f3n: 1985-10-14 Tama\u00f1o: 41 x 31 mm Colores: Multicolor Dise\u00f1adores: Ivan Wasth Rodrigues &hellip;<\/p>\n<p class=\"read-more\"> <a class=\"thunk-readmore button\" href=\"https:\/\/filatelia.cuentista.es\/en\/product\/sello-brasil-1985-conexion-maritima-urca-500-cr-deteriorado\"> <span class=\"screen-reader-text\">Sello Brasil 1985 &#8211; Conexi\u00f3n Mar\u00edtima Urca &#8211; 500 Cr$ Deteriorado<\/span>Read More<\/a><\/p>","protected":false},"featured_media":6253,"comment_status":"open","ping_status":"closed","template":"","meta":{"_acf_changed":false},"product_brand":[],"product_cat":[1294,20],"product_tag":[],"class_list":{"0":"post-6254","1":"product","2":"type-product","3":"status-publish","4":"has-post-thumbnail","6":"product_cat-brasil","7":"product_cat-sellos-usados","8":"thunk-woo-product-list","9":"opn-qv-enable","10":"open-woo-hover-zoom","11":"open-single-product-tab-horizontal","12":"open-shadow-","13":"open-shadow-hover-","15":"first","16":"instock","17":"sale","18":"shipping-taxable","19":"purchasable","20":"product-type-simple"},"acf":[],"jetpack_sharing_enabled":true,"_links":{"self":[{"href":"https:\/\/filatelia.cuentista.es\/en\/wp-json\/wp\/v2\/product\/6254","targetHints":{"allow":["GET"]}}],"collection":[{"href":"https:\/\/filatelia.cuentista.es\/en\/wp-json\/wp\/v2\/product"}],"about":[{"href":"https:\/\/filatelia.cuentista.es\/en\/wp-json\/wp\/v2\/types\/product"}],"replies":[{"embeddable":true,"href":"https:\/\/filatelia.cuentista.es\/en\/wp-json\/wp\/v2\/comments?post=6254"}],"wp:featuredmedia":[{"embeddable":true,"href":"https:\/\/filatelia.cuentista.es\/en\/wp-json\/wp\/v2\/media\/6253"}],"wp:attachment":[{"href":"https:\/\/filatelia.cuentista.es\/en\/wp-json\/wp\/v2\/media?parent=6254"}],"wp:term":[{"taxonomy":"product_brand","embeddable":true,"href":"https:\/\/filatelia.cuentista.es\/en\/wp-json\/wp\/v2\/product_brand?post=6254"},{"taxonomy":"product_cat","embeddable":true,"href":"https:\/\/filatelia.cuentista.es\/en\/wp-json\/wp\/v2\/product_cat?post=6254"},{"taxonomy":"product_tag","embeddable":true,"href":"https:\/\/filatelia.cuentista.es\/en\/wp-json\/wp\/v2\/product_tag?post=6254"}],"curies":[{"name":"wp","href":"https:\/\/api.w.org\/{rel}","templated":true}]}}