{"id":6248,"date":"2024-11-07T19:28:18","date_gmt":"2024-11-07T19:28:18","guid":{"rendered":"https:\/\/filatelia.cuentista.es\/product\/correos-brasil-1985-numeral-50-cr-usado"},"modified":"2024-11-07T19:28:22","modified_gmt":"2024-11-07T19:28:22","slug":"correos-brasil-1985-numeral-50-cr-usado","status":"publish","type":"product","link":"https:\/\/filatelia.cuentista.es\/en\/product\/correos-brasil-1985-numeral-50-cr-usado","title":{"rendered":"Correos  Brasil 1985 &#8211; Numeral &#8211; 50 Cr$ Usado"},"content":{"rendered":"<p>Figures<\/p>\n<p><img class=\"size-full\"><\/p>\n<p>Pa\u00eds:<\/p>\n<p>Brasil<\/p>\n<p>Serie:<\/p>\n<p>Mark Post and Emblem<\/p>\n<p>C\u00f3digo de cat\u00e1logo:<\/p>\n<p>Michel BR 2111<\/p>\n<p>Stamp Number BR 1985<\/p>\n<p>Yvert et Tellier BR 1744<\/p>\n<p>Stanley Gibbons BR 2147<\/p>\n<p>RHM BR 633<\/p>\n<p>Temas:<\/p>\n<p>N\u00fameros<\/p>\n<p>Fecha emisi\u00f3n:<\/p>\n<p>1985-06-27<\/p>\n<p>Fecha de caducidad:<\/p>\n<p>1986-04<\/p>\n<p>Tama\u00f1o:<\/p>\n<p>26 x 22 mm<\/p>\n<p>Colores:<\/p>\n<p>Lila oscuro<\/p>\n<p>Marca de agua:<\/p>\n<p>Sin Marca de agua<\/p>\n<p>Impresores\/Imprentas:<\/p>\n<p>Casa da Moeda do Brasil<\/p>\n<p>Formato:<\/p>\n<p>Sello<\/p>\n<p>Emisi\u00f3n:<\/p>\n<p>Definitivo<\/p>\n<p>Perforaci\u00f3n:<\/p>\n<p>peine11\u00be x 11<\/p>\n<p>Impresi\u00f3n:<\/p>\n<p>Fotograbado<\/p>\n<p>Papel:<\/p>\n<p>Couch\u00e9 phosphorescent<\/p>\n<p>Goma:<\/p>\n<p>Lustroso<\/p>\n<p>Valor facial:<\/p>\n<p>50 Cruzeiro de Brasil<\/p>\n<p><a href=\"https:\/\/colnect.com\/stamps\/stamp\/264904\">https:\/\/colnect.com\/stamps\/stamp\/264904<\/a><\/p>","protected":false},"excerpt":{"rendered":"<p>Figures Pa\u00eds: Brasil Serie: Mark Post and Emblem C\u00f3digo de cat\u00e1logo: Michel BR 2111 Stamp Number BR 1985 Yvert et Tellier BR 1744 Stanley Gibbons BR 2147 RHM BR 633 Temas: N\u00fameros Fecha emisi\u00f3n: 1985-06-27 Fecha de caducidad: 1986-04 Tama\u00f1o: 26 x 22 mm Colores: Lila oscuro Marca de agua: Sin Marca de agua Impresores\/Imprentas: &hellip;<\/p>\n<p class=\"read-more\"> <a class=\"thunk-readmore button\" href=\"https:\/\/filatelia.cuentista.es\/en\/product\/correos-brasil-1985-numeral-50-cr-usado\"> <span class=\"screen-reader-text\">Correos  Brasil 1985 &#8211; Numeral &#8211; 50 Cr$ Usado<\/span>Read More<\/a><\/p>","protected":false},"featured_media":6247,"comment_status":"open","ping_status":"closed","template":"","meta":{"_acf_changed":false},"product_brand":[],"product_cat":[1294,20],"product_tag":[],"class_list":{"0":"post-6248","1":"product","2":"type-product","3":"status-publish","4":"has-post-thumbnail","6":"product_cat-brasil","7":"product_cat-sellos-usados","8":"thunk-woo-product-list","9":"opn-qv-enable","10":"open-woo-hover-zoom","11":"open-single-product-tab-horizontal","12":"open-shadow-","13":"open-shadow-hover-","15":"first","16":"instock","17":"shipping-taxable","18":"purchasable","19":"product-type-simple"},"acf":[],"jetpack_sharing_enabled":true,"_links":{"self":[{"href":"https:\/\/filatelia.cuentista.es\/en\/wp-json\/wp\/v2\/product\/6248","targetHints":{"allow":["GET"]}}],"collection":[{"href":"https:\/\/filatelia.cuentista.es\/en\/wp-json\/wp\/v2\/product"}],"about":[{"href":"https:\/\/filatelia.cuentista.es\/en\/wp-json\/wp\/v2\/types\/product"}],"replies":[{"embeddable":true,"href":"https:\/\/filatelia.cuentista.es\/en\/wp-json\/wp\/v2\/comments?post=6248"}],"wp:featuredmedia":[{"embeddable":true,"href":"https:\/\/filatelia.cuentista.es\/en\/wp-json\/wp\/v2\/media\/6247"}],"wp:attachment":[{"href":"https:\/\/filatelia.cuentista.es\/en\/wp-json\/wp\/v2\/media?parent=6248"}],"wp:term":[{"taxonomy":"product_brand","embeddable":true,"href":"https:\/\/filatelia.cuentista.es\/en\/wp-json\/wp\/v2\/product_brand?post=6248"},{"taxonomy":"product_cat","embeddable":true,"href":"https:\/\/filatelia.cuentista.es\/en\/wp-json\/wp\/v2\/product_cat?post=6248"},{"taxonomy":"product_tag","embeddable":true,"href":"https:\/\/filatelia.cuentista.es\/en\/wp-json\/wp\/v2\/product_tag?post=6248"}],"curies":[{"name":"wp","href":"https:\/\/api.w.org\/{rel}","templated":true}]}}