{"id":6240,"date":"2024-11-06T22:00:31","date_gmt":"2024-11-06T22:00:31","guid":{"rendered":"https:\/\/filatelia.cuentista.es\/product\/sello-argentina-1984-flores-flor-de-patito-a-100-usado"},"modified":"2024-11-06T22:00:35","modified_gmt":"2024-11-06T22:00:35","slug":"sello-argentina-1984-flores-flor-de-patito-a-100-usado","status":"publish","type":"product","link":"https:\/\/filatelia.cuentista.es\/en\/product\/sello-argentina-1984-flores-flor-de-patito-a-100-usado","title":{"rendered":"Sello Argentina 1984 &#8211; Flores: Flor de Patito- $a 100 Usado"},"content":{"rendered":"<p>Flor de Patito (Oncidium bifolium) &#8211; Fluo<\/p>\n<p><img class=\"size-full\"><\/p>\n<p>Pa\u00eds:<\/p>\n<p>Argentina<\/p>\n<p>Serie:<\/p>\n<p>Flowers &#8211; Peso Argentino<\/p>\n<p>C\u00f3digo de cat\u00e1logo:<\/p>\n<p>Michel AR 1714<\/p>\n<p>Stamp Number AR 1443<\/p>\n<p>Yvert et Tellier AR 1437<\/p>\n<p>Stanley Gibbons AR 1834<\/p>\n<p>Gz (Cefiloza) AR 1719<\/p>\n<p>G\u00f6tig and Jalil AR 2114<\/p>\n<p>Tiene variantes menores: 3<\/p>\n<p>Temas:<\/p>\n<p>Flores | Orqu\u00eddeas | Plantas (Flora)<\/p>\n<p>Fecha emisi\u00f3n:<\/p>\n<p>1984-11-09<\/p>\n<p>Tama\u00f1o:<\/p>\n<p>27 x 38.5 mm<\/p>\n<p>Colores:<\/p>\n<p>Multicolor<\/p>\n<p>Dise\u00f1adores:<\/p>\n<p>Julio Miguel Fouret<\/p>\n<p>Formato:<\/p>\n<p>Sello<\/p>\n<p>Emisi\u00f3n:<\/p>\n<p>Definitivo<\/p>\n<p>Perforaci\u00f3n:<\/p>\n<p>peine13\u00bd<\/p>\n<p>Impresi\u00f3n:<\/p>\n<p>Fotograbado<\/p>\n<p>Papel:<\/p>\n<p>fluorescent 2Ff (very strong at front, weak at back), semi glossy<\/p>\n<p>Valor facial:<\/p>\n<p>100 $a &#8211; Peso Argentino<\/p>\n<p>Puntuaci\u00f3n:<\/p>\n<p>21% Precisi\u00f3n: Muy alto<\/p>\n<p>Descripci\u00f3n:<\/p>\n<p>Colores claros. La parte trasera es oscura bajo la l\u00e1mpara UV. Papel: very white, thin, translucent<\/p>\n<p><a href=\"https:\/\/colnect.com\/stamps\/stamp\/778194\">https:\/\/colnect.com\/stamps\/stamp\/778194<\/a><\/p>","protected":false},"excerpt":{"rendered":"<p>Flor de Patito (Oncidium bifolium) &#8211; Fluo Pa\u00eds: Argentina Serie: Flowers &#8211; Peso Argentino C\u00f3digo de cat\u00e1logo: Michel AR 1714 Stamp Number AR 1443 Yvert et Tellier AR 1437 Stanley Gibbons AR 1834 Gz (Cefiloza) AR 1719 G\u00f6tig and Jalil AR 2114 Tiene variantes menores: 3 Temas: Flores | Orqu\u00eddeas | Plantas (Flora) Fecha emisi\u00f3n: &hellip;<\/p>\n<p class=\"read-more\"> <a class=\"thunk-readmore button\" href=\"https:\/\/filatelia.cuentista.es\/en\/product\/sello-argentina-1984-flores-flor-de-patito-a-100-usado\"> <span class=\"screen-reader-text\">Sello Argentina 1984 &#8211; Flores: Flor de Patito- $a 100 Usado<\/span>Read More<\/a><\/p>","protected":false},"featured_media":6239,"comment_status":"open","ping_status":"closed","template":"","meta":{"_acf_changed":false},"product_brand":[],"product_cat":[1568,20],"product_tag":[],"class_list":{"0":"post-6240","1":"product","2":"type-product","3":"status-publish","4":"has-post-thumbnail","6":"product_cat-argentina","7":"product_cat-sellos-usados","8":"thunk-woo-product-list","9":"opn-qv-enable","10":"open-woo-hover-zoom","11":"open-single-product-tab-horizontal","12":"open-shadow-","13":"open-shadow-hover-","15":"first","16":"instock","17":"shipping-taxable","18":"purchasable","19":"product-type-simple"},"acf":[],"jetpack_sharing_enabled":true,"_links":{"self":[{"href":"https:\/\/filatelia.cuentista.es\/en\/wp-json\/wp\/v2\/product\/6240","targetHints":{"allow":["GET"]}}],"collection":[{"href":"https:\/\/filatelia.cuentista.es\/en\/wp-json\/wp\/v2\/product"}],"about":[{"href":"https:\/\/filatelia.cuentista.es\/en\/wp-json\/wp\/v2\/types\/product"}],"replies":[{"embeddable":true,"href":"https:\/\/filatelia.cuentista.es\/en\/wp-json\/wp\/v2\/comments?post=6240"}],"wp:featuredmedia":[{"embeddable":true,"href":"https:\/\/filatelia.cuentista.es\/en\/wp-json\/wp\/v2\/media\/6239"}],"wp:attachment":[{"href":"https:\/\/filatelia.cuentista.es\/en\/wp-json\/wp\/v2\/media?parent=6240"}],"wp:term":[{"taxonomy":"product_brand","embeddable":true,"href":"https:\/\/filatelia.cuentista.es\/en\/wp-json\/wp\/v2\/product_brand?post=6240"},{"taxonomy":"product_cat","embeddable":true,"href":"https:\/\/filatelia.cuentista.es\/en\/wp-json\/wp\/v2\/product_cat?post=6240"},{"taxonomy":"product_tag","embeddable":true,"href":"https:\/\/filatelia.cuentista.es\/en\/wp-json\/wp\/v2\/product_tag?post=6240"}],"curies":[{"name":"wp","href":"https:\/\/api.w.org\/{rel}","templated":true}]}}