{"id":624,"date":"2024-07-20T06:40:18","date_gmt":"2024-07-20T06:40:18","guid":{"rendered":"https:\/\/filatelia.cuentista.es\/product\/europa-1961"},"modified":"2024-08-02T19:34:08","modified_gmt":"2024-08-02T19:34:08","slug":"europa-1961","status":"publish","type":"product","link":"https:\/\/filatelia.cuentista.es\/en\/product\/europa-1961","title":{"rendered":"Sobre Primer Dia &#8211; Sellos Europa 1961"},"content":{"rendered":"<p>Conferencia europea de las administraciones de correos Sobre Primer Dia &#8211; Sellos Europa 1961<\/p>\n<p class=\"p1\">La\u00a0<b>Conferencia Europea de Administraciones de Correos y Telecomunicaciones<\/b>\u00a0(<b>CEPT<\/b>, siglas de su nombre en franc\u00e9s\u00a0<i>Conf\u00e9rence europ\u00e9enne des administrations des postes et des t\u00e9l\u00e9communications<\/i>) es un organismo internacional que agrupa a las entidades responsables en la administraci\u00f3n p\u00fablica de cada pa\u00eds europeo de las pol\u00edticas y la regulaci\u00f3n de las\u00a0<a href=\"https:\/\/es.wikipedia.org\/wiki\/Comunicaciones\"><span class=\"s1\">comunicaciones<\/span><\/a>, tanto\u00a0<a href=\"https:\/\/es.wikipedia.org\/wiki\/Correo\"><span class=\"s1\">postales<\/span><\/a>\u00a0como de\u00a0<a href=\"https:\/\/es.wikipedia.org\/wiki\/Telecomunicaciones\"><span class=\"s1\">telecomunicaciones<\/span><\/a>.<\/p>\n<p class=\"p1\"><b>Los sobres de primer d\u00eda son objetos de colecci\u00f3n muy valorados por los filat\u00e9licos.<\/b> Estos sobres especiales se utilizan para enviar una carta el mismo d\u00eda en que se emite un nuevo sello postal. Al ser los primeros en utilizar ese sello en particular, adquieren un valor a\u00f1adido para los coleccionistas. Los sobres de primer d\u00eda suelen incluir un matasellos con la fecha de emisi\u00f3n y el nombre de la oficina de correos donde se expidi\u00f3 el sello, lo que los convierte en piezas \u00fanicas y aut\u00e9nticas. Adem\u00e1s de su valor filat\u00e9lico, estos sobres a menudo presentan dise\u00f1os atractivos y conmemorativos, relacionados con el tema del sello emitido, lo que los convierte en peque\u00f1os tesoros para los amantes de la historia y el arte postal.<\/p>","protected":false},"excerpt":{"rendered":"<p>SPD Europa 1961 &#8211; Dos valores<\/p>","protected":false},"featured_media":722,"comment_status":"open","ping_status":"closed","template":"","meta":{"_acf_changed":false},"product_brand":[],"product_cat":[19],"product_tag":[74,216,215,190,226,189],"class_list":{"0":"post-624","1":"product","2":"type-product","3":"status-publish","4":"has-post-thumbnail","6":"product_cat-spd-sobres-primer-dia","7":"product_tag-74","8":"product_tag-cept","9":"product_tag-europa","10":"product_tag-fdc","11":"product_tag-paloma","12":"product_tag-spd","13":"thunk-woo-product-list","14":"opn-qv-enable","15":"open-woo-hover-zoom","16":"open-single-product-tab-horizontal","17":"open-shadow-","18":"open-shadow-hover-","20":"first","21":"instock","22":"sale","23":"shipping-taxable","24":"purchasable","25":"product-type-simple"},"acf":[],"jetpack_sharing_enabled":true,"_links":{"self":[{"href":"https:\/\/filatelia.cuentista.es\/en\/wp-json\/wp\/v2\/product\/624","targetHints":{"allow":["GET"]}}],"collection":[{"href":"https:\/\/filatelia.cuentista.es\/en\/wp-json\/wp\/v2\/product"}],"about":[{"href":"https:\/\/filatelia.cuentista.es\/en\/wp-json\/wp\/v2\/types\/product"}],"replies":[{"embeddable":true,"href":"https:\/\/filatelia.cuentista.es\/en\/wp-json\/wp\/v2\/comments?post=624"}],"wp:featuredmedia":[{"embeddable":true,"href":"https:\/\/filatelia.cuentista.es\/en\/wp-json\/wp\/v2\/media\/722"}],"wp:attachment":[{"href":"https:\/\/filatelia.cuentista.es\/en\/wp-json\/wp\/v2\/media?parent=624"}],"wp:term":[{"taxonomy":"product_brand","embeddable":true,"href":"https:\/\/filatelia.cuentista.es\/en\/wp-json\/wp\/v2\/product_brand?post=624"},{"taxonomy":"product_cat","embeddable":true,"href":"https:\/\/filatelia.cuentista.es\/en\/wp-json\/wp\/v2\/product_cat?post=624"},{"taxonomy":"product_tag","embeddable":true,"href":"https:\/\/filatelia.cuentista.es\/en\/wp-json\/wp\/v2\/product_tag?post=624"}],"curies":[{"name":"wp","href":"https:\/\/api.w.org\/{rel}","templated":true}]}}