{"id":6234,"date":"2024-11-06T21:49:35","date_gmt":"2024-11-06T21:49:35","guid":{"rendered":"https:\/\/filatelia.cuentista.es\/product\/sello-brasil-1985-150-anos-conexion-maritima-500-c-usado"},"modified":"2024-11-06T21:49:38","modified_gmt":"2024-11-06T21:49:38","slug":"sello-brasil-1985-150-anos-conexion-maritima-500-c-usado","status":"publish","type":"product","link":"https:\/\/filatelia.cuentista.es\/en\/product\/sello-brasil-1985-150-anos-conexion-maritima-500-c-usado","title":{"rendered":"Sello Brasil 1985 &#8211; 150 a\u00f1os conexi\u00f3n mar\u00edtima &#8211; 500 C$ Usado"},"content":{"rendered":"<p>\u00abSegunda\u00bb, 1862<\/p>\n<p><img class=\"size-full\"><\/p>\n<p>Pa\u00eds:<\/p>\n<p>Brasil<\/p>\n<p>Serie:<\/p>\n<p>150th Anniversary of Rio de Janeiro-Niteroi Ferry Service<\/p>\n<p>C\u00f3digo de cat\u00e1logo:<\/p>\n<p>Michel BR 2149<\/p>\n<p>Stamp Number BR 2027<\/p>\n<p>Yvert et Tellier BR 1769<\/p>\n<p>Stanley Gibbons BR 2195<\/p>\n<p>RHM BR C-1488<\/p>\n<p>Temas:<\/p>\n<p>Barcos | Vapores<\/p>\n<p>Fecha emisi\u00f3n:<\/p>\n<p>1985-10-14<\/p>\n<p>Tama\u00f1o:<\/p>\n<p>41 x 31 mm<\/p>\n<p>Colores:<\/p>\n<p>Multicolor<\/p>\n<p>Dise\u00f1adores:<\/p>\n<p>Ivan Wasth Rodrigues<\/p>\n<p>Impresores\/Imprentas:<\/p>\n<p>Casa da Moeda do Brasil<\/p>\n<p>Formato:<\/p>\n<p>Sello<\/p>\n<p>Emisi\u00f3n:<\/p>\n<p>Conmemorativo<\/p>\n<p>Perforaci\u00f3n:<\/p>\n<p>peine11\u00be x 12<\/p>\n<p>Impresi\u00f3n:<\/p>\n<p>Litograf\u00eda offset<\/p>\n<p>Papel:<\/p>\n<p>phosphorescent<\/p>\n<p>Valor facial:<\/p>\n<p>500 Cruzeiro de Brasil<\/p>\n<p><a href=\"https:\/\/colnect.com\/stamps\/stamp\/196243\">https:\/\/colnect.com\/stamps\/stamp\/196243<\/a><\/p>","protected":false},"excerpt":{"rendered":"<p>\u00abSegunda\u00bb, 1862 Pa\u00eds: Brasil Serie: 150th Anniversary of Rio de Janeiro-Niteroi Ferry Service C\u00f3digo de cat\u00e1logo: Michel BR 2149 Stamp Number BR 2027 Yvert et Tellier BR 1769 Stanley Gibbons BR 2195 RHM BR C-1488 Temas: Barcos | Vapores Fecha emisi\u00f3n: 1985-10-14 Tama\u00f1o: 41 x 31 mm Colores: Multicolor Dise\u00f1adores: Ivan Wasth Rodrigues Impresores\/Imprentas: Casa &hellip;<\/p>\n<p class=\"read-more\"> <a class=\"thunk-readmore button\" href=\"https:\/\/filatelia.cuentista.es\/en\/product\/sello-brasil-1985-150-anos-conexion-maritima-500-c-usado\"> <span class=\"screen-reader-text\">Sello Brasil 1985 &#8211; 150 a\u00f1os conexi\u00f3n mar\u00edtima &#8211; 500 C$ Usado<\/span>Read More<\/a><\/p>","protected":false},"featured_media":6233,"comment_status":"open","ping_status":"closed","template":"","meta":{"_acf_changed":false},"product_brand":[],"product_cat":[1294,20],"product_tag":[1258],"class_list":{"0":"post-6234","1":"product","2":"type-product","3":"status-publish","4":"has-post-thumbnail","6":"product_cat-brasil","7":"product_cat-sellos-usados","8":"product_tag-barco","9":"thunk-woo-product-list","10":"opn-qv-enable","11":"open-woo-hover-zoom","12":"open-single-product-tab-horizontal","13":"open-shadow-","14":"open-shadow-hover-","16":"first","17":"instock","18":"shipping-taxable","19":"purchasable","20":"product-type-simple"},"acf":[],"jetpack_sharing_enabled":true,"_links":{"self":[{"href":"https:\/\/filatelia.cuentista.es\/en\/wp-json\/wp\/v2\/product\/6234","targetHints":{"allow":["GET"]}}],"collection":[{"href":"https:\/\/filatelia.cuentista.es\/en\/wp-json\/wp\/v2\/product"}],"about":[{"href":"https:\/\/filatelia.cuentista.es\/en\/wp-json\/wp\/v2\/types\/product"}],"replies":[{"embeddable":true,"href":"https:\/\/filatelia.cuentista.es\/en\/wp-json\/wp\/v2\/comments?post=6234"}],"wp:featuredmedia":[{"embeddable":true,"href":"https:\/\/filatelia.cuentista.es\/en\/wp-json\/wp\/v2\/media\/6233"}],"wp:attachment":[{"href":"https:\/\/filatelia.cuentista.es\/en\/wp-json\/wp\/v2\/media?parent=6234"}],"wp:term":[{"taxonomy":"product_brand","embeddable":true,"href":"https:\/\/filatelia.cuentista.es\/en\/wp-json\/wp\/v2\/product_brand?post=6234"},{"taxonomy":"product_cat","embeddable":true,"href":"https:\/\/filatelia.cuentista.es\/en\/wp-json\/wp\/v2\/product_cat?post=6234"},{"taxonomy":"product_tag","embeddable":true,"href":"https:\/\/filatelia.cuentista.es\/en\/wp-json\/wp\/v2\/product_tag?post=6234"}],"curies":[{"name":"wp","href":"https:\/\/api.w.org\/{rel}","templated":true}]}}