{"id":6230,"date":"2024-11-06T07:05:03","date_gmt":"2024-11-06T07:05:03","guid":{"rendered":"https:\/\/filatelia.cuentista.es\/product\/sello-brasil-1986-navidad-650-crz-usado"},"modified":"2024-11-06T07:05:06","modified_gmt":"2024-11-06T07:05:06","slug":"sello-brasil-1986-navidad-650-crz-usado","status":"publish","type":"product","link":"https:\/\/filatelia.cuentista.es\/en\/product\/sello-brasil-1986-navidad-650-crz-usado","title":{"rendered":"Sello Brasil 1986 &#8211; Navidad &#8211; 6,50 Crz Usado"},"content":{"rendered":"<p>Birds Around Tree with Christmas Decorations<\/p>\n<p><img class=\"size-full\"><\/p>\n<p>Pa\u00eds:<\/p>\n<p>Brasil<\/p>\n<p>Serie:<\/p>\n<p>Christmas 1986<\/p>\n<p>C\u00f3digo de cat\u00e1logo:<\/p>\n<p>Michel BR 2193<\/p>\n<p>Stamp Number BR 2090<\/p>\n<p>Yvert et Tellier BR 1812<\/p>\n<p>Stanley Gibbons BR 2257<\/p>\n<p>RHM BR C-1531<\/p>\n<p>Temas:<\/p>\n<p>Animales (Fauna) | Aves | Navidad<\/p>\n<p>Fecha emisi\u00f3n:<\/p>\n<p>1986-11-10<\/p>\n<p>Tama\u00f1o:<\/p>\n<p>41 x 31 mm<\/p>\n<p>Colores:<\/p>\n<p>Multicolor<\/p>\n<p>Dise\u00f1adores:<\/p>\n<p>Fernando Pedrosa<\/p>\n<p>Impresores\/Imprentas:<\/p>\n<p>Casa da Moeda do Brasil<\/p>\n<p>Formato:<\/p>\n<p>Sello<\/p>\n<p>Emisi\u00f3n:<\/p>\n<p>Conmemorativo<\/p>\n<p>Perforaci\u00f3n:<\/p>\n<p>peine11\u00bd x 12<\/p>\n<p>Impresi\u00f3n:<\/p>\n<p>Litograf\u00eda offset<\/p>\n<p>Valor facial:<\/p>\n<p>6,50 Cruzado Brasile\u00f1o<\/p>\n<p>Puntuaci\u00f3n:<\/p>\n<p>34% Precisi\u00f3n: Muy alto<\/p>\n<p>Art\u00edculos relacionados:<\/p>\n<p>Producto Filat\u00e9lico (relacionado): Natal 86 (Brasil, Brasil)<\/p>\n<p>Descripci\u00f3n:<\/p>\n<p>European Bee-eater (Merops apiaster), Crested Tit (Lophophanes cristatus), and Crested Caracara (Caracara plancus)<\/p>\n<p><a href=\"https:\/\/colnect.com\/stamps\/stamp\/196273\">https:\/\/colnect.com\/stamps\/stamp\/196273<\/a><\/p>","protected":false},"excerpt":{"rendered":"<p>Birds Around Tree with Christmas Decorations Pa\u00eds: Brasil Serie: Christmas 1986 C\u00f3digo de cat\u00e1logo: Michel BR 2193 Stamp Number BR 2090 Yvert et Tellier BR 1812 Stanley Gibbons BR 2257 RHM BR C-1531 Temas: Animales (Fauna) | Aves | Navidad Fecha emisi\u00f3n: 1986-11-10 Tama\u00f1o: 41 x 31 mm Colores: Multicolor Dise\u00f1adores: Fernando Pedrosa Impresores\/Imprentas: Casa &hellip;<\/p>\n<p class=\"read-more\"> <a class=\"thunk-readmore button\" href=\"https:\/\/filatelia.cuentista.es\/en\/product\/sello-brasil-1986-navidad-650-crz-usado\"> <span class=\"screen-reader-text\">Sello Brasil 1986 &#8211; Navidad &#8211; 6,50 Crz Usado<\/span>Read More<\/a><\/p>","protected":false},"featured_media":6229,"comment_status":"open","ping_status":"closed","template":"","meta":{"_acf_changed":false},"product_brand":[],"product_cat":[1294,20],"product_tag":[84,1117,105],"class_list":{"0":"post-6230","1":"product","2":"type-product","3":"status-publish","4":"has-post-thumbnail","6":"product_cat-brasil","7":"product_cat-sellos-usados","8":"product_tag-aves","9":"product_tag-dibujo","10":"product_tag-navidad","11":"thunk-woo-product-list","12":"opn-qv-enable","13":"open-woo-hover-zoom","14":"open-single-product-tab-horizontal","15":"open-shadow-","16":"open-shadow-hover-","18":"first","19":"instock","20":"sale","21":"shipping-taxable","22":"purchasable","23":"product-type-simple"},"acf":[],"jetpack_sharing_enabled":true,"_links":{"self":[{"href":"https:\/\/filatelia.cuentista.es\/en\/wp-json\/wp\/v2\/product\/6230","targetHints":{"allow":["GET"]}}],"collection":[{"href":"https:\/\/filatelia.cuentista.es\/en\/wp-json\/wp\/v2\/product"}],"about":[{"href":"https:\/\/filatelia.cuentista.es\/en\/wp-json\/wp\/v2\/types\/product"}],"replies":[{"embeddable":true,"href":"https:\/\/filatelia.cuentista.es\/en\/wp-json\/wp\/v2\/comments?post=6230"}],"wp:featuredmedia":[{"embeddable":true,"href":"https:\/\/filatelia.cuentista.es\/en\/wp-json\/wp\/v2\/media\/6229"}],"wp:attachment":[{"href":"https:\/\/filatelia.cuentista.es\/en\/wp-json\/wp\/v2\/media?parent=6230"}],"wp:term":[{"taxonomy":"product_brand","embeddable":true,"href":"https:\/\/filatelia.cuentista.es\/en\/wp-json\/wp\/v2\/product_brand?post=6230"},{"taxonomy":"product_cat","embeddable":true,"href":"https:\/\/filatelia.cuentista.es\/en\/wp-json\/wp\/v2\/product_cat?post=6230"},{"taxonomy":"product_tag","embeddable":true,"href":"https:\/\/filatelia.cuentista.es\/en\/wp-json\/wp\/v2\/product_tag?post=6230"}],"curies":[{"name":"wp","href":"https:\/\/api.w.org\/{rel}","templated":true}]}}