{"id":6218,"date":"2024-11-04T21:45:35","date_gmt":"2024-11-04T21:45:35","guid":{"rendered":"https:\/\/filatelia.cuentista.es\/product\/sello-brasil-1939-proclamacionde-la-republica-800-crz-verde-oliva-nuevo"},"modified":"2024-11-04T21:45:38","modified_gmt":"2024-11-04T21:45:38","slug":"sello-brasil-1939-proclamacionde-la-republica-800-crz-verde-oliva-nuevo","status":"publish","type":"product","link":"https:\/\/filatelia.cuentista.es\/en\/product\/sello-brasil-1939-proclamacionde-la-republica-800-crz-verde-oliva-nuevo","title":{"rendered":"Sello Brasil 1939 &#8211; Proclamaci\u00f3nde la Republica &#8211; 800 Crz Verde Oliva Nuevo"},"content":{"rendered":"<p>Marshal da Fonseco<\/p>\n<p><img class=\"size-full\"><\/p>\n<p>Pa\u00eds:<\/p>\n<p>Brasil<\/p>\n<p>Serie:<\/p>\n<p>50 years Republic<\/p>\n<p>C\u00f3digo de cat\u00e1logo:<\/p>\n<p>Michel BR 514<\/p>\n<p>Stamp Number BR 486<\/p>\n<p>Yvert et Tellier BR 358<\/p>\n<p>Stanley Gibbons BR 625<\/p>\n<p>RHM BR C-144<\/p>\n<p>Temas:<\/p>\n<p>Caballos | Oficiales Militares | Personajes Famosos<\/p>\n<p>Fecha emisi\u00f3n:<\/p>\n<p>1939-11-15<\/p>\n<p>Fecha de caducidad:<\/p>\n<p>1942-10-05<\/p>\n<p>Tama\u00f1o:<\/p>\n<p>22 x 34 mm<\/p>\n<p>Colores:<\/p>\n<p>Negro Gris<\/p>\n<p>Marca de agua:<\/p>\n<p>CORREIO BRASIL y C\u00edrculos (Sh) [Up]<\/p>\n<p>Impresores\/Imprentas:<\/p>\n<p>Litografia Guanabara<\/p>\n<p>Formato:<\/p>\n<p>Sello<\/p>\n<p>Emisi\u00f3n:<\/p>\n<p>Conmemorativo<\/p>\n<p>Perforaci\u00f3n:<\/p>\n<p>peine11<\/p>\n<p>Impresi\u00f3n:<\/p>\n<p>Rebaje<\/p>\n<p>Papel:<\/p>\n<p>white<\/p>\n<p>Goma:<\/p>\n<p>Ordinaria<\/p>\n<p>Valor facial:<\/p>\n<p>800 R &#8211; Reis (viejos) Brasile\u00f1os<\/p>\n<p>Tiraje:<\/p>\n<p>1.000.000<\/p>\n<p>Puntuaci\u00f3n:<\/p>\n<p>32% Precisi\u00f3n: Alta<\/p>\n<p>Descripci\u00f3n:<\/p>\n<p>Marshal Deodoro da Fonseca from the painting by Henrique Bernardelli.<\/p>\n<p><a href=\"https:\/\/colnect.com\/stamps\/stamp\/303700\">https:\/\/colnect.com\/stamps\/stamp\/303700<\/a><\/p>\n","protected":false},"excerpt":{"rendered":"<p>Marshal da Fonseco Pa\u00eds: Brasil Serie: 50 years Republic C\u00f3digo de cat\u00e1logo: Michel BR 514 Stamp Number BR 486 Yvert et Tellier BR 358 Stanley Gibbons BR 625 RHM BR C-144 Temas: Caballos | Oficiales Militares | Personajes Famosos Fecha emisi\u00f3n: 1939-11-15 Fecha de caducidad: 1942-10-05 Tama\u00f1o: 22 x 34 mm Colores: Negro Gris Marca &hellip;<\/p>\n<p class=\"read-more\"> <a class=\"thunk-readmore button\" href=\"https:\/\/filatelia.cuentista.es\/en\/product\/sello-brasil-1939-proclamacionde-la-republica-800-crz-verde-oliva-nuevo\"> <span class=\"screen-reader-text\">Sello Brasil 1939 &#8211; Proclamaci\u00f3nde la Republica &#8211; 800 Crz Verde Oliva Nuevo<\/span>Read More<\/a><\/p>","protected":false},"featured_media":6217,"comment_status":"open","ping_status":"closed","template":"","meta":{"_acf_changed":false},"product_brand":[],"product_cat":[1294,21],"product_tag":[762,44],"class_list":{"0":"post-6218","1":"product","2":"type-product","3":"status-publish","4":"has-post-thumbnail","6":"product_cat-brasil","7":"product_cat-sellos-nuevos","8":"product_tag-caballo","9":"product_tag-pintura","10":"thunk-woo-product-list","11":"opn-qv-enable","12":"open-woo-hover-zoom","13":"open-single-product-tab-horizontal","14":"open-shadow-","15":"open-shadow-hover-","17":"first","18":"instock","19":"shipping-taxable","20":"purchasable","21":"product-type-simple"},"acf":[],"jetpack_sharing_enabled":true,"_links":{"self":[{"href":"https:\/\/filatelia.cuentista.es\/en\/wp-json\/wp\/v2\/product\/6218","targetHints":{"allow":["GET"]}}],"collection":[{"href":"https:\/\/filatelia.cuentista.es\/en\/wp-json\/wp\/v2\/product"}],"about":[{"href":"https:\/\/filatelia.cuentista.es\/en\/wp-json\/wp\/v2\/types\/product"}],"replies":[{"embeddable":true,"href":"https:\/\/filatelia.cuentista.es\/en\/wp-json\/wp\/v2\/comments?post=6218"}],"wp:featuredmedia":[{"embeddable":true,"href":"https:\/\/filatelia.cuentista.es\/en\/wp-json\/wp\/v2\/media\/6217"}],"wp:attachment":[{"href":"https:\/\/filatelia.cuentista.es\/en\/wp-json\/wp\/v2\/media?parent=6218"}],"wp:term":[{"taxonomy":"product_brand","embeddable":true,"href":"https:\/\/filatelia.cuentista.es\/en\/wp-json\/wp\/v2\/product_brand?post=6218"},{"taxonomy":"product_cat","embeddable":true,"href":"https:\/\/filatelia.cuentista.es\/en\/wp-json\/wp\/v2\/product_cat?post=6218"},{"taxonomy":"product_tag","embeddable":true,"href":"https:\/\/filatelia.cuentista.es\/en\/wp-json\/wp\/v2\/product_tag?post=6218"}],"curies":[{"name":"wp","href":"https:\/\/api.w.org\/{rel}","templated":true}]}}