{"id":6200,"date":"2024-11-03T21:02:06","date_gmt":"2024-11-03T21:02:06","guid":{"rendered":"https:\/\/filatelia.cuentista.es\/product\/sello-uruguay-1965-natalicio-de-artigas-80c-usado"},"modified":"2024-11-03T21:02:09","modified_gmt":"2024-11-03T21:02:09","slug":"sello-uruguay-1965-natalicio-de-artigas-80c-usado","status":"publish","type":"product","link":"https:\/\/filatelia.cuentista.es\/en\/product\/sello-uruguay-1965-natalicio-de-artigas-80c-usado","title":{"rendered":"Sello Uruguay 1965 &#8211; Natalicio de Artigas &#8211; 80c Usado"},"content":{"rendered":"<p>General Jos\u00e9 Artigas and Flag<\/p>\n<p><img class=\"size-full\"><img class=\"size-full\"><\/p>\n<p>Pa\u00eds:<\/p>\n<p>Uruguay<\/p>\n<p>Serie:<\/p>\n<p>200th Birthday of General Jose Artigas<\/p>\n<p>C\u00f3digo de cat\u00e1logo:<\/p>\n<p>Ciardi UY 732a<\/p>\n<p>Variante menor de #399754<\/p>\n<p>Temas:<\/p>\n<p>Banderas | Generales | Oficiales Militares| Personajes Famosos | Personajes de la Independencia<\/p>\n<p>Fecha emisi\u00f3n:<\/p>\n<p>1965-05-17<\/p>\n<p>Colores:<\/p>\n<p>Multicolor<\/p>\n<p>Marca de agua:<\/p>\n<p>Escudo de Armas Uruguay (Sh) [Up]<\/p>\n<p>Dise\u00f1adores:<\/p>\n<p>Rudy Grams<\/p>\n<p>Impresores\/Imprentas:<\/p>\n<p>Impresora Uruguaya Colombino S.A.<\/p>\n<p>Formato:<\/p>\n<p>Sello<\/p>\n<p>Emisi\u00f3n:<\/p>\n<p>Conmemorativo<\/p>\n<p>Perforaci\u00f3n:<\/p>\n<p>peine12 x 11\u00bd<\/p>\n<p>Impresi\u00f3n:<\/p>\n<p>Fotograbado<\/p>\n<p>Papel:<\/p>\n<p>fluorescent<\/p>\n<p>Valor facial:<\/p>\n<p>80 Cent\u00e9simo Uruguayo<\/p>\n<p><a href=\"https:\/\/colnect.com\/stamps\/stamp\/1010755\">https:\/\/colnect.com\/stamps\/stamp\/1010755<\/a><\/p>\n","protected":false},"excerpt":{"rendered":"<p>General Jos\u00e9 Artigas and Flag Pa\u00eds: Uruguay Serie: 200th Birthday of General Jose Artigas C\u00f3digo de cat\u00e1logo: Ciardi UY 732a Variante menor de #399754 Temas: Banderas | Generales | Oficiales Militares| Personajes Famosos | Personajes de la Independencia Fecha emisi\u00f3n: 1965-05-17 Colores: Multicolor Marca de agua: Escudo de Armas Uruguay (Sh) [Up] Dise\u00f1adores: Rudy Grams &hellip;<\/p>\n<p class=\"read-more\"> <a class=\" thunk-readmore button \" href=\"https:\/\/filatelia.cuentista.es\/en\/product\/sello-uruguay-1965-natalicio-de-artigas-80c-usado\"> <span class=\"screen-reader-text\">Sello Uruguay 1965 &#8211; Natalicio de Artigas &#8211; 80c Usado<\/span>Read More<\/a><\/p>\n","protected":false},"featured_media":6199,"comment_status":"open","ping_status":"closed","template":"","meta":{"_acf_changed":false},"product_brand":[],"product_cat":[763,20],"product_tag":[],"class_list":{"0":"post-6200","1":"product","2":"type-product","3":"status-publish","4":"has-post-thumbnail","6":"product_cat-uruguay","7":"product_cat-sellos-usados","8":"thunk-woo-product-list","9":"opn-qv-enable","10":"open-woo-hover-zoom","11":"open-single-product-tab-horizontal","12":"open-shadow-","13":"open-shadow-hover-","15":"first","16":"instock","17":"shipping-taxable","18":"purchasable","19":"product-type-simple"},"acf":[],"jetpack_sharing_enabled":true,"_links":{"self":[{"href":"https:\/\/filatelia.cuentista.es\/en\/wp-json\/wp\/v2\/product\/6200","targetHints":{"allow":["GET"]}}],"collection":[{"href":"https:\/\/filatelia.cuentista.es\/en\/wp-json\/wp\/v2\/product"}],"about":[{"href":"https:\/\/filatelia.cuentista.es\/en\/wp-json\/wp\/v2\/types\/product"}],"replies":[{"embeddable":true,"href":"https:\/\/filatelia.cuentista.es\/en\/wp-json\/wp\/v2\/comments?post=6200"}],"wp:featuredmedia":[{"embeddable":true,"href":"https:\/\/filatelia.cuentista.es\/en\/wp-json\/wp\/v2\/media\/6199"}],"wp:attachment":[{"href":"https:\/\/filatelia.cuentista.es\/en\/wp-json\/wp\/v2\/media?parent=6200"}],"wp:term":[{"taxonomy":"product_brand","embeddable":true,"href":"https:\/\/filatelia.cuentista.es\/en\/wp-json\/wp\/v2\/product_brand?post=6200"},{"taxonomy":"product_cat","embeddable":true,"href":"https:\/\/filatelia.cuentista.es\/en\/wp-json\/wp\/v2\/product_cat?post=6200"},{"taxonomy":"product_tag","embeddable":true,"href":"https:\/\/filatelia.cuentista.es\/en\/wp-json\/wp\/v2\/product_tag?post=6200"}],"curies":[{"name":"wp","href":"https:\/\/api.w.org\/{rel}","templated":true}]}}