{"id":617,"date":"2024-07-20T06:40:15","date_gmt":"2024-07-20T06:40:15","guid":{"rendered":"https:\/\/filatelia.cuentista.es\/product\/mapas-svenska-kartor"},"modified":"2024-07-23T20:02:38","modified_gmt":"2024-07-23T20:02:38","slug":"mapas-svenska-kartor","status":"publish","type":"product","link":"https:\/\/filatelia.cuentista.es\/en\/product\/mapas-svenska-kartor","title":{"rendered":"Mapas &#8211; SVENSKA KARTOR &#8211; SPD Suecia 1991"},"content":{"rendered":"<p>Mapas &#8211; SVENSKA KARTOR &#8211; SPD Suecia 1991<\/p>\n<p class=\"p1\"><b>Los sobres de primer d\u00eda son objetos de colecci\u00f3n muy valorados por los filat\u00e9licos.<\/b> Estos sobres especiales se utilizan para enviar una carta el mismo d\u00eda en que se emite un nuevo sello postal. Al ser los primeros en utilizar ese sello en particular, adquieren un valor a\u00f1adido para los coleccionistas. Los sobres de primer d\u00eda suelen incluir un matasellos con la fecha de emisi\u00f3n y el nombre de la oficina de correos donde se expidi\u00f3 el sello, lo que los convierte en piezas \u00fanicas y aut\u00e9nticas. Adem\u00e1s de su valor filat\u00e9lico, estos sobres a menudo presentan dise\u00f1os atractivos y conmemorativos, relacionados con el tema del sello emitido, lo que los convierte en peque\u00f1os tesoros para los amantes de la historia y el arte postal.<\/p>\n<p data-sourcepos=\"3:1-3:67\">Los <strong>mapas<\/strong> han tenido una presencia importante en la <strong>filatelia<\/strong> desde los inicios de este pasatiempo. Su inclusi\u00f3n en sellos postales ha servido para <strong>conmemorar eventos hist\u00f3ricos, explorar la geograf\u00eda de diferentes pa\u00edses y culturas, y celebrar la belleza del mundo natural<\/strong>.<\/p>\n<p data-sourcepos=\"5:1-5:93\"><strong>La colecci\u00f3n tem\u00e1tica de mapas<\/strong> es una rama fascinante de la filatelia que se centra en <strong>sellos que representan mapas, globos terr\u00e1queos o cartas n\u00e1uticas<\/strong>. Los coleccionistas pueden enfocarse en un \u00e1rea geogr\u00e1fica espec\u00edfica, una \u00e9poca hist\u00f3rica particular o un tipo de mapa en concreto.<\/p>","protected":false},"excerpt":{"rendered":"<p>Mapas &#8211; SVENSKA KARTOR &#8211; SPD Suecia 1991<\/p>\n<p>Swedish old maps<\/p>","protected":false},"featured_media":744,"comment_status":"open","ping_status":"closed","template":"","meta":{"_acf_changed":false},"product_brand":[],"product_cat":[26,19],"product_tag":[133,190,241,240,148,189,174],"class_list":{"0":"post-617","1":"product","2":"type-product","3":"status-publish","4":"has-post-thumbnail","6":"product_cat-hoja-souvenir","7":"product_cat-spd-sobres-primer-dia","8":"product_tag-133","9":"product_tag-fdc","10":"product_tag-hojita","11":"product_tag-kartor","12":"product_tag-mapas","13":"product_tag-spd","14":"product_tag-suecia","15":"thunk-woo-product-list","16":"opn-qv-enable","17":"open-woo-hover-zoom","18":"open-single-product-tab-horizontal","19":"open-shadow-","20":"open-shadow-hover-","22":"first","23":"instock","24":"sale","25":"shipping-taxable","26":"purchasable","27":"product-type-simple"},"acf":[],"jetpack_sharing_enabled":true,"_links":{"self":[{"href":"https:\/\/filatelia.cuentista.es\/en\/wp-json\/wp\/v2\/product\/617","targetHints":{"allow":["GET"]}}],"collection":[{"href":"https:\/\/filatelia.cuentista.es\/en\/wp-json\/wp\/v2\/product"}],"about":[{"href":"https:\/\/filatelia.cuentista.es\/en\/wp-json\/wp\/v2\/types\/product"}],"replies":[{"embeddable":true,"href":"https:\/\/filatelia.cuentista.es\/en\/wp-json\/wp\/v2\/comments?post=617"}],"wp:featuredmedia":[{"embeddable":true,"href":"https:\/\/filatelia.cuentista.es\/en\/wp-json\/wp\/v2\/media\/744"}],"wp:attachment":[{"href":"https:\/\/filatelia.cuentista.es\/en\/wp-json\/wp\/v2\/media?parent=617"}],"wp:term":[{"taxonomy":"product_brand","embeddable":true,"href":"https:\/\/filatelia.cuentista.es\/en\/wp-json\/wp\/v2\/product_brand?post=617"},{"taxonomy":"product_cat","embeddable":true,"href":"https:\/\/filatelia.cuentista.es\/en\/wp-json\/wp\/v2\/product_cat?post=617"},{"taxonomy":"product_tag","embeddable":true,"href":"https:\/\/filatelia.cuentista.es\/en\/wp-json\/wp\/v2\/product_tag?post=617"}],"curies":[{"name":"wp","href":"https:\/\/api.w.org\/{rel}","templated":true}]}}