{"id":6155,"date":"2024-11-02T21:15:12","date_gmt":"2024-11-02T21:15:12","guid":{"rendered":"https:\/\/filatelia.cuentista.es\/product\/semipliego-sellos-ruanda-1971-500-aniversario-nacimiento-albrecht-durer-20-sellos-20c-1-vineta"},"modified":"2024-11-02T21:15:16","modified_gmt":"2024-11-02T21:15:16","slug":"semipliego-sellos-ruanda-1971-500-aniversario-nacimiento-albrecht-durer-20-sellos-20c-1-vineta","status":"publish","type":"product","link":"https:\/\/filatelia.cuentista.es\/en\/product\/semipliego-sellos-ruanda-1971-500-aniversario-nacimiento-albrecht-durer-20-sellos-20c-1-vineta","title":{"rendered":"Semipliego sellos Ruanda 1971 &#8211; 500 Aniversario Nacimiento Albrecht Durer &#8211; 20 sellos 20c + 1 Vi\u00f1eta"},"content":{"rendered":"<p>Adam<\/p>\n<p><img class=\"size-full\"><\/p>\n<p>Pa\u00eds:<\/p>\n<p>Ruanda<\/p>\n<p>Serie:<\/p>\n<p>Paintings by Albert D\u00fcrer (1471-1528)<\/p>\n<p>C\u00f3digo de cat\u00e1logo:<\/p>\n<p>Michel RW 465A<\/p>\n<p>Stamp Number RW 423<\/p>\n<p>Yvert et Tellier RW 430<\/p>\n<p>Stanley Gibbons RW 434<\/p>\n<p>B\u00e9lgica RW 430<\/p>\n<p>Variantes:<\/p>\n<p>Click para ver variantes<\/p>\n<p>Temas:<\/p>\n<p>Arte | Desnudos | Pintores | Pinturas<\/p>\n<p>Fecha emisi\u00f3n:<\/p>\n<p>1971-12-31<\/p>\n<p>Tama\u00f1o:<\/p>\n<p>33 x 51 mm<\/p>\n<p>Colores:<\/p>\n<p>Multicolor<\/p>\n<p>Formato:<\/p>\n<p>Sello<\/p>\n<p>Emisi\u00f3n:<\/p>\n<p>Conmemorativo<\/p>\n<p>Perforaci\u00f3n:<\/p>\n<p>peine13\u00bd<\/p>\n<p>Impresi\u00f3n:<\/p>\n<p>Fotograbado<\/p>\n<p>Valor facial:<\/p>\n<p>20 c &#8211; C\u00e9ntimo de Ruanda<\/p>\n<p>Tiraje:<\/p>\n<p>35.000<\/p>\n<p>Puntuaci\u00f3n:<\/p>\n<p>6% Precisi\u00f3n: Muy alto<\/p>\n<p>Descripci\u00f3n:<\/p>\n<p>Detail of painting Adam and Eve in Prado Museum,Madrid Spain<\/p>\n<p><a href=\"https:\/\/colnect.com\/stamps\/stamp\/258853\">https:\/\/colnect.com\/stamps\/stamp\/258853<\/a><\/p>","protected":false},"excerpt":{"rendered":"<p>Adam Pa\u00eds: Ruanda Serie: Paintings by Albert D\u00fcrer (1471-1528) C\u00f3digo de cat\u00e1logo: Michel RW 465A Stamp Number RW 423 Yvert et Tellier RW 430 Stanley Gibbons RW 434 B\u00e9lgica RW 430 Variantes: Click para ver variantes Temas: Arte | Desnudos | Pintores | Pinturas Fecha emisi\u00f3n: 1971-12-31 Tama\u00f1o: 33 x 51 mm Colores: Multicolor Formato: &hellip;<\/p>\n<p class=\"read-more\"> <a class=\"thunk-readmore button\" href=\"https:\/\/filatelia.cuentista.es\/en\/product\/semipliego-sellos-ruanda-1971-500-aniversario-nacimiento-albrecht-durer-20-sellos-20c-1-vineta\"> <span class=\"screen-reader-text\">Semipliego sellos Ruanda 1971 &#8211; 500 Aniversario Nacimiento Albrecht Durer &#8211; 20 sellos 20c + 1 Vi\u00f1eta<\/span>Read More<\/a><\/p>","protected":false},"featured_media":6154,"comment_status":"open","ping_status":"closed","template":"","meta":{"_acf_changed":false},"product_brand":[],"product_cat":[660,1537,21],"product_tag":[1562,44,1561],"class_list":{"0":"post-6155","1":"product","2":"type-product","3":"status-publish","4":"has-post-thumbnail","6":"product_cat-pliego","7":"product_cat-ruanda-rwanda","8":"product_cat-sellos-nuevos","9":"product_tag-adan","10":"product_tag-pintura","11":"product_tag-prado","12":"thunk-woo-product-list","13":"opn-qv-enable","14":"open-woo-hover-zoom","15":"open-single-product-tab-horizontal","16":"open-shadow-","17":"open-shadow-hover-","19":"first","20":"instock","21":"shipping-taxable","22":"purchasable","23":"product-type-simple"},"acf":[],"jetpack_sharing_enabled":true,"_links":{"self":[{"href":"https:\/\/filatelia.cuentista.es\/en\/wp-json\/wp\/v2\/product\/6155","targetHints":{"allow":["GET"]}}],"collection":[{"href":"https:\/\/filatelia.cuentista.es\/en\/wp-json\/wp\/v2\/product"}],"about":[{"href":"https:\/\/filatelia.cuentista.es\/en\/wp-json\/wp\/v2\/types\/product"}],"replies":[{"embeddable":true,"href":"https:\/\/filatelia.cuentista.es\/en\/wp-json\/wp\/v2\/comments?post=6155"}],"wp:featuredmedia":[{"embeddable":true,"href":"https:\/\/filatelia.cuentista.es\/en\/wp-json\/wp\/v2\/media\/6154"}],"wp:attachment":[{"href":"https:\/\/filatelia.cuentista.es\/en\/wp-json\/wp\/v2\/media?parent=6155"}],"wp:term":[{"taxonomy":"product_brand","embeddable":true,"href":"https:\/\/filatelia.cuentista.es\/en\/wp-json\/wp\/v2\/product_brand?post=6155"},{"taxonomy":"product_cat","embeddable":true,"href":"https:\/\/filatelia.cuentista.es\/en\/wp-json\/wp\/v2\/product_cat?post=6155"},{"taxonomy":"product_tag","embeddable":true,"href":"https:\/\/filatelia.cuentista.es\/en\/wp-json\/wp\/v2\/product_tag?post=6155"}],"curies":[{"name":"wp","href":"https:\/\/api.w.org\/{rel}","templated":true}]}}