{"id":6153,"date":"2024-11-02T16:34:55","date_gmt":"2024-11-02T16:34:55","guid":{"rendered":"https:\/\/filatelia.cuentista.es\/product\/semipliego-de-sellos-ruanda-1979-caballos-en-la-pintura-gericault-20-sellos-de-20c-1-vineta"},"modified":"2024-11-02T16:34:58","modified_gmt":"2024-11-02T16:34:58","slug":"semipliego-de-sellos-ruanda-1979-caballos-en-la-pintura-gericault-20-sellos-de-20c-1-vineta","status":"publish","type":"product","link":"https:\/\/filatelia.cuentista.es\/en\/product\/semipliego-de-sellos-ruanda-1979-caballos-en-la-pintura-gericault-20-sellos-de-20c-1-vineta","title":{"rendered":"Semipliego de Sellos Ruanda 1979 &#8211; Caballos en la Pintura: Gericault &#8211; 20 sellos de 20c + 1 Vi\u00f1eta."},"content":{"rendered":"<p>The Epsom Derby by Th\u00e9odore Gericault<\/p>\n<p><img class=\"size-full\"><\/p>\n<p>Pa\u00eds:<\/p>\n<p>Ruanda<\/p>\n<p>Serie:<\/p>\n<p>The horse in the Painting Art<\/p>\n<p>C\u00f3digo de cat\u00e1logo:<\/p>\n<p>Michel RW 367A<\/p>\n<p>Stamp Number RW 326<\/p>\n<p>Yvert et Tellier RW 338<\/p>\n<p>Stanley Gibbons RW 336<\/p>\n<p>B\u00e9lgica RW 338<\/p>\n<p>Variantes:<\/p>\n<p>Click para ver variantes<\/p>\n<p>Temas:<\/p>\n<p>Animales (Fauna) | Arte | Caballos | Deportes | Equitaci\u00f3n y Montar a Caballo| Mam\u00edferos | Pinturas<\/p>\n<p>Fecha emisi\u00f3n:<\/p>\n<p>1970-03-31<\/p>\n<p>Tama\u00f1o:<\/p>\n<p>47 x 33 mm<\/p>\n<p>Colores:<\/p>\n<p>Multicolor<\/p>\n<p>Formato:<\/p>\n<p>Sello<\/p>\n<p>Emisi\u00f3n:<\/p>\n<p>Conmemorativo<\/p>\n<p>Perforaci\u00f3n:<\/p>\n<p>l\u00ednea13\u00bd<\/p>\n<p>Impresi\u00f3n:<\/p>\n<p>Fotograbado<\/p>\n<p>Valor facial:<\/p>\n<p>20 c &#8211; C\u00e9ntimo de Ruanda<\/p>\n<p>Tiraje:<\/p>\n<p>35.000<\/p>\n<p><a href=\"https:\/\/colnect.com\/stamps\/stamp\/258459\">https:\/\/colnect.com\/stamps\/stamp\/258459<\/a><\/p>","protected":false},"excerpt":{"rendered":"<p>The Epsom Derby by Th\u00e9odore Gericault Pa\u00eds: Ruanda Serie: The horse in the Painting Art C\u00f3digo de cat\u00e1logo: Michel RW 367A Stamp Number RW 326 Yvert et Tellier RW 338 Stanley Gibbons RW 336 B\u00e9lgica RW 338 Variantes: Click para ver variantes Temas: Animales (Fauna) | Arte | Caballos | Deportes | Equitaci\u00f3n y Montar &hellip;<\/p>\n<p class=\"read-more\"> <a class=\"thunk-readmore button\" href=\"https:\/\/filatelia.cuentista.es\/en\/product\/semipliego-de-sellos-ruanda-1979-caballos-en-la-pintura-gericault-20-sellos-de-20c-1-vineta\"> <span class=\"screen-reader-text\">Semipliego de Sellos Ruanda 1979 &#8211; Caballos en la Pintura: Gericault &#8211; 20 sellos de 20c + 1 Vi\u00f1eta.<\/span>Read More<\/a><\/p>","protected":false},"featured_media":6152,"comment_status":"open","ping_status":"closed","template":"","meta":{"_acf_changed":false},"product_brand":[],"product_cat":[660,1537,21],"product_tag":[],"class_list":{"0":"post-6153","1":"product","2":"type-product","3":"status-publish","4":"has-post-thumbnail","6":"product_cat-pliego","7":"product_cat-ruanda-rwanda","8":"product_cat-sellos-nuevos","9":"thunk-woo-product-list","10":"opn-qv-enable","11":"open-woo-hover-zoom","12":"open-single-product-tab-horizontal","13":"open-shadow-","14":"open-shadow-hover-","16":"first","17":"instock","18":"shipping-taxable","19":"purchasable","20":"product-type-simple"},"acf":[],"jetpack_sharing_enabled":true,"_links":{"self":[{"href":"https:\/\/filatelia.cuentista.es\/en\/wp-json\/wp\/v2\/product\/6153","targetHints":{"allow":["GET"]}}],"collection":[{"href":"https:\/\/filatelia.cuentista.es\/en\/wp-json\/wp\/v2\/product"}],"about":[{"href":"https:\/\/filatelia.cuentista.es\/en\/wp-json\/wp\/v2\/types\/product"}],"replies":[{"embeddable":true,"href":"https:\/\/filatelia.cuentista.es\/en\/wp-json\/wp\/v2\/comments?post=6153"}],"wp:featuredmedia":[{"embeddable":true,"href":"https:\/\/filatelia.cuentista.es\/en\/wp-json\/wp\/v2\/media\/6152"}],"wp:attachment":[{"href":"https:\/\/filatelia.cuentista.es\/en\/wp-json\/wp\/v2\/media?parent=6153"}],"wp:term":[{"taxonomy":"product_brand","embeddable":true,"href":"https:\/\/filatelia.cuentista.es\/en\/wp-json\/wp\/v2\/product_brand?post=6153"},{"taxonomy":"product_cat","embeddable":true,"href":"https:\/\/filatelia.cuentista.es\/en\/wp-json\/wp\/v2\/product_cat?post=6153"},{"taxonomy":"product_tag","embeddable":true,"href":"https:\/\/filatelia.cuentista.es\/en\/wp-json\/wp\/v2\/product_tag?post=6153"}],"curies":[{"name":"wp","href":"https:\/\/api.w.org\/{rel}","templated":true}]}}