{"id":6139,"date":"2024-11-02T06:42:09","date_gmt":"2024-11-02T06:42:09","guid":{"rendered":"https:\/\/filatelia.cuentista.es\/product\/pliego-sellos-ruanda-astrilo-ondule-20-sellos-de-20c"},"modified":"2024-11-02T06:56:09","modified_gmt":"2024-11-02T06:56:09","slug":"pliego-sellos-ruanda-astrilo-ondule-20-sellos-de-20c","status":"publish","type":"product","link":"https:\/\/filatelia.cuentista.es\/en\/product\/pliego-sellos-ruanda-astrilo-ondule-20-sellos-de-20c","title":{"rendered":"Pliego Sellos Ruanda 1972 &#8211; Astrilo Ondule &#8211; 20 sellos de 20c"},"content":{"rendered":"<p>Common Waxbill (Estrilda astrild), Hibiscus<\/p>\n<p><img class=\"size-full\"><\/p>\n<p>Pa\u00eds:<\/p>\n<p>Ruanda<\/p>\n<p>Serie:<\/p>\n<p>Native Birds<\/p>\n<p>C\u00f3digo de cat\u00e1logo:<\/p>\n<p>Michel RW 500A<\/p>\n<p>Stamp Number RW 457<\/p>\n<p>Yvert et Tellier RW 464<\/p>\n<p>Stanley Gibbons RW 469<\/p>\n<p>B\u00e9lgica RW 464<\/p>\n<p>Variantes:<\/p>\n<p>Click para ver variantes<\/p>\n<p>Temas:<\/p>\n<p>Animales (Fauna) | Aves<\/p>\n<p>Fecha emisi\u00f3n:<\/p>\n<p>1972-05-17<\/p>\n<p>Tama\u00f1o:<\/p>\n<p>36 x 36 mm<\/p>\n<p>Colores:<\/p>\n<p>Multicolor<\/p>\n<p>Formato:<\/p>\n<p>Sello<\/p>\n<p>Emisi\u00f3n:<\/p>\n<p>Conmemorativo<\/p>\n<p>Perforaci\u00f3n:<\/p>\n<p>l\u00ednea13\u00bd<\/p>\n<p>Impresi\u00f3n:<\/p>\n<p>Fotograbado<\/p>\n<p>Valor facial:<\/p>\n<p>20 c &#8211; C\u00e9ntimo de Ruanda<\/p>\n<p><a href=\"https:\/\/colnect.com\/stamps\/stamp\/266256\">https:\/\/colnect.com\/stamps\/stamp\/266256<\/a><\/p>","protected":false},"excerpt":{"rendered":"<p>Common Waxbill (Estrilda astrild), Hibiscus Pa\u00eds: Ruanda Serie: Native Birds C\u00f3digo de cat\u00e1logo: Michel RW 500A Stamp Number RW 457 Yvert et Tellier RW 464 Stanley Gibbons RW 469 B\u00e9lgica RW 464 Variantes: Click para ver variantes Temas: Animales (Fauna) | Aves Fecha emisi\u00f3n: 1972-05-17 Tama\u00f1o: 36 x 36 mm Colores: Multicolor Formato: Sello Emisi\u00f3n: &hellip;<\/p>\n<p class=\"read-more\"> <a class=\"thunk-readmore button\" href=\"https:\/\/filatelia.cuentista.es\/en\/product\/pliego-sellos-ruanda-astrilo-ondule-20-sellos-de-20c\"> <span class=\"screen-reader-text\">Pliego Sellos Ruanda 1972 &#8211; Astrilo Ondule &#8211; 20 sellos de 20c<\/span>Read More<\/a><\/p>","protected":false},"featured_media":6138,"comment_status":"open","ping_status":"closed","template":"","meta":{"_acf_changed":false},"product_brand":[],"product_cat":[660,1537,21],"product_tag":[84,945],"class_list":{"0":"post-6139","1":"product","2":"type-product","3":"status-publish","4":"has-post-thumbnail","6":"product_cat-pliego","7":"product_cat-ruanda-rwanda","8":"product_cat-sellos-nuevos","9":"product_tag-aves","10":"product_tag-fauna","11":"thunk-woo-product-list","12":"opn-qv-enable","13":"open-woo-hover-zoom","14":"open-single-product-tab-horizontal","15":"open-shadow-","16":"open-shadow-hover-","18":"first","19":"instock","20":"shipping-taxable","21":"purchasable","22":"product-type-simple"},"acf":[],"jetpack_sharing_enabled":true,"_links":{"self":[{"href":"https:\/\/filatelia.cuentista.es\/en\/wp-json\/wp\/v2\/product\/6139","targetHints":{"allow":["GET"]}}],"collection":[{"href":"https:\/\/filatelia.cuentista.es\/en\/wp-json\/wp\/v2\/product"}],"about":[{"href":"https:\/\/filatelia.cuentista.es\/en\/wp-json\/wp\/v2\/types\/product"}],"replies":[{"embeddable":true,"href":"https:\/\/filatelia.cuentista.es\/en\/wp-json\/wp\/v2\/comments?post=6139"}],"wp:featuredmedia":[{"embeddable":true,"href":"https:\/\/filatelia.cuentista.es\/en\/wp-json\/wp\/v2\/media\/6138"}],"wp:attachment":[{"href":"https:\/\/filatelia.cuentista.es\/en\/wp-json\/wp\/v2\/media?parent=6139"}],"wp:term":[{"taxonomy":"product_brand","embeddable":true,"href":"https:\/\/filatelia.cuentista.es\/en\/wp-json\/wp\/v2\/product_brand?post=6139"},{"taxonomy":"product_cat","embeddable":true,"href":"https:\/\/filatelia.cuentista.es\/en\/wp-json\/wp\/v2\/product_cat?post=6139"},{"taxonomy":"product_tag","embeddable":true,"href":"https:\/\/filatelia.cuentista.es\/en\/wp-json\/wp\/v2\/product_tag?post=6139"}],"curies":[{"name":"wp","href":"https:\/\/api.w.org\/{rel}","templated":true}]}}