{"id":6131,"date":"2024-11-01T21:59:30","date_gmt":"2024-11-01T21:59:30","guid":{"rendered":"https:\/\/filatelia.cuentista.es\/product\/semipliego-sellos-ruanda-1974-laboratorio-flotante-de-marconi-30-sellos-de-20c-nuevos"},"modified":"2024-11-01T21:59:33","modified_gmt":"2024-11-01T21:59:33","slug":"semipliego-sellos-ruanda-1974-laboratorio-flotante-de-marconi-30-sellos-de-20c-nuevos","status":"publish","type":"product","link":"https:\/\/filatelia.cuentista.es\/en\/product\/semipliego-sellos-ruanda-1974-laboratorio-flotante-de-marconi-30-sellos-de-20c-nuevos","title":{"rendered":"Semipliego sellos Ruanda 1974 &#8211; Laboratorio flotante de Marconi &#8211; 30 sellos de 20c Nuevos"},"content":{"rendered":"<p>Marconi\u2019s Laboratory Yacht \u00abElettra\u00bb<\/p>\n<p><img class=\"size-full\"><\/p>\n<p>Pa\u00eds:<\/p>\n<p>Ruanda<\/p>\n<p>Serie:<\/p>\n<p>Centenary of Guglielmo Marconi (1874-1937)<\/p>\n<p>C\u00f3digo de cat\u00e1logo:<\/p>\n<p>Michel RW 634A<\/p>\n<p>Stamp Number RW 587<\/p>\n<p>Yvert et Tellier RW 586<\/p>\n<p>Stanley Gibbons RW 602<\/p>\n<p>B\u00e9lgica RW 586<\/p>\n<p>Variantes:<\/p>\n<p>Click para ver variantes<\/p>\n<p>Temas:<\/p>\n<p>Aniversarios y Jubileos | Barcos | Telecomunicaciones<\/p>\n<p>Fecha emisi\u00f3n:<\/p>\n<p>1974-08-19<\/p>\n<p>Tama\u00f1o:<\/p>\n<p>51 x 25.5 mm<\/p>\n<p>Colores:<\/p>\n<p>Negro | Verde | Violeta<\/p>\n<p>Formato:<\/p>\n<p>Sello<\/p>\n<p>Emisi\u00f3n:<\/p>\n<p>Conmemorativo<\/p>\n<p>Perforaci\u00f3n:<\/p>\n<p>l\u00ednea13\u00bc<\/p>\n<p>Impresi\u00f3n:<\/p>\n<p>Fotograbado<\/p>\n<p>Valor facial:<\/p>\n<p>20 c &#8211; C\u00e9ntimo de Ruanda<\/p>\n<p>Tiraje:<\/p>\n<p>20.000<\/p>\n<p><a href=\"https:\/\/colnect.com\/stamps\/stamp\/258870\">https:\/\/colnect.com\/stamps\/stamp\/258870<\/a><\/p>","protected":false},"excerpt":{"rendered":"<p>Marconi\u2019s Laboratory Yacht \u00abElettra\u00bb Pa\u00eds: Ruanda Serie: Centenary of Guglielmo Marconi (1874-1937) C\u00f3digo de cat\u00e1logo: Michel RW 634A Stamp Number RW 587 Yvert et Tellier RW 586 Stanley Gibbons RW 602 B\u00e9lgica RW 586 Variantes: Click para ver variantes Temas: Aniversarios y Jubileos | Barcos | Telecomunicaciones Fecha emisi\u00f3n: 1974-08-19 Tama\u00f1o: 51 x 25.5 mm &hellip;<\/p>\n<p class=\"read-more\"> <a class=\"thunk-readmore button\" href=\"https:\/\/filatelia.cuentista.es\/en\/product\/semipliego-sellos-ruanda-1974-laboratorio-flotante-de-marconi-30-sellos-de-20c-nuevos\"> <span class=\"screen-reader-text\">Semipliego sellos Ruanda 1974 &#8211; Laboratorio flotante de Marconi &#8211; 30 sellos de 20c Nuevos<\/span>Read More<\/a><\/p>","protected":false},"featured_media":6130,"comment_status":"open","ping_status":"closed","template":"","meta":{"_acf_changed":false},"product_brand":[],"product_cat":[660,1537,21],"product_tag":[],"class_list":{"0":"post-6131","1":"product","2":"type-product","3":"status-publish","4":"has-post-thumbnail","6":"product_cat-pliego","7":"product_cat-ruanda-rwanda","8":"product_cat-sellos-nuevos","9":"thunk-woo-product-list","10":"opn-qv-enable","11":"open-woo-hover-zoom","12":"open-single-product-tab-horizontal","13":"open-shadow-","14":"open-shadow-hover-","16":"first","17":"instock","18":"shipping-taxable","19":"purchasable","20":"product-type-simple"},"acf":[],"jetpack_sharing_enabled":true,"_links":{"self":[{"href":"https:\/\/filatelia.cuentista.es\/en\/wp-json\/wp\/v2\/product\/6131","targetHints":{"allow":["GET"]}}],"collection":[{"href":"https:\/\/filatelia.cuentista.es\/en\/wp-json\/wp\/v2\/product"}],"about":[{"href":"https:\/\/filatelia.cuentista.es\/en\/wp-json\/wp\/v2\/types\/product"}],"replies":[{"embeddable":true,"href":"https:\/\/filatelia.cuentista.es\/en\/wp-json\/wp\/v2\/comments?post=6131"}],"wp:featuredmedia":[{"embeddable":true,"href":"https:\/\/filatelia.cuentista.es\/en\/wp-json\/wp\/v2\/media\/6130"}],"wp:attachment":[{"href":"https:\/\/filatelia.cuentista.es\/en\/wp-json\/wp\/v2\/media?parent=6131"}],"wp:term":[{"taxonomy":"product_brand","embeddable":true,"href":"https:\/\/filatelia.cuentista.es\/en\/wp-json\/wp\/v2\/product_brand?post=6131"},{"taxonomy":"product_cat","embeddable":true,"href":"https:\/\/filatelia.cuentista.es\/en\/wp-json\/wp\/v2\/product_cat?post=6131"},{"taxonomy":"product_tag","embeddable":true,"href":"https:\/\/filatelia.cuentista.es\/en\/wp-json\/wp\/v2\/product_tag?post=6131"}],"curies":[{"name":"wp","href":"https:\/\/api.w.org\/{rel}","templated":true}]}}