{"id":6127,"date":"2024-11-01T21:29:23","date_gmt":"2024-11-01T21:29:23","guid":{"rendered":"https:\/\/filatelia.cuentista.es\/product\/semipliego-sellos-ruanda-1977-aves-petit-serpentaire-25-sellos-de-30c-nuevos"},"modified":"2024-11-01T21:29:26","modified_gmt":"2024-11-01T21:29:26","slug":"semipliego-sellos-ruanda-1977-aves-petit-serpentaire-25-sellos-de-30c-nuevos","status":"publish","type":"product","link":"https:\/\/filatelia.cuentista.es\/en\/product\/semipliego-sellos-ruanda-1977-aves-petit-serpentaire-25-sellos-de-30c-nuevos","title":{"rendered":"Semipliego Sellos Ruanda 1977 &#8211; Aves : Petit Serpentaire &#8211; 25 sellos de 30c Nuevos"},"content":{"rendered":"<p>African Harrier-Hawk (Gymnogenys typicus)<\/p>\n<p><img class=\"size-full\"><\/p>\n<p>Pa\u00eds:<\/p>\n<p>Ruanda<\/p>\n<p>Serie:<\/p>\n<p>Birds of Prey<\/p>\n<p>C\u00f3digo de cat\u00e1logo:<\/p>\n<p>Michel RW 894<\/p>\n<p>Stamp Number RW 829<\/p>\n<p>Yvert et Tellier RW 805<\/p>\n<p>Stanley Gibbons RW 834<\/p>\n<p>B\u00e9lgica RW 831<\/p>\n<p>Temas:<\/p>\n<p>Animales (Fauna) | Aves | Aves Rapaces| Halcones<\/p>\n<p>Fecha emisi\u00f3n:<\/p>\n<p>1977-09-12<\/p>\n<p>Tama\u00f1o:<\/p>\n<p>30 x 44 mm<\/p>\n<p>Colores:<\/p>\n<p>Multicolor<\/p>\n<p>Formato:<\/p>\n<p>Sello<\/p>\n<p>Emisi\u00f3n:<\/p>\n<p>Conmemorativo<\/p>\n<p>Perforaci\u00f3n:<\/p>\n<p>peine14<\/p>\n<p>Impresi\u00f3n:<\/p>\n<p>Litograf\u00eda offset<\/p>\n<p>Valor facial:<\/p>\n<p>30 c &#8211; C\u00e9ntimo de Ruanda<\/p>\n<p><a href=\"https:\/\/colnect.com\/stamps\/stamp\/261647\">https:\/\/colnect.com\/stamps\/stamp\/261647<\/a><\/p>","protected":false},"excerpt":{"rendered":"<p>African Harrier-Hawk (Gymnogenys typicus) Pa\u00eds: Ruanda Serie: Birds of Prey C\u00f3digo de cat\u00e1logo: Michel RW 894 Stamp Number RW 829 Yvert et Tellier RW 805 Stanley Gibbons RW 834 B\u00e9lgica RW 831 Temas: Animales (Fauna) | Aves | Aves Rapaces| Halcones Fecha emisi\u00f3n: 1977-09-12 Tama\u00f1o: 30 x 44 mm Colores: Multicolor Formato: Sello Emisi\u00f3n: Conmemorativo &hellip;<\/p>\n<p class=\"read-more\"> <a class=\"thunk-readmore button\" href=\"https:\/\/filatelia.cuentista.es\/en\/product\/semipliego-sellos-ruanda-1977-aves-petit-serpentaire-25-sellos-de-30c-nuevos\"> <span class=\"screen-reader-text\">Semipliego Sellos Ruanda 1977 &#8211; Aves : Petit Serpentaire &#8211; 25 sellos de 30c Nuevos<\/span>Read More<\/a><\/p>","protected":false},"featured_media":6126,"comment_status":"open","ping_status":"closed","template":"","meta":{"_acf_changed":false},"product_brand":[],"product_cat":[660,1537,21],"product_tag":[893,945,1552],"class_list":{"0":"post-6127","1":"product","2":"type-product","3":"status-publish","4":"has-post-thumbnail","6":"product_cat-pliego","7":"product_cat-ruanda-rwanda","8":"product_cat-sellos-nuevos","9":"product_tag-ave","10":"product_tag-fauna","11":"product_tag-rapaz","12":"thunk-woo-product-list","13":"opn-qv-enable","14":"open-woo-hover-zoom","15":"open-single-product-tab-horizontal","16":"open-shadow-","17":"open-shadow-hover-","19":"first","20":"instock","21":"shipping-taxable","22":"purchasable","23":"product-type-simple"},"acf":[],"jetpack_sharing_enabled":true,"_links":{"self":[{"href":"https:\/\/filatelia.cuentista.es\/en\/wp-json\/wp\/v2\/product\/6127","targetHints":{"allow":["GET"]}}],"collection":[{"href":"https:\/\/filatelia.cuentista.es\/en\/wp-json\/wp\/v2\/product"}],"about":[{"href":"https:\/\/filatelia.cuentista.es\/en\/wp-json\/wp\/v2\/types\/product"}],"replies":[{"embeddable":true,"href":"https:\/\/filatelia.cuentista.es\/en\/wp-json\/wp\/v2\/comments?post=6127"}],"wp:featuredmedia":[{"embeddable":true,"href":"https:\/\/filatelia.cuentista.es\/en\/wp-json\/wp\/v2\/media\/6126"}],"wp:attachment":[{"href":"https:\/\/filatelia.cuentista.es\/en\/wp-json\/wp\/v2\/media?parent=6127"}],"wp:term":[{"taxonomy":"product_brand","embeddable":true,"href":"https:\/\/filatelia.cuentista.es\/en\/wp-json\/wp\/v2\/product_brand?post=6127"},{"taxonomy":"product_cat","embeddable":true,"href":"https:\/\/filatelia.cuentista.es\/en\/wp-json\/wp\/v2\/product_cat?post=6127"},{"taxonomy":"product_tag","embeddable":true,"href":"https:\/\/filatelia.cuentista.es\/en\/wp-json\/wp\/v2\/product_tag?post=6127"}],"curies":[{"name":"wp","href":"https:\/\/api.w.org\/{rel}","templated":true}]}}