{"id":6122,"date":"2024-11-01T21:19:08","date_gmt":"2024-11-01T21:19:08","guid":{"rendered":"https:\/\/filatelia.cuentista.es\/?post_type=product&#038;p=6122"},"modified":"2024-11-01T21:22:40","modified_gmt":"2024-11-01T21:22:40","slug":"bloque-sellos-ruanda-1967-expo-67-montreal-15-sellos-de-050-f-nuevos-2-2","status":"publish","type":"product","link":"https:\/\/filatelia.cuentista.es\/en\/product\/bloque-sellos-ruanda-1967-expo-67-montreal-15-sellos-de-050-f-nuevos-2-2","title":{"rendered":"Bloque Sellos Ruanda 1967 &#8211; Expo 67 Montreal &#8211; 15 sellos de 0,20 F Nuevos"},"content":{"rendered":"<p>EXPO \u201967 Emblem, Africa Place and Dancers and Drummers<\/p>\n<p><img class=\"size-full\"><\/p>\n<p>Pa\u00eds:<\/p>\n<p>Ruanda<\/p>\n<p>Serie:<\/p>\n<p>Expo &#8217;67 Montreal<\/p>\n<p>C\u00f3digo de cat\u00e1logo:<\/p>\n<p>Michel RW 232A<\/p>\n<p>Stamp Number RW 225<\/p>\n<p>Yvert et Tellier RW 219<\/p>\n<p>Stanley Gibbons RW 222<\/p>\n<p>B\u00e9lgica RW 219<\/p>\n<p>Variantes:<\/p>\n<p>Click para ver variantes<\/p>\n<p>Temas:<\/p>\n<p>Armas | Danza | Edificios | Exposiciones| Exposiciones Mundiales | Instrumentos Musicales | Sellos (Emblemas)<\/p>\n<p>Fecha emisi\u00f3n:<\/p>\n<p>1967-08-10<\/p>\n<p>Tama\u00f1o:<\/p>\n<p>60 x 30 mm<\/p>\n<p>Colores:<\/p>\n<p>Azul brillante | Sepia<\/p>\n<p>Dise\u00f1adores:<\/p>\n<p>Oscar Bonnevalle<\/p>\n<p>Impresores\/Imprentas:<\/p>\n<p>\u00d6sterreichische Staatsdruckerei (Austrian State Printer)<\/p>\n<p>Formato:<\/p>\n<p>Sello<\/p>\n<p>Emisi\u00f3n:<\/p>\n<p>Conmemorativo<\/p>\n<p>Perforaci\u00f3n:<\/p>\n<p>peine12<\/p>\n<p>Impresi\u00f3n:<\/p>\n<p>Fotograbado<\/p>\n<p>Valor facial:<\/p>\n<p>0,20 RF &#8211; Franco de Ruanda<\/p>\n<p>Tiraje:<\/p>\n<p>57.500<\/p>\n<p><a href=\"https:\/\/colnect.com\/stamps\/stamp\/258136\">https:\/\/colnect.com\/stamps\/stamp\/258136<\/a><\/p>","protected":false},"excerpt":{"rendered":"<p>EXPO \u201967 Emblem, Africa Place and Dancers and Drummers Pa\u00eds: Ruanda Serie: Expo &#8217;67 Montreal C\u00f3digo de cat\u00e1logo: Michel RW 232A Stamp Number RW 225 Yvert et Tellier RW 219 Stanley Gibbons RW 222 B\u00e9lgica RW 219 Variantes: Click para ver variantes Temas: Armas | Danza | Edificios | Exposiciones| Exposiciones Mundiales | Instrumentos Musicales &hellip;<\/p>\n<p class=\"read-more\"> <a class=\"thunk-readmore button\" href=\"https:\/\/filatelia.cuentista.es\/en\/product\/bloque-sellos-ruanda-1967-expo-67-montreal-15-sellos-de-050-f-nuevos-2-2\"> <span class=\"screen-reader-text\">Bloque Sellos Ruanda 1967 &#8211; Expo 67 Montreal &#8211; 15 sellos de 0,20 F Nuevos<\/span>Read More<\/a><\/p>","protected":false},"featured_media":6123,"comment_status":"open","ping_status":"closed","template":"","meta":{"_acf_changed":false},"product_brand":[],"product_cat":[745,1537,21],"product_tag":[],"class_list":{"0":"post-6122","1":"product","2":"type-product","3":"status-publish","4":"has-post-thumbnail","6":"product_cat-bloque-pliego","7":"product_cat-ruanda-rwanda","8":"product_cat-sellos-nuevos","9":"thunk-woo-product-list","10":"opn-qv-enable","11":"open-woo-hover-zoom","12":"open-single-product-tab-horizontal","13":"open-shadow-","14":"open-shadow-hover-","16":"first","17":"instock","18":"shipping-taxable","19":"purchasable","20":"product-type-simple"},"acf":[],"jetpack_sharing_enabled":true,"_links":{"self":[{"href":"https:\/\/filatelia.cuentista.es\/en\/wp-json\/wp\/v2\/product\/6122","targetHints":{"allow":["GET"]}}],"collection":[{"href":"https:\/\/filatelia.cuentista.es\/en\/wp-json\/wp\/v2\/product"}],"about":[{"href":"https:\/\/filatelia.cuentista.es\/en\/wp-json\/wp\/v2\/types\/product"}],"replies":[{"embeddable":true,"href":"https:\/\/filatelia.cuentista.es\/en\/wp-json\/wp\/v2\/comments?post=6122"}],"wp:featuredmedia":[{"embeddable":true,"href":"https:\/\/filatelia.cuentista.es\/en\/wp-json\/wp\/v2\/media\/6123"}],"wp:attachment":[{"href":"https:\/\/filatelia.cuentista.es\/en\/wp-json\/wp\/v2\/media?parent=6122"}],"wp:term":[{"taxonomy":"product_brand","embeddable":true,"href":"https:\/\/filatelia.cuentista.es\/en\/wp-json\/wp\/v2\/product_brand?post=6122"},{"taxonomy":"product_cat","embeddable":true,"href":"https:\/\/filatelia.cuentista.es\/en\/wp-json\/wp\/v2\/product_cat?post=6122"},{"taxonomy":"product_tag","embeddable":true,"href":"https:\/\/filatelia.cuentista.es\/en\/wp-json\/wp\/v2\/product_tag?post=6122"}],"curies":[{"name":"wp","href":"https:\/\/api.w.org\/{rel}","templated":true}]}}