{"id":6115,"date":"2024-11-01T21:09:08","date_gmt":"2024-11-01T21:09:08","guid":{"rendered":"https:\/\/filatelia.cuentista.es\/product\/bloque-sellos-ruanda-1974-upu-centenario-monje-mensajero-12-sellos-de-29-c-nuevos"},"modified":"2024-11-01T21:09:10","modified_gmt":"2024-11-01T21:09:10","slug":"bloque-sellos-ruanda-1974-upu-centenario-monje-mensajero-12-sellos-de-29-c-nuevos","status":"publish","type":"product","link":"https:\/\/filatelia.cuentista.es\/en\/product\/bloque-sellos-ruanda-1974-upu-centenario-monje-mensajero-12-sellos-de-29-c-nuevos","title":{"rendered":"Bloque Sellos Ruanda 1974 &#8211; UPU centenario : Monje Mensajero &#8211; 12 sellos de 29 c nuevos."},"content":{"rendered":"<p>Monk messenger<\/p>\n<p><img class=\"size-full\"><\/p>\n<p>Pa\u00eds:<\/p>\n<p>Ruanda<\/p>\n<p>Serie:<\/p>\n<p>U.P.U. (Universal Postal Union), Centenary<\/p>\n<p>C\u00f3digo de cat\u00e1logo:<\/p>\n<p>Michel RW 661A<\/p>\n<p>Stamp Number RW 602<\/p>\n<p>Yvert et Tellier RW 600<\/p>\n<p>Stanley Gibbons RW 619<\/p>\n<p>B\u00e9lgica RW 600<\/p>\n<p>Variantes:<\/p>\n<p>Click para ver variantes<\/p>\n<p>Temas:<\/p>\n<p>Aniversarios y Jubileos | O.N.U. | U.P.U. | Uniones Postales<\/p>\n<p>Fecha emisi\u00f3n:<\/p>\n<p>1974-10-09<\/p>\n<p>Tama\u00f1o:<\/p>\n<p>30 x 42 mm<\/p>\n<p>Colores:<\/p>\n<p>Multicolor<\/p>\n<p>Formato:<\/p>\n<p>Sello<\/p>\n<p>Emisi\u00f3n:<\/p>\n<p>Conmemorativo<\/p>\n<p>Perforaci\u00f3n:<\/p>\n<p>peine14<\/p>\n<p>Impresi\u00f3n:<\/p>\n<p>Fotograbado<\/p>\n<p>Valor facial:<\/p>\n<p>20 c &#8211; C\u00e9ntimo de Ruanda<\/p>\n<p>Tiraje:<\/p>\n<p>80.000<\/p>\n<p><a href=\"https:\/\/colnect.com\/stamps\/stamp\/258875\">https:\/\/colnect.com\/stamps\/stamp\/258875<\/a><\/p>","protected":false},"excerpt":{"rendered":"<p>Monk messenger Pa\u00eds: Ruanda Serie: U.P.U. (Universal Postal Union), Centenary C\u00f3digo de cat\u00e1logo: Michel RW 661A Stamp Number RW 602 Yvert et Tellier RW 600 Stanley Gibbons RW 619 B\u00e9lgica RW 600 Variantes: Click para ver variantes Temas: Aniversarios y Jubileos | O.N.U. | U.P.U. | Uniones Postales Fecha emisi\u00f3n: 1974-10-09 Tama\u00f1o: 30 x 42 &hellip;<\/p>\n<p class=\"read-more\"> <a class=\"thunk-readmore button\" href=\"https:\/\/filatelia.cuentista.es\/en\/product\/bloque-sellos-ruanda-1974-upu-centenario-monje-mensajero-12-sellos-de-29-c-nuevos\"> <span class=\"screen-reader-text\">Bloque Sellos Ruanda 1974 &#8211; UPU centenario : Monje Mensajero &#8211; 12 sellos de 29 c nuevos.<\/span>Read More<\/a><\/p>","protected":false},"featured_media":6114,"comment_status":"open","ping_status":"closed","template":"","meta":{"_acf_changed":false},"product_brand":[],"product_cat":[745,1537,21],"product_tag":[],"class_list":{"0":"post-6115","1":"product","2":"type-product","3":"status-publish","4":"has-post-thumbnail","6":"product_cat-bloque-pliego","7":"product_cat-ruanda-rwanda","8":"product_cat-sellos-nuevos","9":"thunk-woo-product-list","10":"opn-qv-enable","11":"open-woo-hover-zoom","12":"open-single-product-tab-horizontal","13":"open-shadow-","14":"open-shadow-hover-","16":"first","17":"instock","18":"shipping-taxable","19":"purchasable","20":"product-type-simple"},"acf":[],"jetpack_sharing_enabled":true,"_links":{"self":[{"href":"https:\/\/filatelia.cuentista.es\/en\/wp-json\/wp\/v2\/product\/6115","targetHints":{"allow":["GET"]}}],"collection":[{"href":"https:\/\/filatelia.cuentista.es\/en\/wp-json\/wp\/v2\/product"}],"about":[{"href":"https:\/\/filatelia.cuentista.es\/en\/wp-json\/wp\/v2\/types\/product"}],"replies":[{"embeddable":true,"href":"https:\/\/filatelia.cuentista.es\/en\/wp-json\/wp\/v2\/comments?post=6115"}],"wp:featuredmedia":[{"embeddable":true,"href":"https:\/\/filatelia.cuentista.es\/en\/wp-json\/wp\/v2\/media\/6114"}],"wp:attachment":[{"href":"https:\/\/filatelia.cuentista.es\/en\/wp-json\/wp\/v2\/media?parent=6115"}],"wp:term":[{"taxonomy":"product_brand","embeddable":true,"href":"https:\/\/filatelia.cuentista.es\/en\/wp-json\/wp\/v2\/product_brand?post=6115"},{"taxonomy":"product_cat","embeddable":true,"href":"https:\/\/filatelia.cuentista.es\/en\/wp-json\/wp\/v2\/product_cat?post=6115"},{"taxonomy":"product_tag","embeddable":true,"href":"https:\/\/filatelia.cuentista.es\/en\/wp-json\/wp\/v2\/product_tag?post=6115"}],"curies":[{"name":"wp","href":"https:\/\/api.w.org\/{rel}","templated":true}]}}