{"id":6111,"date":"2024-11-01T21:02:07","date_gmt":"2024-11-01T21:02:07","guid":{"rendered":"https:\/\/filatelia.cuentista.es\/product\/bloque-sellos-ruanda-1973-pyrethre-camomila-en-medicina-12-sellos-nuevos-de-20-c"},"modified":"2024-11-01T21:02:10","modified_gmt":"2024-11-01T21:02:10","slug":"bloque-sellos-ruanda-1973-pyrethre-camomila-en-medicina-12-sellos-nuevos-de-20-c","status":"publish","type":"product","link":"https:\/\/filatelia.cuentista.es\/en\/product\/bloque-sellos-ruanda-1973-pyrethre-camomila-en-medicina-12-sellos-nuevos-de-20-c","title":{"rendered":"Bloque Sellos Ruanda 1973 &#8211; Pyrethre : Camomila en Medicina &#8211; 12 sellos nuevos de 20 c"},"content":{"rendered":"<p>Camomile<\/p>\n<p><img class=\"size-full\"><\/p>\n<p>Pa\u00eds:<\/p>\n<p>Ruanda<\/p>\n<p>Serie:<\/p>\n<p>Medicinal Plants &#8211; Overprinted<\/p>\n<p>C\u00f3digo de cat\u00e1logo:<\/p>\n<p>Michel RW 604A<\/p>\n<p>Stamp Number RW 534<\/p>\n<p>Stanley Gibbons RW 546<\/p>\n<p>B\u00e9lgica RW 537<\/p>\n<p>Variantes:<\/p>\n<p>Click para ver variantes<\/p>\n<p>Sobreimpreso:<\/p>\n<p>Click para ver sobreimpresiones y recargos<\/p>\n<p>Temas:<\/p>\n<p>Flores | Plantas (Flora) | Remedios<\/p>\n<p>Fecha emisi\u00f3n:<\/p>\n<p>1973-08-23<\/p>\n<p>Tama\u00f1o:<\/p>\n<p>31 x 41 mm<\/p>\n<p>Colores:<\/p>\n<p>Multicolor<\/p>\n<p>Dise\u00f1adores:<\/p>\n<p>Jean van Noten<\/p>\n<p>Formato:<\/p>\n<p>Sello<\/p>\n<p>Emisi\u00f3n:<\/p>\n<p>Conmemorativo<\/p>\n<p>Perforaci\u00f3n:<\/p>\n<p>l\u00ednea13\u00bd<\/p>\n<p>Impresi\u00f3n:<\/p>\n<p>Fotograbado<\/p>\n<p>Valor facial:<\/p>\n<p>20 c &#8211; C\u00e9ntimo de Ruanda<\/p>\n<p>Tiraje:<\/p>\n<p>10.000<\/p>\n<p>Puntuaci\u00f3n:<\/p>\n<p>40% Precisi\u00f3n: Media<\/p>\n<p>Descripci\u00f3n:<\/p>\n<p>Gold overprint African solidarity in drought emergency<\/p>\n<p><a href=\"https:\/\/colnect.com\/stamps\/stamp\/883122\">https:\/\/colnect.com\/stamps\/stamp\/883122<\/a><\/p>","protected":false},"excerpt":{"rendered":"<p>Camomile Pa\u00eds: Ruanda Serie: Medicinal Plants &#8211; Overprinted C\u00f3digo de cat\u00e1logo: Michel RW 604A Stamp Number RW 534 Stanley Gibbons RW 546 B\u00e9lgica RW 537 Variantes: Click para ver variantes Sobreimpreso: Click para ver sobreimpresiones y recargos Temas: Flores | Plantas (Flora) | Remedios Fecha emisi\u00f3n: 1973-08-23 Tama\u00f1o: 31 x 41 mm Colores: Multicolor Dise\u00f1adores: &hellip;<\/p>\n<p class=\"read-more\"> <a class=\"thunk-readmore button\" href=\"https:\/\/filatelia.cuentista.es\/en\/product\/bloque-sellos-ruanda-1973-pyrethre-camomila-en-medicina-12-sellos-nuevos-de-20-c\"> <span class=\"screen-reader-text\">Bloque Sellos Ruanda 1973 &#8211; Pyrethre : Camomila en Medicina &#8211; 12 sellos nuevos de 20 c<\/span>Read More<\/a><\/p>","protected":false},"featured_media":6110,"comment_status":"open","ping_status":"closed","template":"","meta":{"_acf_changed":false},"product_brand":[],"product_cat":[745,1537,21],"product_tag":[1546,1547],"class_list":{"0":"post-6111","1":"product","2":"type-product","3":"status-publish","4":"has-post-thumbnail","6":"product_cat-bloque-pliego","7":"product_cat-ruanda-rwanda","8":"product_cat-sellos-nuevos","9":"product_tag-curativo","10":"product_tag-medicinal","11":"thunk-woo-product-list","12":"opn-qv-enable","13":"open-woo-hover-zoom","14":"open-single-product-tab-horizontal","15":"open-shadow-","16":"open-shadow-hover-","18":"first","19":"instock","20":"shipping-taxable","21":"purchasable","22":"product-type-simple"},"acf":[],"jetpack_sharing_enabled":true,"_links":{"self":[{"href":"https:\/\/filatelia.cuentista.es\/en\/wp-json\/wp\/v2\/product\/6111","targetHints":{"allow":["GET"]}}],"collection":[{"href":"https:\/\/filatelia.cuentista.es\/en\/wp-json\/wp\/v2\/product"}],"about":[{"href":"https:\/\/filatelia.cuentista.es\/en\/wp-json\/wp\/v2\/types\/product"}],"replies":[{"embeddable":true,"href":"https:\/\/filatelia.cuentista.es\/en\/wp-json\/wp\/v2\/comments?post=6111"}],"wp:featuredmedia":[{"embeddable":true,"href":"https:\/\/filatelia.cuentista.es\/en\/wp-json\/wp\/v2\/media\/6110"}],"wp:attachment":[{"href":"https:\/\/filatelia.cuentista.es\/en\/wp-json\/wp\/v2\/media?parent=6111"}],"wp:term":[{"taxonomy":"product_brand","embeddable":true,"href":"https:\/\/filatelia.cuentista.es\/en\/wp-json\/wp\/v2\/product_brand?post=6111"},{"taxonomy":"product_cat","embeddable":true,"href":"https:\/\/filatelia.cuentista.es\/en\/wp-json\/wp\/v2\/product_cat?post=6111"},{"taxonomy":"product_tag","embeddable":true,"href":"https:\/\/filatelia.cuentista.es\/en\/wp-json\/wp\/v2\/product_tag?post=6111"}],"curies":[{"name":"wp","href":"https:\/\/api.w.org\/{rel}","templated":true}]}}