{"id":6109,"date":"2024-11-01T20:57:47","date_gmt":"2024-11-01T20:57:47","guid":{"rendered":"https:\/\/filatelia.cuentista.es\/product\/bloque-sellos-ruanda-1977-apolo-sobre-impresion-memoriam-vernher-con-braun-8-sellos-de-20c-nuevos"},"modified":"2024-11-01T20:57:50","modified_gmt":"2024-11-01T20:57:50","slug":"bloque-sellos-ruanda-1977-apolo-sobre-impresion-memoriam-vernher-con-braun-8-sellos-de-20c-nuevos","status":"publish","type":"product","link":"https:\/\/filatelia.cuentista.es\/en\/product\/bloque-sellos-ruanda-1977-apolo-sobre-impresion-memoriam-vernher-con-braun-8-sellos-de-20c-nuevos","title":{"rendered":"Bloque Sellos Ruanda 1977 &#8211; Apolo sobre impresi\u00f3n Memoriam Vernher con Braun &#8211; 8 sellos de 20c Nuevos"},"content":{"rendered":"<p>Apollo, Soyuz3 and Mission Patch &#8211; overprint<\/p>\n<p><img class=\"size-full\"><\/p>\n<p>Pa\u00eds:<\/p>\n<p>Ruanda<\/p>\n<p>Serie:<\/p>\n<p>Wernher von Braun Commemoration<\/p>\n<p>C\u00f3digo de cat\u00e1logo:<\/p>\n<p>Michel RW 901<\/p>\n<p>Stamp Number RW 836<\/p>\n<p>Yvert et Tellier RW 796<\/p>\n<p>Stanley Gibbons RW 841<\/p>\n<p>B\u00e9lgica RW 838<\/p>\n<p>Sobreimpreso:<\/p>\n<p>Click para ver sobreimpresiones y recargos<\/p>\n<p>Temas:<\/p>\n<p>Cohetes | Naves Espaciales | Sellos (Emblemas) | Viajes Espaciales<\/p>\n<p>Fecha emisi\u00f3n:<\/p>\n<p>1977-09-19<\/p>\n<p>Tama\u00f1o:<\/p>\n<p>40 x 30 mm<\/p>\n<p>Colores:<\/p>\n<p>Multicolor<\/p>\n<p>Formato:<\/p>\n<p>Sello<\/p>\n<p>Emisi\u00f3n:<\/p>\n<p>Conmemorativo<\/p>\n<p>Perforaci\u00f3n:<\/p>\n<p>peine13\u00be x 14\u00bc<\/p>\n<p>Impresi\u00f3n:<\/p>\n<p>Fotograbado<\/p>\n<p>Valor facial:<\/p>\n<p>20 c &#8211; C\u00e9ntimo de Ruanda<\/p>\n<p>Tiraje:<\/p>\n<p>10.000<\/p>\n<p>Puntuaci\u00f3n:<\/p>\n<p>18% Precisi\u00f3n: Muy alto<\/p>\n<p>Descripci\u00f3n:<\/p>\n<p>Sobreimpresi\u00f3n \u00abin memoriam WERNHER VON BRAUN 1912-1977\u00bb<\/p>\n<p><a href=\"https:\/\/colnect.com\/stamps\/stamp\/236446\">https:\/\/colnect.com\/stamps\/stamp\/236446<\/a><\/p>","protected":false},"excerpt":{"rendered":"<p>Apollo, Soyuz3 and Mission Patch &#8211; overprint Pa\u00eds: Ruanda Serie: Wernher von Braun Commemoration C\u00f3digo de cat\u00e1logo: Michel RW 901 Stamp Number RW 836 Yvert et Tellier RW 796 Stanley Gibbons RW 841 B\u00e9lgica RW 838 Sobreimpreso: Click para ver sobreimpresiones y recargos Temas: Cohetes | Naves Espaciales | Sellos (Emblemas) | Viajes Espaciales Fecha &hellip;<\/p>\n<p class=\"read-more\"> <a class=\"thunk-readmore button\" href=\"https:\/\/filatelia.cuentista.es\/en\/product\/bloque-sellos-ruanda-1977-apolo-sobre-impresion-memoriam-vernher-con-braun-8-sellos-de-20c-nuevos\"> <span class=\"screen-reader-text\">Bloque Sellos Ruanda 1977 &#8211; Apolo sobre impresi\u00f3n Memoriam Vernher con Braun &#8211; 8 sellos de 20c Nuevos<\/span>Read More<\/a><\/p>","protected":false},"featured_media":6108,"comment_status":"open","ping_status":"closed","template":"","meta":{"_acf_changed":false},"product_brand":[],"product_cat":[745,1537,1545,21],"product_tag":[1544,1538,180,1542,1543],"class_list":{"0":"post-6109","1":"product","2":"type-product","3":"status-publish","4":"has-post-thumbnail","6":"product_cat-bloque-pliego","7":"product_cat-ruanda-rwanda","8":"product_cat-sobreimpreso","9":"product_cat-sellos-nuevos","10":"product_tag-apollo","11":"product_tag-cohete","12":"product_tag-espacio","13":"product_tag-memoriam","14":"product_tag-situa","15":"thunk-woo-product-list","16":"opn-qv-enable","17":"open-woo-hover-zoom","18":"open-single-product-tab-horizontal","19":"open-shadow-","20":"open-shadow-hover-","22":"first","23":"instock","24":"shipping-taxable","25":"purchasable","26":"product-type-simple"},"acf":[],"jetpack_sharing_enabled":true,"_links":{"self":[{"href":"https:\/\/filatelia.cuentista.es\/en\/wp-json\/wp\/v2\/product\/6109","targetHints":{"allow":["GET"]}}],"collection":[{"href":"https:\/\/filatelia.cuentista.es\/en\/wp-json\/wp\/v2\/product"}],"about":[{"href":"https:\/\/filatelia.cuentista.es\/en\/wp-json\/wp\/v2\/types\/product"}],"replies":[{"embeddable":true,"href":"https:\/\/filatelia.cuentista.es\/en\/wp-json\/wp\/v2\/comments?post=6109"}],"wp:featuredmedia":[{"embeddable":true,"href":"https:\/\/filatelia.cuentista.es\/en\/wp-json\/wp\/v2\/media\/6108"}],"wp:attachment":[{"href":"https:\/\/filatelia.cuentista.es\/en\/wp-json\/wp\/v2\/media?parent=6109"}],"wp:term":[{"taxonomy":"product_brand","embeddable":true,"href":"https:\/\/filatelia.cuentista.es\/en\/wp-json\/wp\/v2\/product_brand?post=6109"},{"taxonomy":"product_cat","embeddable":true,"href":"https:\/\/filatelia.cuentista.es\/en\/wp-json\/wp\/v2\/product_cat?post=6109"},{"taxonomy":"product_tag","embeddable":true,"href":"https:\/\/filatelia.cuentista.es\/en\/wp-json\/wp\/v2\/product_tag?post=6109"}],"curies":[{"name":"wp","href":"https:\/\/api.w.org\/{rel}","templated":true}]}}