{"id":6103,"date":"2024-11-01T20:44:23","date_gmt":"2024-11-01T20:44:23","guid":{"rendered":"https:\/\/filatelia.cuentista.es\/product\/pliego-sellos-ruanda-1970-separacion-segunda-fase-30c-nuevos"},"modified":"2024-11-01T20:45:07","modified_gmt":"2024-11-01T20:45:07","slug":"pliego-sellos-ruanda-1970-separacion-segunda-fase-30c-nuevos","status":"publish","type":"product","link":"https:\/\/filatelia.cuentista.es\/en\/product\/pliego-sellos-ruanda-1970-separacion-segunda-fase-30c-nuevos","title":{"rendered":"Pliego sellos Ruanda 1970 &#8211; Separaci\u00f3n Segunda Fase &#8211; 30c Nuevos"},"content":{"rendered":"<p>Second stage separation<\/p>\n<p>Pliego de 40 sellos m\u00e1s dos figuras de Operation Lune<\/p>\n<p>Numerada<\/p>\n<p><img class=\"size-full\"><\/p>\n<p>Pa\u00eds:<\/p>\n<p>Ruanda<\/p>\n<p>Serie:<\/p>\n<p>Moon Missions<\/p>\n<p>C\u00f3digo de cat\u00e1logo:<\/p>\n<p>Michel RW 415A<\/p>\n<p>Stamp Number RW 374<\/p>\n<p>Yvert et Tellier RW 385<\/p>\n<p>Stanley Gibbons RW 384<\/p>\n<p>B\u00e9lgica RW 385<\/p>\n<p>Variantes:<\/p>\n<p>Click para ver variantes<\/p>\n<p>Temas:<\/p>\n<p>Naves Espaciales | Viajes Espaciales<\/p>\n<p>Fecha emisi\u00f3n:<\/p>\n<p>1970-11-23<\/p>\n<p>Tama\u00f1o:<\/p>\n<p>34 x 45 mm<\/p>\n<p>Colores:<\/p>\n<p>Multicolor<\/p>\n<p>Formato:<\/p>\n<p>Sello<\/p>\n<p>Emisi\u00f3n:<\/p>\n<p>Conmemorativo<\/p>\n<p>Perforaci\u00f3n:<\/p>\n<p>l\u00ednea13\u00bc<\/p>\n<p>Impresi\u00f3n:<\/p>\n<p>Litograf\u00eda offset<\/p>\n<p>Valor facial:<\/p>\n<p>30 c &#8211; C\u00e9ntimo de Ruanda<\/p>\n<p><a href=\"https:\/\/colnect.com\/stamps\/stamp\/379294\">https:\/\/colnect.com\/stamps\/stamp\/379294<\/a><\/p>","protected":false},"excerpt":{"rendered":"<p>Second stage separation Pliego de 40 sellos m\u00e1s dos figuras de Operation Lune Numerada Pa\u00eds: Ruanda Serie: Moon Missions C\u00f3digo de cat\u00e1logo: Michel RW 415A Stamp Number RW 374 Yvert et Tellier RW 385 Stanley Gibbons RW 384 B\u00e9lgica RW 385 Variantes: Click para ver variantes Temas: Naves Espaciales | Viajes Espaciales Fecha emisi\u00f3n: 1970-11-23 &hellip;<\/p>\n<p class=\"read-more\"> <a class=\"thunk-readmore button\" href=\"https:\/\/filatelia.cuentista.es\/en\/product\/pliego-sellos-ruanda-1970-separacion-segunda-fase-30c-nuevos\"> <span class=\"screen-reader-text\">Pliego sellos Ruanda 1970 &#8211; Separaci\u00f3n Segunda Fase &#8211; 30c Nuevos<\/span>Read More<\/a><\/p>","protected":false},"featured_media":6100,"comment_status":"open","ping_status":"closed","template":"","meta":{"_acf_changed":false},"product_brand":[],"product_cat":[660,1537,21],"product_tag":[1538,180,1540,1539],"class_list":{"0":"post-6103","1":"product","2":"type-product","3":"status-publish","4":"has-post-thumbnail","6":"product_cat-pliego","7":"product_cat-ruanda-rwanda","8":"product_cat-sellos-nuevos","9":"product_tag-cohete","10":"product_tag-espacio","11":"product_tag-etapas","12":"product_tag-modulo","13":"thunk-woo-product-list","14":"opn-qv-enable","15":"open-woo-hover-zoom","16":"open-single-product-tab-horizontal","17":"open-shadow-","18":"open-shadow-hover-","20":"first","21":"instock","22":"shipping-taxable","23":"purchasable","24":"product-type-simple"},"acf":[],"jetpack_sharing_enabled":true,"_links":{"self":[{"href":"https:\/\/filatelia.cuentista.es\/en\/wp-json\/wp\/v2\/product\/6103","targetHints":{"allow":["GET"]}}],"collection":[{"href":"https:\/\/filatelia.cuentista.es\/en\/wp-json\/wp\/v2\/product"}],"about":[{"href":"https:\/\/filatelia.cuentista.es\/en\/wp-json\/wp\/v2\/types\/product"}],"replies":[{"embeddable":true,"href":"https:\/\/filatelia.cuentista.es\/en\/wp-json\/wp\/v2\/comments?post=6103"}],"wp:featuredmedia":[{"embeddable":true,"href":"https:\/\/filatelia.cuentista.es\/en\/wp-json\/wp\/v2\/media\/6100"}],"wp:attachment":[{"href":"https:\/\/filatelia.cuentista.es\/en\/wp-json\/wp\/v2\/media?parent=6103"}],"wp:term":[{"taxonomy":"product_brand","embeddable":true,"href":"https:\/\/filatelia.cuentista.es\/en\/wp-json\/wp\/v2\/product_brand?post=6103"},{"taxonomy":"product_cat","embeddable":true,"href":"https:\/\/filatelia.cuentista.es\/en\/wp-json\/wp\/v2\/product_cat?post=6103"},{"taxonomy":"product_tag","embeddable":true,"href":"https:\/\/filatelia.cuentista.es\/en\/wp-json\/wp\/v2\/product_tag?post=6103"}],"curies":[{"name":"wp","href":"https:\/\/api.w.org\/{rel}","templated":true}]}}