{"id":610,"date":"2024-07-20T06:40:12","date_gmt":"2024-07-20T06:40:12","guid":{"rendered":"https:\/\/filatelia.cuentista.es\/product\/castillo-de-ovedskloster-1990"},"modified":"2024-07-27T05:06:48","modified_gmt":"2024-07-27T05:06:48","slug":"castillo-de-ovedskloster-1990","status":"publish","type":"product","link":"https:\/\/filatelia.cuentista.es\/en\/product\/castillo-de-ovedskloster-1990","title":{"rendered":"Castillo de Ovedskloster 1990 &#8211; SPD"},"content":{"rendered":"<p>Sobre Primer Dia con sello del castillo de Ovedskloster<\/p>\n<p>El nombre de \u00d6vedskloster (en sueco: Monasterio de \u00d6ved) se debe a una abad\u00eda premonstratense fundada en el siglo XII por el arzobispo de Lund, Eskil de Lund, en el lugar donde se encuentra la mansi\u00f3n actual. Se sabe poco sobre la abad\u00eda y no quedan restos visibles. Fue confiscada por la Corona danesa (ya que la provincia de Escania era parte de Dinamarca hasta el Tratado de Roskilde en 1658) durante la Reforma y posteriormente se convirti\u00f3 en una finca rentable, que cambi\u00f3 de propietarios varias veces durante el siglo XVI. Un incendio ocurrido en alg\u00fan momento despu\u00e9s de 1594 probablemente arruin\u00f3 la mayor\u00eda de los edificios mon\u00e1sticos, mientras que otros durante esta \u00e9poca se convirtieron en graneros y otras dependencias. Varios de los primeros propietarios tampoco viv\u00edan en \u00d6vedskloster, que simplemente se utiliz\u00f3 como una fuente rentable de ingresos.<\/p>","protected":false},"excerpt":{"rendered":"<p>Sobre Primer Dia con sello del castillo de Ovedskloster<\/p>","protected":false},"featured_media":767,"comment_status":"open","ping_status":"closed","template":"","meta":{"_acf_changed":false},"product_brand":[],"product_cat":[19],"product_tag":[133,259,151,190,258,189,174],"class_list":{"0":"post-610","1":"product","2":"type-product","3":"status-publish","4":"has-post-thumbnail","6":"product_cat-spd-sobres-primer-dia","7":"product_tag-133","8":"product_tag-abadia","9":"product_tag-castillo","10":"product_tag-fdc","11":"product_tag-sobre-primer-dia","12":"product_tag-spd","13":"product_tag-suecia","14":"thunk-woo-product-list","15":"opn-qv-enable","16":"open-woo-hover-zoom","17":"open-single-product-tab-horizontal","18":"open-shadow-","19":"open-shadow-hover-","21":"first","22":"instock","23":"sale","24":"shipping-taxable","25":"purchasable","26":"product-type-simple"},"acf":[],"jetpack_sharing_enabled":true,"_links":{"self":[{"href":"https:\/\/filatelia.cuentista.es\/en\/wp-json\/wp\/v2\/product\/610","targetHints":{"allow":["GET"]}}],"collection":[{"href":"https:\/\/filatelia.cuentista.es\/en\/wp-json\/wp\/v2\/product"}],"about":[{"href":"https:\/\/filatelia.cuentista.es\/en\/wp-json\/wp\/v2\/types\/product"}],"replies":[{"embeddable":true,"href":"https:\/\/filatelia.cuentista.es\/en\/wp-json\/wp\/v2\/comments?post=610"}],"wp:featuredmedia":[{"embeddable":true,"href":"https:\/\/filatelia.cuentista.es\/en\/wp-json\/wp\/v2\/media\/767"}],"wp:attachment":[{"href":"https:\/\/filatelia.cuentista.es\/en\/wp-json\/wp\/v2\/media?parent=610"}],"wp:term":[{"taxonomy":"product_brand","embeddable":true,"href":"https:\/\/filatelia.cuentista.es\/en\/wp-json\/wp\/v2\/product_brand?post=610"},{"taxonomy":"product_cat","embeddable":true,"href":"https:\/\/filatelia.cuentista.es\/en\/wp-json\/wp\/v2\/product_cat?post=610"},{"taxonomy":"product_tag","embeddable":true,"href":"https:\/\/filatelia.cuentista.es\/en\/wp-json\/wp\/v2\/product_tag?post=610"}],"curies":[{"name":"wp","href":"https:\/\/api.w.org\/{rel}","templated":true}]}}