{"id":6063,"date":"2024-11-01T15:37:32","date_gmt":"2024-11-01T15:37:32","guid":{"rendered":"https:\/\/filatelia.cuentista.es\/product\/sello-brasil-1958-tribunal-militar-250-crz-verde-usado"},"modified":"2024-11-01T15:38:59","modified_gmt":"2024-11-01T15:38:59","slug":"sello-brasil-1958-tribunal-militar-250-crz-verde-usado","status":"publish","type":"product","link":"https:\/\/filatelia.cuentista.es\/en\/product\/sello-brasil-1958-tribunal-militar-250-crz-verde-usado","title":{"rendered":"Sello Brasil 1958 &#8211; Tribunal Militar-  2,50 Crz Verde Usado"},"content":{"rendered":"<p>High Court Building<\/p>\n<p><img class=\"size-full\"><\/p>\n<p>Pa\u00eds:<\/p>\n<p>Brasil<\/p>\n<p>Serie:<\/p>\n<p>150th Anniversary of Military High Courts<\/p>\n<p>C\u00f3digo de cat\u00e1logo:<\/p>\n<p>Michel BR 927<\/p>\n<p>Stamp Number BR 862<\/p>\n<p>Yvert et Tellier BR 644<\/p>\n<p>Stanley Gibbons BR 975<\/p>\n<p>RHM BR C-404<\/p>\n<p>Temas:<\/p>\n<p>Edificios | Escalas (Balanzas) | Escudo de Armas<\/p>\n<p>Fecha emisi\u00f3n:<\/p>\n<p>1958-04-01<\/p>\n<p>Colores:<\/p>\n<p>Verde<\/p>\n<p>Marca de agua:<\/p>\n<p>CASA+DA+MOEDA+DO+BRASIL Tipo 2 (Sh) [Up]<\/p>\n<p>Impresores\/Imprentas:<\/p>\n<p>Casa da Moeda do Brasil<\/p>\n<p>Formato:<\/p>\n<p>Sello<\/p>\n<p>Emisi\u00f3n:<\/p>\n<p>Conmemorativo<\/p>\n<p>Perforaci\u00f3n:<\/p>\n<p>peine11\u00be<\/p>\n<p>Impresi\u00f3n:<\/p>\n<p>Rebaje<\/p>\n<p>Valor facial:<\/p>\n<p>2,50 Cruzeiro de Brasil<\/p>\n<p><a href=\"https:\/\/colnect.com\/stamps\/stamp\/207854\">https:\/\/colnect.com\/stamps\/stamp\/207854<\/a><\/p>\n","protected":false},"excerpt":{"rendered":"<p>High Court Building Pa\u00eds: Brasil Serie: 150th Anniversary of Military High Courts C\u00f3digo de cat\u00e1logo: Michel BR 927 Stamp Number BR 862 Yvert et Tellier BR 644 Stanley Gibbons BR 975 RHM BR C-404 Temas: Edificios | Escalas (Balanzas) | Escudo de Armas Fecha emisi\u00f3n: 1958-04-01 Colores: Verde Marca de agua: CASA+DA+MOEDA+DO+BRASIL Tipo 2 (Sh) &hellip;<\/p>\n<p class=\"read-more\"> <a class=\"thunk-readmore button\" href=\"https:\/\/filatelia.cuentista.es\/en\/product\/sello-brasil-1958-tribunal-militar-250-crz-verde-usado\"> <span class=\"screen-reader-text\">Sello Brasil 1958 &#8211; Tribunal Militar-  2,50 Crz Verde Usado<\/span>Read More<\/a><\/p>","protected":false},"featured_media":6062,"comment_status":"open","ping_status":"closed","template":"","meta":{"_acf_changed":false},"product_brand":[],"product_cat":[1294,20],"product_tag":[],"class_list":{"0":"post-6063","1":"product","2":"type-product","3":"status-publish","4":"has-post-thumbnail","6":"product_cat-brasil","7":"product_cat-sellos-usados","8":"thunk-woo-product-list","9":"opn-qv-enable","10":"open-woo-hover-zoom","11":"open-single-product-tab-horizontal","12":"open-shadow-","13":"open-shadow-hover-","15":"first","16":"instock","17":"shipping-taxable","18":"purchasable","19":"product-type-simple"},"acf":[],"jetpack_sharing_enabled":true,"_links":{"self":[{"href":"https:\/\/filatelia.cuentista.es\/en\/wp-json\/wp\/v2\/product\/6063","targetHints":{"allow":["GET"]}}],"collection":[{"href":"https:\/\/filatelia.cuentista.es\/en\/wp-json\/wp\/v2\/product"}],"about":[{"href":"https:\/\/filatelia.cuentista.es\/en\/wp-json\/wp\/v2\/types\/product"}],"replies":[{"embeddable":true,"href":"https:\/\/filatelia.cuentista.es\/en\/wp-json\/wp\/v2\/comments?post=6063"}],"wp:featuredmedia":[{"embeddable":true,"href":"https:\/\/filatelia.cuentista.es\/en\/wp-json\/wp\/v2\/media\/6062"}],"wp:attachment":[{"href":"https:\/\/filatelia.cuentista.es\/en\/wp-json\/wp\/v2\/media?parent=6063"}],"wp:term":[{"taxonomy":"product_brand","embeddable":true,"href":"https:\/\/filatelia.cuentista.es\/en\/wp-json\/wp\/v2\/product_brand?post=6063"},{"taxonomy":"product_cat","embeddable":true,"href":"https:\/\/filatelia.cuentista.es\/en\/wp-json\/wp\/v2\/product_cat?post=6063"},{"taxonomy":"product_tag","embeddable":true,"href":"https:\/\/filatelia.cuentista.es\/en\/wp-json\/wp\/v2\/product_tag?post=6063"}],"curies":[{"name":"wp","href":"https:\/\/api.w.org\/{rel}","templated":true}]}}