{"id":6061,"date":"2024-11-01T15:27:14","date_gmt":"2024-11-01T15:27:14","guid":{"rendered":"https:\/\/filatelia.cuentista.es\/product\/sello-brasil-1964-in-memoriam-juan-xxiii-2000-cruzeiros-purpura-usado"},"modified":"2024-11-01T15:27:18","modified_gmt":"2024-11-01T15:27:18","slug":"sello-brasil-1964-in-memoriam-juan-xxiii-2000-cruzeiros-purpura-usado","status":"publish","type":"product","link":"https:\/\/filatelia.cuentista.es\/en\/product\/sello-brasil-1964-in-memoriam-juan-xxiii-2000-cruzeiros-purpura-usado","title":{"rendered":"Sello Brasil 1964 &#8211; In Memoriam Juan XXIII &#8211; 20,00 Cruzeiros &#8211; P\u00farpura usado"},"content":{"rendered":"<p>In Memoriam Papa Jo\u00e3o XXIII<\/p>\n<p><img class=\"size-full\"><\/p>\n<p>Pa\u00eds:<\/p>\n<p>Brasil<\/p>\n<p>C\u00f3digo de cat\u00e1logo:<\/p>\n<p>Michel BR 1058<\/p>\n<p>Stamp Number BR 980<\/p>\n<p>Yvert et Tellier BR 757<\/p>\n<p>Stanley Gibbons BR 1101<\/p>\n<p>RHM BR C-513<\/p>\n<p>Temas:<\/p>\n<p>Clero | Hombres | Papas | Personajes Famosos | Religi\u00f3n<\/p>\n<p>Fecha emisi\u00f3n:<\/p>\n<p>1964-06-29<\/p>\n<p>Colores:<\/p>\n<p>P\u00farpura Rojo<\/p>\n<p>Impresores\/Imprentas:<\/p>\n<p>Casa da Moeda do Brasil<\/p>\n<p>Formato:<\/p>\n<p>Sello<\/p>\n<p>Emisi\u00f3n:<\/p>\n<p>Conmemorativo<\/p>\n<p>Perforaci\u00f3n:<\/p>\n<p>peine11\u00bd x 10\u00be<\/p>\n<p>Impresi\u00f3n:<\/p>\n<p>Fotograbado<\/p>\n<p>Valor facial:<\/p>\n<p>20 Cruzeiro de Brasil<\/p>\n<p>Tiraje:<\/p>\n<p>5.000.000<\/p>\n<p><a href=\"https:\/\/colnect.com\/stamps\/stamp\/261802\">https:\/\/colnect.com\/stamps\/stamp\/261802<\/a><\/p>","protected":false},"excerpt":{"rendered":"<p>In Memoriam Papa Jo\u00e3o XXIII Pa\u00eds: Brasil C\u00f3digo de cat\u00e1logo: Michel BR 1058 Stamp Number BR 980 Yvert et Tellier BR 757 Stanley Gibbons BR 1101 RHM BR C-513 Temas: Clero | Hombres | Papas | Personajes Famosos | Religi\u00f3n Fecha emisi\u00f3n: 1964-06-29 Colores: P\u00farpura Rojo Impresores\/Imprentas: Casa da Moeda do Brasil Formato: Sello Emisi\u00f3n: &hellip;<\/p>\n<p class=\"read-more\"> <a class=\"thunk-readmore button\" href=\"https:\/\/filatelia.cuentista.es\/en\/product\/sello-brasil-1964-in-memoriam-juan-xxiii-2000-cruzeiros-purpura-usado\"> <span class=\"screen-reader-text\">Sello Brasil 1964 &#8211; In Memoriam Juan XXIII &#8211; 20,00 Cruzeiros &#8211; P\u00farpura usado<\/span>Read More<\/a><\/p>","protected":false},"featured_media":6060,"comment_status":"open","ping_status":"closed","template":"","meta":{"_acf_changed":false},"product_brand":[],"product_cat":[1294,20],"product_tag":[],"class_list":{"0":"post-6061","1":"product","2":"type-product","3":"status-publish","4":"has-post-thumbnail","6":"product_cat-brasil","7":"product_cat-sellos-usados","8":"thunk-woo-product-list","9":"opn-qv-enable","10":"open-woo-hover-zoom","11":"open-single-product-tab-horizontal","12":"open-shadow-","13":"open-shadow-hover-","15":"first","16":"instock","17":"shipping-taxable","18":"purchasable","19":"product-type-simple"},"acf":[],"jetpack_sharing_enabled":true,"_links":{"self":[{"href":"https:\/\/filatelia.cuentista.es\/en\/wp-json\/wp\/v2\/product\/6061","targetHints":{"allow":["GET"]}}],"collection":[{"href":"https:\/\/filatelia.cuentista.es\/en\/wp-json\/wp\/v2\/product"}],"about":[{"href":"https:\/\/filatelia.cuentista.es\/en\/wp-json\/wp\/v2\/types\/product"}],"replies":[{"embeddable":true,"href":"https:\/\/filatelia.cuentista.es\/en\/wp-json\/wp\/v2\/comments?post=6061"}],"wp:featuredmedia":[{"embeddable":true,"href":"https:\/\/filatelia.cuentista.es\/en\/wp-json\/wp\/v2\/media\/6060"}],"wp:attachment":[{"href":"https:\/\/filatelia.cuentista.es\/en\/wp-json\/wp\/v2\/media?parent=6061"}],"wp:term":[{"taxonomy":"product_brand","embeddable":true,"href":"https:\/\/filatelia.cuentista.es\/en\/wp-json\/wp\/v2\/product_brand?post=6061"},{"taxonomy":"product_cat","embeddable":true,"href":"https:\/\/filatelia.cuentista.es\/en\/wp-json\/wp\/v2\/product_cat?post=6061"},{"taxonomy":"product_tag","embeddable":true,"href":"https:\/\/filatelia.cuentista.es\/en\/wp-json\/wp\/v2\/product_tag?post=6061"}],"curies":[{"name":"wp","href":"https:\/\/api.w.org\/{rel}","templated":true}]}}