{"id":6059,"date":"2024-11-01T15:22:55","date_gmt":"2024-11-01T15:22:55","guid":{"rendered":"https:\/\/filatelia.cuentista.es\/product\/sello-brasil-1957-25-anos-correo-aereo-nacional-339-crz-azul-usado"},"modified":"2024-11-01T15:22:57","modified_gmt":"2024-11-01T15:22:57","slug":"sello-brasil-1957-25-anos-correo-aereo-nacional-339-crz-azul-usado","status":"publish","type":"product","link":"https:\/\/filatelia.cuentista.es\/en\/product\/sello-brasil-1957-25-anos-correo-aereo-nacional-339-crz-azul-usado","title":{"rendered":"Sello Brasil 1957 &#8211; 25 a\u00f1os Correo A\u00e9reo Nacional- 3,39 Crz Azul Usado"},"content":{"rendered":"<p>25 Years Airmail<\/p>\n<p><img class=\"size-full\"><\/p>\n<p>Pa\u00eds:<\/p>\n<p>Brasil<\/p>\n<p>Serie:<\/p>\n<p>25 Years Airmail<\/p>\n<p>C\u00f3digo de cat\u00e1logo:<\/p>\n<p>Michel BR 893<\/p>\n<p>Stamp Number BR 836<\/p>\n<p>Yvert et Tellier BR PA67<\/p>\n<p>Stanley Gibbons BR 940<\/p>\n<p>RHM BR C-377<\/p>\n<p>Temas:<\/p>\n<p>Aniversarios y Jubileos | Aviaci\u00f3n | Aviones | Mapas<\/p>\n<p>Fecha emisi\u00f3n:<\/p>\n<p>1956-06-12<\/p>\n<p>Colores:<\/p>\n<p>Azul<\/p>\n<p>Marca de agua:<\/p>\n<p>CORREIO BRASIL y Estrellas Tipo 1 (Sh) [Up]<\/p>\n<p>Impresores\/Imprentas:<\/p>\n<p>Casa da Moeda do Brasil<\/p>\n<p>Formato:<\/p>\n<p>Sello<\/p>\n<p>Emisi\u00f3n:<\/p>\n<p>Correo A\u00e9reo<\/p>\n<p>Perforaci\u00f3n:<\/p>\n<p>peine11\u00be<\/p>\n<p>Impresi\u00f3n:<\/p>\n<p>Fotograbado<\/p>\n<p>Valor facial:<\/p>\n<p>3,30 Cruzeiro de Brasil<\/p>\n<p>Tiraje:<\/p>\n<p>5.000.000<\/p>\n<p><a href=\"https:\/\/colnect.com\/stamps\/stamp\/227072\">https:\/\/colnect.com\/stamps\/stamp\/227072<\/a><\/p>\n","protected":false},"excerpt":{"rendered":"<p>25 Years Airmail Pa\u00eds: Brasil Serie: 25 Years Airmail C\u00f3digo de cat\u00e1logo: Michel BR 893 Stamp Number BR 836 Yvert et Tellier BR PA67 Stanley Gibbons BR 940 RHM BR C-377 Temas: Aniversarios y Jubileos | Aviaci\u00f3n | Aviones | Mapas Fecha emisi\u00f3n: 1956-06-12 Colores: Azul Marca de agua: CORREIO BRASIL y Estrellas Tipo 1 &hellip;<\/p>\n<p class=\"read-more\"> <a class=\"thunk-readmore button\" href=\"https:\/\/filatelia.cuentista.es\/en\/product\/sello-brasil-1957-25-anos-correo-aereo-nacional-339-crz-azul-usado\"> <span class=\"screen-reader-text\">Sello Brasil 1957 &#8211; 25 a\u00f1os Correo A\u00e9reo Nacional- 3,39 Crz Azul Usado<\/span>Read More<\/a><\/p>","protected":false},"featured_media":6058,"comment_status":"open","ping_status":"closed","template":"","meta":{"_acf_changed":false},"product_brand":[],"product_cat":[1294,815,20],"product_tag":[],"class_list":{"0":"post-6059","1":"product","2":"type-product","3":"status-publish","4":"has-post-thumbnail","6":"product_cat-brasil","7":"product_cat-correo-aereo","8":"product_cat-sellos-usados","9":"thunk-woo-product-list","10":"opn-qv-enable","11":"open-woo-hover-zoom","12":"open-single-product-tab-horizontal","13":"open-shadow-","14":"open-shadow-hover-","16":"first","17":"instock","18":"shipping-taxable","19":"purchasable","20":"product-type-simple"},"acf":[],"jetpack_sharing_enabled":true,"_links":{"self":[{"href":"https:\/\/filatelia.cuentista.es\/en\/wp-json\/wp\/v2\/product\/6059","targetHints":{"allow":["GET"]}}],"collection":[{"href":"https:\/\/filatelia.cuentista.es\/en\/wp-json\/wp\/v2\/product"}],"about":[{"href":"https:\/\/filatelia.cuentista.es\/en\/wp-json\/wp\/v2\/types\/product"}],"replies":[{"embeddable":true,"href":"https:\/\/filatelia.cuentista.es\/en\/wp-json\/wp\/v2\/comments?post=6059"}],"wp:featuredmedia":[{"embeddable":true,"href":"https:\/\/filatelia.cuentista.es\/en\/wp-json\/wp\/v2\/media\/6058"}],"wp:attachment":[{"href":"https:\/\/filatelia.cuentista.es\/en\/wp-json\/wp\/v2\/media?parent=6059"}],"wp:term":[{"taxonomy":"product_brand","embeddable":true,"href":"https:\/\/filatelia.cuentista.es\/en\/wp-json\/wp\/v2\/product_brand?post=6059"},{"taxonomy":"product_cat","embeddable":true,"href":"https:\/\/filatelia.cuentista.es\/en\/wp-json\/wp\/v2\/product_cat?post=6059"},{"taxonomy":"product_tag","embeddable":true,"href":"https:\/\/filatelia.cuentista.es\/en\/wp-json\/wp\/v2\/product_tag?post=6059"}],"curies":[{"name":"wp","href":"https:\/\/api.w.org\/{rel}","templated":true}]}}