{"id":6057,"date":"2024-11-01T15:11:54","date_gmt":"2024-11-01T15:11:54","guid":{"rendered":"https:\/\/filatelia.cuentista.es\/product\/sello-brasil-1956-fundacion-de-macoca-60-cts"},"modified":"2024-11-01T15:12:16","modified_gmt":"2024-11-01T15:12:16","slug":"sello-brasil-1956-fundacion-de-macoca-60-cts","status":"publish","type":"product","link":"https:\/\/filatelia.cuentista.es\/en\/product\/sello-brasil-1956-fundacion-de-macoca-60-cts","title":{"rendered":"Sello Brasil 1956 &#8211; Fundaci\u00f3n de Macoca &#8211; 60 Cts Naranja Usado"},"content":{"rendered":"<p>Arms of Mococa<\/p>\n<p><img class=\"size-full\"><\/p>\n<p>Pa\u00eds:<\/p>\n<p>Brasil<\/p>\n<p>Serie:<\/p>\n<p>Centenary of Mococa, Sao Paulo<\/p>\n<p>C\u00f3digo de cat\u00e1logo:<\/p>\n<p>Michel BR 891<\/p>\n<p>Stamp Number BR 833<\/p>\n<p>Yvert et Tellier BR 617<\/p>\n<p>Stanley Gibbons BR 938<\/p>\n<p>RHM BR C-375<\/p>\n<p>Temas:<\/p>\n<p>Escudo de Armas | Paisajes \/ Vistas de Ciudades<\/p>\n<p>Fecha emisi\u00f3n:<\/p>\n<p>1956-04-17<\/p>\n<p>Colores:<\/p>\n<p>Rojo parduzco<\/p>\n<p>Marca de agua:<\/p>\n<p>CORREIO BRASIL y Estrellas Tipo 1 (Sh) [Up]<\/p>\n<p>Impresores\/Imprentas:<\/p>\n<p>Casa da Moeda do Brasil<\/p>\n<p>Formato:<\/p>\n<p>Sello<\/p>\n<p>Emisi\u00f3n:<\/p>\n<p>Conmemorativo<\/p>\n<p>Perforaci\u00f3n:<\/p>\n<p>11\u00be<\/p>\n<p>Impresi\u00f3n:<\/p>\n<p>Fotograbado<\/p>\n<p>Valor facial:<\/p>\n<p>60 Centavo de Brasil<\/p>\n<p>Tiraje:<\/p>\n<p>5.000.000<\/p>\n<p><a href=\"https:\/\/colnect.com\/stamps\/stamp\/207834\">https:\/\/colnect.com\/stamps\/stamp\/207834<\/a><\/p>\n","protected":false},"excerpt":{"rendered":"<p>Arms of Mococa Pa\u00eds: Brasil Serie: Centenary of Mococa, Sao Paulo C\u00f3digo de cat\u00e1logo: Michel BR 891 Stamp Number BR 833 Yvert et Tellier BR 617 Stanley Gibbons BR 938 RHM BR C-375 Temas: Escudo de Armas | Paisajes \/ Vistas de Ciudades Fecha emisi\u00f3n: 1956-04-17 Colores: Rojo parduzco Marca de agua: CORREIO BRASIL y &hellip;<\/p>\n<p class=\"read-more\"> <a class=\"thunk-readmore button\" href=\"https:\/\/filatelia.cuentista.es\/en\/product\/sello-brasil-1956-fundacion-de-macoca-60-cts\"> <span class=\"screen-reader-text\">Sello Brasil 1956 &#8211; Fundaci\u00f3n de Macoca &#8211; 60 Cts Naranja Usado<\/span>Read More<\/a><\/p>","protected":false},"featured_media":6056,"comment_status":"open","ping_status":"closed","template":"","meta":{"_acf_changed":false},"product_brand":[],"product_cat":[1294,20],"product_tag":[],"class_list":{"0":"post-6057","1":"product","2":"type-product","3":"status-publish","4":"has-post-thumbnail","6":"product_cat-brasil","7":"product_cat-sellos-usados","8":"thunk-woo-product-list","9":"opn-qv-enable","10":"open-woo-hover-zoom","11":"open-single-product-tab-horizontal","12":"open-shadow-","13":"open-shadow-hover-","15":"first","16":"instock","17":"shipping-taxable","18":"purchasable","19":"product-type-simple"},"acf":[],"jetpack_sharing_enabled":true,"_links":{"self":[{"href":"https:\/\/filatelia.cuentista.es\/en\/wp-json\/wp\/v2\/product\/6057","targetHints":{"allow":["GET"]}}],"collection":[{"href":"https:\/\/filatelia.cuentista.es\/en\/wp-json\/wp\/v2\/product"}],"about":[{"href":"https:\/\/filatelia.cuentista.es\/en\/wp-json\/wp\/v2\/types\/product"}],"replies":[{"embeddable":true,"href":"https:\/\/filatelia.cuentista.es\/en\/wp-json\/wp\/v2\/comments?post=6057"}],"wp:featuredmedia":[{"embeddable":true,"href":"https:\/\/filatelia.cuentista.es\/en\/wp-json\/wp\/v2\/media\/6056"}],"wp:attachment":[{"href":"https:\/\/filatelia.cuentista.es\/en\/wp-json\/wp\/v2\/media?parent=6057"}],"wp:term":[{"taxonomy":"product_brand","embeddable":true,"href":"https:\/\/filatelia.cuentista.es\/en\/wp-json\/wp\/v2\/product_brand?post=6057"},{"taxonomy":"product_cat","embeddable":true,"href":"https:\/\/filatelia.cuentista.es\/en\/wp-json\/wp\/v2\/product_cat?post=6057"},{"taxonomy":"product_tag","embeddable":true,"href":"https:\/\/filatelia.cuentista.es\/en\/wp-json\/wp\/v2\/product_tag?post=6057"}],"curies":[{"name":"wp","href":"https:\/\/api.w.org\/{rel}","templated":true}]}}