{"id":6055,"date":"2024-11-01T15:07:55","date_gmt":"2024-11-01T15:07:55","guid":{"rendered":"https:\/\/filatelia.cuentista.es\/product\/sello-brasil-viii-bienal-de-sao-paulo-30-crz-rojo-usado"},"modified":"2024-11-01T15:08:14","modified_gmt":"2024-11-01T15:08:14","slug":"sello-brasil-viii-bienal-de-sao-paulo-30-crz-rojo-usado","status":"publish","type":"product","link":"https:\/\/filatelia.cuentista.es\/en\/product\/sello-brasil-viii-bienal-de-sao-paulo-30-crz-rojo-usado","title":{"rendered":"Sello Brasil 1965 &#8211; VIII Bienal de S\u00e3o Paulo- 30 Crz Rojo Usado"},"content":{"rendered":"<p>VIII Bienal SP<\/p>\n<p><img class=\"size-full\"><\/p>\n<p>Pa\u00eds:<\/p>\n<p>Brasil<\/p>\n<p>C\u00f3digo de cat\u00e1logo:<\/p>\n<p>Michel BR 1087<\/p>\n<p>Stamp Number BR 1009<\/p>\n<p>Yvert et Tellier BR 782<\/p>\n<p>Stanley Gibbons BR 1126<\/p>\n<p>RHM BR C-537<\/p>\n<p>Temas:<\/p>\n<p>Exposiciones<\/p>\n<p>Fecha emisi\u00f3n:<\/p>\n<p>1965-09-04<\/p>\n<p>Tama\u00f1o:<\/p>\n<p>26 x 44 mm<\/p>\n<p>Colores:<\/p>\n<p>Carm\u00edn | Carm\u00edn rosado<\/p>\n<p>Dise\u00f1adores:<\/p>\n<p>Aloisio Magalhaes<\/p>\n<p>Impresores\/Imprentas:<\/p>\n<p>Casa da Moeda do Brasil<\/p>\n<p>Formato:<\/p>\n<p>Sello<\/p>\n<p>Emisi\u00f3n:<\/p>\n<p>Conmemorativo<\/p>\n<p>Perforaci\u00f3n:<\/p>\n<p>peine11\u00bd x 10\u00be<\/p>\n<p>Impresi\u00f3n:<\/p>\n<p>Fotograbado<\/p>\n<p>Valor facial:<\/p>\n<p>30 Cruzeiro de Brasil<\/p>\n<p>Tiraje:<\/p>\n<p>5.000.000<\/p>\n<p><a href=\"https:\/\/colnect.com\/stamps\/stamp\/263060\">https:\/\/colnect.com\/stamps\/stamp\/263060<\/a><\/p>","protected":false},"excerpt":{"rendered":"<p>VIII Bienal SP Pa\u00eds: Brasil C\u00f3digo de cat\u00e1logo: Michel BR 1087 Stamp Number BR 1009 Yvert et Tellier BR 782 Stanley Gibbons BR 1126 RHM BR C-537 Temas: Exposiciones Fecha emisi\u00f3n: 1965-09-04 Tama\u00f1o: 26 x 44 mm Colores: Carm\u00edn | Carm\u00edn rosado Dise\u00f1adores: Aloisio Magalhaes Impresores\/Imprentas: Casa da Moeda do Brasil Formato: Sello Emisi\u00f3n: Conmemorativo &hellip;<\/p>\n<p class=\"read-more\"> <a class=\"thunk-readmore button\" href=\"https:\/\/filatelia.cuentista.es\/en\/product\/sello-brasil-viii-bienal-de-sao-paulo-30-crz-rojo-usado\"> <span class=\"screen-reader-text\">Sello Brasil 1965 &#8211; VIII Bienal de S\u00e3o Paulo- 30 Crz Rojo Usado<\/span>Read More<\/a><\/p>","protected":false},"featured_media":6054,"comment_status":"open","ping_status":"closed","template":"","meta":{"_acf_changed":false},"product_brand":[],"product_cat":[1294,20],"product_tag":[],"class_list":{"0":"post-6055","1":"product","2":"type-product","3":"status-publish","4":"has-post-thumbnail","6":"product_cat-brasil","7":"product_cat-sellos-usados","8":"thunk-woo-product-list","9":"opn-qv-enable","10":"open-woo-hover-zoom","11":"open-single-product-tab-horizontal","12":"open-shadow-","13":"open-shadow-hover-","15":"first","16":"instock","17":"shipping-taxable","18":"purchasable","19":"product-type-simple"},"acf":[],"jetpack_sharing_enabled":true,"_links":{"self":[{"href":"https:\/\/filatelia.cuentista.es\/en\/wp-json\/wp\/v2\/product\/6055","targetHints":{"allow":["GET"]}}],"collection":[{"href":"https:\/\/filatelia.cuentista.es\/en\/wp-json\/wp\/v2\/product"}],"about":[{"href":"https:\/\/filatelia.cuentista.es\/en\/wp-json\/wp\/v2\/types\/product"}],"replies":[{"embeddable":true,"href":"https:\/\/filatelia.cuentista.es\/en\/wp-json\/wp\/v2\/comments?post=6055"}],"wp:featuredmedia":[{"embeddable":true,"href":"https:\/\/filatelia.cuentista.es\/en\/wp-json\/wp\/v2\/media\/6054"}],"wp:attachment":[{"href":"https:\/\/filatelia.cuentista.es\/en\/wp-json\/wp\/v2\/media?parent=6055"}],"wp:term":[{"taxonomy":"product_brand","embeddable":true,"href":"https:\/\/filatelia.cuentista.es\/en\/wp-json\/wp\/v2\/product_brand?post=6055"},{"taxonomy":"product_cat","embeddable":true,"href":"https:\/\/filatelia.cuentista.es\/en\/wp-json\/wp\/v2\/product_cat?post=6055"},{"taxonomy":"product_tag","embeddable":true,"href":"https:\/\/filatelia.cuentista.es\/en\/wp-json\/wp\/v2\/product_tag?post=6055"}],"curies":[{"name":"wp","href":"https:\/\/api.w.org\/{rel}","templated":true}]}}