{"id":6053,"date":"2024-11-01T15:05:05","date_gmt":"2024-11-01T15:05:05","guid":{"rendered":"https:\/\/filatelia.cuentista.es\/product\/sello-brasil-1965-jamboree-panamericano-30-cruzeiros-verde-usado"},"modified":"2024-11-01T17:45:07","modified_gmt":"2024-11-01T17:45:07","slug":"sello-brasil-1965-jamboree-panamericano-30-cruzeiros-verde-usado","status":"publish","type":"product","link":"https:\/\/filatelia.cuentista.es\/en\/product\/sello-brasil-1965-jamboree-panamericano-30-cruzeiros-verde-usado","title":{"rendered":"Sello Brasil 1965 &#8211; Jamboree Panamericano &#8211; 30 Cruzeiros Verde Usado"},"content":{"rendered":"<p>1st Panamerican Jamboree<\/p>\n<p><img class=\"size-full\"><\/p>\n<p>Pa\u00eds:<\/p>\n<p>Brasil<\/p>\n<p>C\u00f3digo de cat\u00e1logo:<\/p>\n<p>Michel BR 1083<\/p>\n<p>Stamp Number BR 1006<\/p>\n<p>Yvert et Tellier BR 779<\/p>\n<p>Stanley Gibbons BR 1123<\/p>\n<p>RHM BR C-533<\/p>\n<p>Temas:<\/p>\n<p>Movimiento Scout<\/p>\n<p>Fecha emisi\u00f3n:<\/p>\n<p>1965-07-17<\/p>\n<p>Tama\u00f1o:<\/p>\n<p>28 x 40 mm<\/p>\n<p>Colores:<\/p>\n<p>Verde Azul<\/p>\n<p>Impresores\/Imprentas:<\/p>\n<p>Casa da Moeda do Brasil<\/p>\n<p>Formato:<\/p>\n<p>Sello<\/p>\n<p>Emisi\u00f3n:<\/p>\n<p>Conmemorativo<\/p>\n<p>Perforaci\u00f3n:<\/p>\n<p>peine11\u00bd<\/p>\n<p>Impresi\u00f3n:<\/p>\n<p>Fotograbado<\/p>\n<p>Valor facial:<\/p>\n<p>30 Cruzeiro de Brasil<\/p>\n<p>Tiraje:<\/p>\n<p>5.000.000<\/p>\n<p>Puntuaci\u00f3n:<\/p>\n<p>17% Precisi\u00f3n: Muy alto<\/p>\n<p>Descripci\u00f3n:<\/p>\n<p>Universal Scouting Symbol (Flor-de-Lis) and symbol of the 4th Centennial of Rio de Janeiro\/RJ.<\/p>\n<p><a href=\"https:\/\/colnect.com\/stamps\/stamp\/263058\">https:\/\/colnect.com\/stamps\/stamp\/263058<\/a><\/p>","protected":false},"excerpt":{"rendered":"<p>1st Panamerican Jamboree Pa\u00eds: Brasil C\u00f3digo de cat\u00e1logo: Michel BR 1083 Stamp Number BR 1006 Yvert et Tellier BR 779 Stanley Gibbons BR 1123 RHM BR C-533 Temas: Movimiento Scout Fecha emisi\u00f3n: 1965-07-17 Tama\u00f1o: 28 x 40 mm Colores: Verde Azul Impresores\/Imprentas: Casa da Moeda do Brasil Formato: Sello Emisi\u00f3n: Conmemorativo Perforaci\u00f3n: peine11\u00bd Impresi\u00f3n: Fotograbado &hellip;<\/p>\n<p class=\"read-more\"> <a class=\"thunk-readmore button\" href=\"https:\/\/filatelia.cuentista.es\/en\/product\/sello-brasil-1965-jamboree-panamericano-30-cruzeiros-verde-usado\"> <span class=\"screen-reader-text\">Sello Brasil 1965 &#8211; Jamboree Panamericano &#8211; 30 Cruzeiros Verde Usado<\/span>Read More<\/a><\/p>","protected":false},"featured_media":6092,"comment_status":"open","ping_status":"closed","template":"","meta":{"_acf_changed":false},"product_brand":[],"product_cat":[1294,20],"product_tag":[],"class_list":{"0":"post-6053","1":"product","2":"type-product","3":"status-publish","4":"has-post-thumbnail","6":"product_cat-brasil","7":"product_cat-sellos-usados","8":"thunk-woo-product-list","9":"opn-qv-enable","10":"open-woo-hover-zoom","11":"open-single-product-tab-horizontal","12":"open-shadow-","13":"open-shadow-hover-","15":"first","16":"instock","17":"shipping-taxable","18":"purchasable","19":"product-type-simple"},"acf":[],"jetpack_sharing_enabled":true,"_links":{"self":[{"href":"https:\/\/filatelia.cuentista.es\/en\/wp-json\/wp\/v2\/product\/6053","targetHints":{"allow":["GET"]}}],"collection":[{"href":"https:\/\/filatelia.cuentista.es\/en\/wp-json\/wp\/v2\/product"}],"about":[{"href":"https:\/\/filatelia.cuentista.es\/en\/wp-json\/wp\/v2\/types\/product"}],"replies":[{"embeddable":true,"href":"https:\/\/filatelia.cuentista.es\/en\/wp-json\/wp\/v2\/comments?post=6053"}],"wp:featuredmedia":[{"embeddable":true,"href":"https:\/\/filatelia.cuentista.es\/en\/wp-json\/wp\/v2\/media\/6092"}],"wp:attachment":[{"href":"https:\/\/filatelia.cuentista.es\/en\/wp-json\/wp\/v2\/media?parent=6053"}],"wp:term":[{"taxonomy":"product_brand","embeddable":true,"href":"https:\/\/filatelia.cuentista.es\/en\/wp-json\/wp\/v2\/product_brand?post=6053"},{"taxonomy":"product_cat","embeddable":true,"href":"https:\/\/filatelia.cuentista.es\/en\/wp-json\/wp\/v2\/product_cat?post=6053"},{"taxonomy":"product_tag","embeddable":true,"href":"https:\/\/filatelia.cuentista.es\/en\/wp-json\/wp\/v2\/product_tag?post=6053"}],"curies":[{"name":"wp","href":"https:\/\/api.w.org\/{rel}","templated":true}]}}