{"id":6047,"date":"2024-11-01T14:39:44","date_gmt":"2024-11-01T14:39:44","guid":{"rendered":"https:\/\/filatelia.cuentista.es\/product\/sello-brasil-1965-leoncio-correia-35-cruzeiros-verde-gris-usado"},"modified":"2024-11-01T14:39:47","modified_gmt":"2024-11-01T14:39:47","slug":"sello-brasil-1965-leoncio-correia-35-cruzeiros-verde-gris-usado","status":"publish","type":"product","link":"https:\/\/filatelia.cuentista.es\/en\/product\/sello-brasil-1965-leoncio-correia-35-cruzeiros-verde-gris-usado","title":{"rendered":"Sello Brasil 1965 &#8211;  Leoncio Correia &#8211; 35 Cruzeiros Verde Gris Usado"},"content":{"rendered":"<p>Leoncio Correia<\/p>\n<p><img class=\"size-full\"><\/p>\n<p>Pa\u00eds:<\/p>\n<p>Brasil<\/p>\n<p>C\u00f3digo de cat\u00e1logo:<\/p>\n<p>Michel BR 1086<\/p>\n<p>Stamp Number BR 1008<\/p>\n<p>Yvert et Tellier BR 781<\/p>\n<p>Stanley Gibbons BR 1125<\/p>\n<p>RHM BR C-536<\/p>\n<p>Temas:<\/p>\n<p>Hombres | Periodistas | Personajes Famosos | Pol\u00edtica<\/p>\n<p>Fecha emisi\u00f3n:<\/p>\n<p>1965-09-01<\/p>\n<p>Colores:<\/p>\n<p>Verde Gris oscuro<\/p>\n<p>Impresores\/Imprentas:<\/p>\n<p>Casa da Moeda do Brasil<\/p>\n<p>Formato:<\/p>\n<p>Sello<\/p>\n<p>Emisi\u00f3n:<\/p>\n<p>Conmemorativo<\/p>\n<p>Perforaci\u00f3n:<\/p>\n<p>peine11\u00bd x 10\u00be<\/p>\n<p>Impresi\u00f3n:<\/p>\n<p>Fotograbado<\/p>\n<p>Valor facial:<\/p>\n<p>35 Cruzeiro de Brasil<\/p>\n<p>Tiraje:<\/p>\n<p>5.000.000<\/p>\n<p><a href=\"https:\/\/colnect.com\/stamps\/stamp\/234800\">https:\/\/colnect.com\/stamps\/stamp\/234800<\/a><\/p>","protected":false},"excerpt":{"rendered":"<p>Leoncio Correia Pa\u00eds: Brasil C\u00f3digo de cat\u00e1logo: Michel BR 1086 Stamp Number BR 1008 Yvert et Tellier BR 781 Stanley Gibbons BR 1125 RHM BR C-536 Temas: Hombres | Periodistas | Personajes Famosos | Pol\u00edtica Fecha emisi\u00f3n: 1965-09-01 Colores: Verde Gris oscuro Impresores\/Imprentas: Casa da Moeda do Brasil Formato: Sello Emisi\u00f3n: Conmemorativo Perforaci\u00f3n: peine11\u00bd x &hellip;<\/p>\n<p class=\"read-more\"> <a class=\"thunk-readmore button\" href=\"https:\/\/filatelia.cuentista.es\/en\/product\/sello-brasil-1965-leoncio-correia-35-cruzeiros-verde-gris-usado\"> <span class=\"screen-reader-text\">Sello Brasil 1965 &#8211;  Leoncio Correia &#8211; 35 Cruzeiros Verde Gris Usado<\/span>Read More<\/a><\/p>","protected":false},"featured_media":6046,"comment_status":"open","ping_status":"closed","template":"","meta":{"_acf_changed":false},"product_brand":[],"product_cat":[1294,20],"product_tag":[],"class_list":{"0":"post-6047","1":"product","2":"type-product","3":"status-publish","4":"has-post-thumbnail","6":"product_cat-brasil","7":"product_cat-sellos-usados","8":"thunk-woo-product-list","9":"opn-qv-enable","10":"open-woo-hover-zoom","11":"open-single-product-tab-horizontal","12":"open-shadow-","13":"open-shadow-hover-","15":"first","16":"instock","17":"shipping-taxable","18":"purchasable","19":"product-type-simple"},"acf":[],"jetpack_sharing_enabled":true,"_links":{"self":[{"href":"https:\/\/filatelia.cuentista.es\/en\/wp-json\/wp\/v2\/product\/6047","targetHints":{"allow":["GET"]}}],"collection":[{"href":"https:\/\/filatelia.cuentista.es\/en\/wp-json\/wp\/v2\/product"}],"about":[{"href":"https:\/\/filatelia.cuentista.es\/en\/wp-json\/wp\/v2\/types\/product"}],"replies":[{"embeddable":true,"href":"https:\/\/filatelia.cuentista.es\/en\/wp-json\/wp\/v2\/comments?post=6047"}],"wp:featuredmedia":[{"embeddable":true,"href":"https:\/\/filatelia.cuentista.es\/en\/wp-json\/wp\/v2\/media\/6046"}],"wp:attachment":[{"href":"https:\/\/filatelia.cuentista.es\/en\/wp-json\/wp\/v2\/media?parent=6047"}],"wp:term":[{"taxonomy":"product_brand","embeddable":true,"href":"https:\/\/filatelia.cuentista.es\/en\/wp-json\/wp\/v2\/product_brand?post=6047"},{"taxonomy":"product_cat","embeddable":true,"href":"https:\/\/filatelia.cuentista.es\/en\/wp-json\/wp\/v2\/product_cat?post=6047"},{"taxonomy":"product_tag","embeddable":true,"href":"https:\/\/filatelia.cuentista.es\/en\/wp-json\/wp\/v2\/product_tag?post=6047"}],"curies":[{"name":"wp","href":"https:\/\/api.w.org\/{rel}","templated":true}]}}