{"id":6045,"date":"2024-11-01T14:32:39","date_gmt":"2024-11-01T14:32:39","guid":{"rendered":"https:\/\/filatelia.cuentista.es\/product\/sello-brasil-1963-segundo-dni-concilio-vaticano-8-cruzeiros-lila"},"modified":"2024-11-01T14:36:20","modified_gmt":"2024-11-01T14:36:20","slug":"sello-brasil-1963-segundo-dni-concilio-vaticano-8-cruzeiros-lila","status":"publish","type":"product","link":"https:\/\/filatelia.cuentista.es\/en\/product\/sello-brasil-1963-segundo-dni-concilio-vaticano-8-cruzeiros-lila","title":{"rendered":"Sello Brasil 1963 &#8211; Segundo Concilio Vaticano &#8211; 8 Cruzeiros Lila"},"content":{"rendered":"<p>Cross<\/p>\n<p><img class=\"size-full\"><\/p>\n<p>Pa\u00eds:<\/p>\n<p>Brasil<\/p>\n<p>Serie:<\/p>\n<p>Ecumenical Council, Vatican City<\/p>\n<p>C\u00f3digo de cat\u00e1logo:<\/p>\n<p>Michel BR 1032<\/p>\n<p>Stamp Number BR 954<\/p>\n<p>Yvert et Tellier BR 730<\/p>\n<p>Stanley Gibbons BR 1075<\/p>\n<p>RHM BR C-486<\/p>\n<p>Temas:<\/p>\n<p>Congresos | Religi\u00f3n<\/p>\n<p>Fecha emisi\u00f3n:<\/p>\n<p>1963-04-19<\/p>\n<p>Tama\u00f1o:<\/p>\n<p>26 x 44 mm<\/p>\n<p>Colores:<\/p>\n<p>Lila rosado oscuro<\/p>\n<p>Impresores\/Imprentas:<\/p>\n<p>Casa da Moeda do Brasil<\/p>\n<p>Formato:<\/p>\n<p>Sello<\/p>\n<p>Emisi\u00f3n:<\/p>\n<p>Conmemorativo<\/p>\n<p>Perforaci\u00f3n:<\/p>\n<p>peine11\u00bd x 10\u00be<\/p>\n<p>Impresi\u00f3n:<\/p>\n<p>Fotograbado<\/p>\n<p>Valor facial:<\/p>\n<p>8 Cruzeiro de Brasil<\/p>\n<p>Tiraje:<\/p>\n<p>5.000.000<\/p>\n<p><a href=\"https:\/\/colnect.com\/stamps\/stamp\/261778\">https:\/\/colnect.com\/stamps\/stamp\/261778<\/a><\/p>","protected":false},"excerpt":{"rendered":"<p>Cross Pa\u00eds: Brasil Serie: Ecumenical Council, Vatican City C\u00f3digo de cat\u00e1logo: Michel BR 1032 Stamp Number BR 954 Yvert et Tellier BR 730 Stanley Gibbons BR 1075 RHM BR C-486 Temas: Congresos | Religi\u00f3n Fecha emisi\u00f3n: 1963-04-19 Tama\u00f1o: 26 x 44 mm Colores: Lila rosado oscuro Impresores\/Imprentas: Casa da Moeda do Brasil Formato: Sello Emisi\u00f3n: &hellip;<\/p>\n<p class=\"read-more\"> <a class=\"thunk-readmore button\" href=\"https:\/\/filatelia.cuentista.es\/en\/product\/sello-brasil-1963-segundo-dni-concilio-vaticano-8-cruzeiros-lila\"> <span class=\"screen-reader-text\">Sello Brasil 1963 &#8211; Segundo Concilio Vaticano &#8211; 8 Cruzeiros Lila<\/span>Read More<\/a><\/p>","protected":false},"featured_media":6044,"comment_status":"open","ping_status":"closed","template":"","meta":{"_acf_changed":false},"product_brand":[],"product_cat":[1294,20],"product_tag":[1532,1530,1531],"class_list":{"0":"post-6045","1":"product","2":"type-product","3":"status-publish","4":"has-post-thumbnail","6":"product_cat-brasil","7":"product_cat-sellos-usados","8":"product_tag-concilio","9":"product_tag-cruz","10":"product_tag-vaticano","11":"thunk-woo-product-list","12":"opn-qv-enable","13":"open-woo-hover-zoom","14":"open-single-product-tab-horizontal","15":"open-shadow-","16":"open-shadow-hover-","18":"first","19":"instock","20":"shipping-taxable","21":"purchasable","22":"product-type-simple"},"acf":[],"jetpack_sharing_enabled":true,"_links":{"self":[{"href":"https:\/\/filatelia.cuentista.es\/en\/wp-json\/wp\/v2\/product\/6045","targetHints":{"allow":["GET"]}}],"collection":[{"href":"https:\/\/filatelia.cuentista.es\/en\/wp-json\/wp\/v2\/product"}],"about":[{"href":"https:\/\/filatelia.cuentista.es\/en\/wp-json\/wp\/v2\/types\/product"}],"replies":[{"embeddable":true,"href":"https:\/\/filatelia.cuentista.es\/en\/wp-json\/wp\/v2\/comments?post=6045"}],"wp:featuredmedia":[{"embeddable":true,"href":"https:\/\/filatelia.cuentista.es\/en\/wp-json\/wp\/v2\/media\/6044"}],"wp:attachment":[{"href":"https:\/\/filatelia.cuentista.es\/en\/wp-json\/wp\/v2\/media?parent=6045"}],"wp:term":[{"taxonomy":"product_brand","embeddable":true,"href":"https:\/\/filatelia.cuentista.es\/en\/wp-json\/wp\/v2\/product_brand?post=6045"},{"taxonomy":"product_cat","embeddable":true,"href":"https:\/\/filatelia.cuentista.es\/en\/wp-json\/wp\/v2\/product_cat?post=6045"},{"taxonomy":"product_tag","embeddable":true,"href":"https:\/\/filatelia.cuentista.es\/en\/wp-json\/wp\/v2\/product_tag?post=6045"}],"curies":[{"name":"wp","href":"https:\/\/api.w.org\/{rel}","templated":true}]}}