{"id":6041,"date":"2024-11-01T14:18:10","date_gmt":"2024-11-01T14:18:10","guid":{"rendered":"https:\/\/filatelia.cuentista.es\/product\/sello-brasil-1955-mariscal-fonseca-60-cts-lila-usado"},"modified":"2024-11-01T14:18:13","modified_gmt":"2024-11-01T14:18:13","slug":"sello-brasil-1955-mariscal-fonseca-60-cts-lila-usado","status":"publish","type":"product","link":"https:\/\/filatelia.cuentista.es\/en\/product\/sello-brasil-1955-mariscal-fonseca-60-cts-lila-usado","title":{"rendered":"Sello Brasil 1955 &#8211; Mariscal Fonseca &#8211; 60 Cts Lila Usado"},"content":{"rendered":"<p>Hermes da Fonseca (1855-1923)<\/p>\n<p><img class=\"size-full\"><\/p>\n<p>Pa\u00eds:<\/p>\n<p>Brasil<\/p>\n<p>C\u00f3digo de cat\u00e1logo:<\/p>\n<p>Michel BR 880<\/p>\n<p>Stamp Number BR 824<\/p>\n<p>Yvert et Tellier BR 606<\/p>\n<p>Stanley Gibbons BR 928<\/p>\n<p>RHM BR C-364<\/p>\n<p>Temas:<\/p>\n<p>Aniversarios y Jubileos | Hombres | Jefes de Estado | Oficiales Militares | Personajes Famosos<\/p>\n<p>Fecha emisi\u00f3n:<\/p>\n<p>1955-05-12<\/p>\n<p>Tama\u00f1o:<\/p>\n<p>29 x 42 mm<\/p>\n<p>Colores:<\/p>\n<p>Violeta<\/p>\n<p>Impresores\/Imprentas:<\/p>\n<p>Casa da Moeda do Brasil<\/p>\n<p>Formato:<\/p>\n<p>Sello<\/p>\n<p>Emisi\u00f3n:<\/p>\n<p>Conmemorativo<\/p>\n<p>Perforaci\u00f3n:<\/p>\n<p>11\u00be<\/p>\n<p>Impresi\u00f3n:<\/p>\n<p>Fotograbado<\/p>\n<p>Valor facial:<\/p>\n<p>60 Centavo de Brasil<\/p>\n<p>Tiraje:<\/p>\n<p>5.000.000<\/p>\n<p>Puntuaci\u00f3n:<\/p>\n<p>11% Precisi\u00f3n: Muy alto<\/p>\n<p>Descripci\u00f3n:<\/p>\n<p>Centenary of the birth of Marshal Hermes da Fonseca. Military responsible for articulating the movement that overthrew the Monarchy. He was the 8th President of Brazil.<\/p>\n<p><a href=\"https:\/\/colnect.com\/stamps\/stamp\/200025\">https:\/\/colnect.com\/stamps\/stamp\/200025<\/a><\/p>","protected":false},"excerpt":{"rendered":"<p>Hermes da Fonseca (1855-1923) Pa\u00eds: Brasil C\u00f3digo de cat\u00e1logo: Michel BR 880 Stamp Number BR 824 Yvert et Tellier BR 606 Stanley Gibbons BR 928 RHM BR C-364 Temas: Aniversarios y Jubileos | Hombres | Jefes de Estado | Oficiales Militares | Personajes Famosos Fecha emisi\u00f3n: 1955-05-12 Tama\u00f1o: 29 x 42 mm Colores: Violeta Impresores\/Imprentas: &hellip;<\/p>\n<p class=\"read-more\"> <a class=\"thunk-readmore button\" href=\"https:\/\/filatelia.cuentista.es\/en\/product\/sello-brasil-1955-mariscal-fonseca-60-cts-lila-usado\"> <span class=\"screen-reader-text\">Sello Brasil 1955 &#8211; Mariscal Fonseca &#8211; 60 Cts Lila Usado<\/span>Read More<\/a><\/p>","protected":false},"featured_media":6040,"comment_status":"open","ping_status":"closed","template":"","meta":{"_acf_changed":false},"product_brand":[],"product_cat":[1294,20],"product_tag":[],"class_list":{"0":"post-6041","1":"product","2":"type-product","3":"status-publish","4":"has-post-thumbnail","6":"product_cat-brasil","7":"product_cat-sellos-usados","8":"thunk-woo-product-list","9":"opn-qv-enable","10":"open-woo-hover-zoom","11":"open-single-product-tab-horizontal","12":"open-shadow-","13":"open-shadow-hover-","15":"first","16":"instock","17":"shipping-taxable","18":"purchasable","19":"product-type-simple"},"acf":[],"jetpack_sharing_enabled":true,"_links":{"self":[{"href":"https:\/\/filatelia.cuentista.es\/en\/wp-json\/wp\/v2\/product\/6041","targetHints":{"allow":["GET"]}}],"collection":[{"href":"https:\/\/filatelia.cuentista.es\/en\/wp-json\/wp\/v2\/product"}],"about":[{"href":"https:\/\/filatelia.cuentista.es\/en\/wp-json\/wp\/v2\/types\/product"}],"replies":[{"embeddable":true,"href":"https:\/\/filatelia.cuentista.es\/en\/wp-json\/wp\/v2\/comments?post=6041"}],"wp:featuredmedia":[{"embeddable":true,"href":"https:\/\/filatelia.cuentista.es\/en\/wp-json\/wp\/v2\/media\/6040"}],"wp:attachment":[{"href":"https:\/\/filatelia.cuentista.es\/en\/wp-json\/wp\/v2\/media?parent=6041"}],"wp:term":[{"taxonomy":"product_brand","embeddable":true,"href":"https:\/\/filatelia.cuentista.es\/en\/wp-json\/wp\/v2\/product_brand?post=6041"},{"taxonomy":"product_cat","embeddable":true,"href":"https:\/\/filatelia.cuentista.es\/en\/wp-json\/wp\/v2\/product_cat?post=6041"},{"taxonomy":"product_tag","embeddable":true,"href":"https:\/\/filatelia.cuentista.es\/en\/wp-json\/wp\/v2\/product_tag?post=6041"}],"curies":[{"name":"wp","href":"https:\/\/api.w.org\/{rel}","templated":true}]}}