{"id":604,"date":"2024-07-20T06:40:09","date_gmt":"2024-07-20T06:40:09","guid":{"rendered":"https:\/\/filatelia.cuentista.es\/product\/vikingar"},"modified":"2024-07-28T05:28:31","modified_gmt":"2024-07-28T05:28:31","slug":"vikingar","status":"publish","type":"product","link":"https:\/\/filatelia.cuentista.es\/en\/product\/vikingar","title":{"rendered":"Vikingar &#8211; Vikingos, sopbre primer dia con hoja de 8 valores"},"content":{"rendered":"<p>Sobre de primer dia de suecia 1990 con una hermosa hoja de 8 valores, cuatro de los cuales componen una imagen central de la vida vikinga.<\/p>\n<p><b>Vikingo<\/b>\u00a0(del\u00a0<a title=\"N\u00f3rdico antiguo\" href=\"https:\/\/es.wikipedia.org\/wiki\/N%C3%B3rdico_antiguo\">n\u00f3rdico antiguo<\/a>,\u00a0<i>v\u00edkingr<\/i>) es el principal nombre dado a los guerreros que realizaban\u00a0<a title=\"Incursi\u00f3n\" href=\"https:\/\/es.wikipedia.org\/wiki\/Incursi%C3%B3n\">incursiones<\/a>\u00a0de saqueos, provenientes de los\u00a0<a title=\"Pueblos n\u00f3rdicos\" href=\"https:\/\/es.wikipedia.org\/wiki\/Pueblos_n%C3%B3rdicos\">pueblos n\u00f3rdicos<\/a>\u00a0procedentes mayoritariamente de\u00a0<a title=\"Escandinavia\" href=\"https:\/\/es.wikipedia.org\/wiki\/Escandinavia\">Escandinavia<\/a>, aunque no \u00fanicamente, famosos por ser grandes navegantes y por llevar a cabo pillajes y ataques en\u00a0<a title=\"Europa\" href=\"https:\/\/es.wikipedia.org\/wiki\/Europa\">Europa<\/a>. Dependiendo del contexto y de la interpretaci\u00f3n del autor, puede usarse el nombre para referirse a los incursores de esta procedencia o a sus pa\u00edses de origen. La\u00a0<a title=\"Metonimia\" href=\"https:\/\/es.wikipedia.org\/wiki\/Metonimia\">metonimia<\/a>\u00a0ha llevado a que el nombre se siga usando a\u00fan hoy en d\u00eda de forma coloquial para referirse a los\u00a0<a class=\"mw-redirect\" title=\"Pa\u00edses escandinavos\" href=\"https:\/\/es.wikipedia.org\/wiki\/Pa%C3%ADses_escandinavos\">pa\u00edses escandinavos<\/a>. Su lengua era el\u00a0<a title=\"N\u00f3rdico antiguo\" href=\"https:\/\/es.wikipedia.org\/wiki\/N%C3%B3rdico_antiguo\">n\u00f3rdico antiguo<\/a>.<\/p>\n<p class=\"p1\"><b>Los sobres de primer d\u00eda son objetos de colecci\u00f3n muy valorados por los filat\u00e9licos.<\/b> Estos sobres especiales se utilizan para enviar una carta el mismo d\u00eda en que se emite un nuevo sello postal. Al ser los primeros en utilizar ese sello en particular, adquieren un valor a\u00f1adido para los coleccionistas. Los sobres de primer d\u00eda suelen incluir un matasellos con la fecha de emisi\u00f3n y el nombre de la oficina de correos donde se expidi\u00f3 el sello, lo que los convierte en piezas \u00fanicas y aut\u00e9nticas. Adem\u00e1s de su valor filat\u00e9lico, estos sobres a menudo presentan dise\u00f1os atractivos y conmemorativos, relacionados con el tema del sello emitido, lo que los convierte en peque\u00f1os tesoros para los amantes de la historia y el arte postal.<\/p>\n<p class=\"p1\">Una <b>hojita souvenir<\/b> en filatelia es una peque\u00f1a hoja de papel que contiene uno o varios sellos postales, a menudo con un dise\u00f1o especial y conmemorativo. Estas hojitas suelen ser m\u00e1s peque\u00f1as que las hojas bloque y se utilizan principalmente como objetos de colecci\u00f3n.<\/p>","protected":false},"excerpt":{"rendered":"<p>Sobre de primer dia de suecia 1990 con una hermosa hoja de 8 valores, cuatro de los cuales componen una imagen central de la vida vikinga.<\/p>\n<p>&nbsp;<\/p>","protected":false},"featured_media":790,"comment_status":"open","ping_status":"closed","template":"","meta":{"_acf_changed":false},"product_brand":[],"product_cat":[19],"product_tag":[133,190,189,174,276],"class_list":{"0":"post-604","1":"product","2":"type-product","3":"status-publish","4":"has-post-thumbnail","6":"product_cat-spd-sobres-primer-dia","7":"product_tag-133","8":"product_tag-fdc","9":"product_tag-spd","10":"product_tag-suecia","11":"product_tag-vikingos","12":"thunk-woo-product-list","13":"opn-qv-enable","14":"open-woo-hover-zoom","15":"open-single-product-tab-horizontal","16":"open-shadow-","17":"open-shadow-hover-","19":"first","20":"instock","21":"sale","22":"shipping-taxable","23":"purchasable","24":"product-type-simple"},"acf":[],"jetpack_sharing_enabled":true,"_links":{"self":[{"href":"https:\/\/filatelia.cuentista.es\/en\/wp-json\/wp\/v2\/product\/604","targetHints":{"allow":["GET"]}}],"collection":[{"href":"https:\/\/filatelia.cuentista.es\/en\/wp-json\/wp\/v2\/product"}],"about":[{"href":"https:\/\/filatelia.cuentista.es\/en\/wp-json\/wp\/v2\/types\/product"}],"replies":[{"embeddable":true,"href":"https:\/\/filatelia.cuentista.es\/en\/wp-json\/wp\/v2\/comments?post=604"}],"wp:featuredmedia":[{"embeddable":true,"href":"https:\/\/filatelia.cuentista.es\/en\/wp-json\/wp\/v2\/media\/790"}],"wp:attachment":[{"href":"https:\/\/filatelia.cuentista.es\/en\/wp-json\/wp\/v2\/media?parent=604"}],"wp:term":[{"taxonomy":"product_brand","embeddable":true,"href":"https:\/\/filatelia.cuentista.es\/en\/wp-json\/wp\/v2\/product_brand?post=604"},{"taxonomy":"product_cat","embeddable":true,"href":"https:\/\/filatelia.cuentista.es\/en\/wp-json\/wp\/v2\/product_cat?post=604"},{"taxonomy":"product_tag","embeddable":true,"href":"https:\/\/filatelia.cuentista.es\/en\/wp-json\/wp\/v2\/product_tag?post=604"}],"curies":[{"name":"wp","href":"https:\/\/api.w.org\/{rel}","templated":true}]}}