{"id":6039,"date":"2024-11-01T14:13:36","date_gmt":"2024-11-01T14:13:36","guid":{"rendered":"https:\/\/filatelia.cuentista.es\/product\/sello-portugal-1910-rey-carlos-i-2-1-2-reis-gris-usado"},"modified":"2024-11-01T14:13:39","modified_gmt":"2024-11-01T14:13:39","slug":"sello-portugal-1910-rey-carlos-i-2-1-2-reis-gris-usado","status":"publish","type":"product","link":"https:\/\/filatelia.cuentista.es\/en\/product\/sello-portugal-1910-rey-carlos-i-2-1-2-reis-gris-usado","title":{"rendered":"Sello Portugal 1910 &#8211; Rey Carlos I &#8211; 2 1\/2 Reis Gris Usado"},"content":{"rendered":"<p>King Carlos I<\/p>\n<p><img class=\"size-full\"><\/p>\n<p>Pa\u00eds:<\/p>\n<p>Portugal<\/p>\n<p>Serie:<\/p>\n<p>King Carlos I 1895-1896<\/p>\n<p>C\u00f3digo de cat\u00e1logo:<\/p>\n<p>Michel PT 124A<\/p>\n<p>Stamp Number PT 110<\/p>\n<p>Yvert et Tellier PT 124<\/p>\n<p>Stanley Gibbons PT 342<\/p>\n<p>AFA n\u00famero PT 123<\/p>\n<p>Afinsa-Mundifil PT 126<\/p>\n<p>Unificato PT 124<\/p>\n<p>Tiene variantes menores: 1<\/p>\n<p>Temas:<\/p>\n<p>Hombres | Jefes de Estado | Personajes Famosos | Realeza | Reyes<\/p>\n<p>Fecha emisi\u00f3n:<\/p>\n<p>1895-11-01<\/p>\n<p>Fecha de caducidad:<\/p>\n<p>1910-08-31<\/p>\n<p>Tama\u00f1o:<\/p>\n<p>24 x 27 mm<\/p>\n<p>Colores:<\/p>\n<p>Gris<\/p>\n<p>Marca de agua:<\/p>\n<p>Sin Marca de agua<\/p>\n<p>Dise\u00f1adores:<\/p>\n<p>Louis-Eug\u00e8ne Mouchon<\/p>\n<p>Impresores\/Imprentas:<\/p>\n<p>Casa da Moeda de Portugal<\/p>\n<p>Formato:<\/p>\n<p>Sello<\/p>\n<p>Emisi\u00f3n:<\/p>\n<p>Definitivo<\/p>\n<p>Perforaci\u00f3n:<\/p>\n<p>11\u00bd<\/p>\n<p>Impresi\u00f3n:<\/p>\n<p>Tipograf\u00eda<\/p>\n<p>Valor facial:<\/p>\n<p>2\u00bd R &#8211; Reis (antiguo) Portugu\u00e9s<\/p>","protected":false},"excerpt":{"rendered":"<p>King Carlos I Pa\u00eds: Portugal Serie: King Carlos I 1895-1896 C\u00f3digo de cat\u00e1logo: Michel PT 124A Stamp Number PT 110 Yvert et Tellier PT 124 Stanley Gibbons PT 342 AFA n\u00famero PT 123 Afinsa-Mundifil PT 126 Unificato PT 124 Tiene variantes menores: 1 Temas: Hombres | Jefes de Estado | Personajes Famosos | Realeza | &hellip;<\/p>\n<p class=\"read-more\"> <a class=\"thunk-readmore button\" href=\"https:\/\/filatelia.cuentista.es\/en\/product\/sello-portugal-1910-rey-carlos-i-2-1-2-reis-gris-usado\"> <span class=\"screen-reader-text\">Sello Portugal 1910 &#8211; Rey Carlos I &#8211; 2 1\/2 Reis Gris Usado<\/span>Read More<\/a><\/p>","protected":false},"featured_media":6038,"comment_status":"open","ping_status":"closed","template":"","meta":{"_acf_changed":false},"product_brand":[],"product_cat":[1529,20],"product_tag":[],"class_list":{"0":"post-6039","1":"product","2":"type-product","3":"status-publish","4":"has-post-thumbnail","6":"product_cat-portugal","7":"product_cat-sellos-usados","8":"thunk-woo-product-list","9":"opn-qv-enable","10":"open-woo-hover-zoom","11":"open-single-product-tab-horizontal","12":"open-shadow-","13":"open-shadow-hover-","15":"first","16":"instock","17":"shipping-taxable","18":"purchasable","19":"product-type-simple"},"acf":[],"jetpack_sharing_enabled":true,"_links":{"self":[{"href":"https:\/\/filatelia.cuentista.es\/en\/wp-json\/wp\/v2\/product\/6039","targetHints":{"allow":["GET"]}}],"collection":[{"href":"https:\/\/filatelia.cuentista.es\/en\/wp-json\/wp\/v2\/product"}],"about":[{"href":"https:\/\/filatelia.cuentista.es\/en\/wp-json\/wp\/v2\/types\/product"}],"replies":[{"embeddable":true,"href":"https:\/\/filatelia.cuentista.es\/en\/wp-json\/wp\/v2\/comments?post=6039"}],"wp:featuredmedia":[{"embeddable":true,"href":"https:\/\/filatelia.cuentista.es\/en\/wp-json\/wp\/v2\/media\/6038"}],"wp:attachment":[{"href":"https:\/\/filatelia.cuentista.es\/en\/wp-json\/wp\/v2\/media?parent=6039"}],"wp:term":[{"taxonomy":"product_brand","embeddable":true,"href":"https:\/\/filatelia.cuentista.es\/en\/wp-json\/wp\/v2\/product_brand?post=6039"},{"taxonomy":"product_cat","embeddable":true,"href":"https:\/\/filatelia.cuentista.es\/en\/wp-json\/wp\/v2\/product_cat?post=6039"},{"taxonomy":"product_tag","embeddable":true,"href":"https:\/\/filatelia.cuentista.es\/en\/wp-json\/wp\/v2\/product_tag?post=6039"}],"curies":[{"name":"wp","href":"https:\/\/api.w.org\/{rel}","templated":true}]}}