{"id":6035,"date":"2024-11-01T14:05:20","date_gmt":"2024-11-01T14:05:20","guid":{"rendered":"https:\/\/filatelia.cuentista.es\/product\/sello-brasil-1958-abertura-dos-portos-250-cr-usado"},"modified":"2024-11-01T14:05:23","modified_gmt":"2024-11-01T14:05:23","slug":"sello-brasil-1958-abertura-dos-portos-250-cr-usado","status":"publish","type":"product","link":"https:\/\/filatelia.cuentista.es\/en\/product\/sello-brasil-1958-abertura-dos-portos-250-cr-usado","title":{"rendered":"Sello Brasil 1958 &#8211; Abertura dos Porto\u2019s &#8211; 2,50 Cr$ Usado"},"content":{"rendered":"<p>150 years of Opening Ports to Friendly Nations<\/p>\n<p><img class=\"size-full\"><\/p>\n<p>Pa\u00eds:<\/p>\n<p>Brasil<\/p>\n<p>Serie:<\/p>\n<p>Politics<\/p>\n<p>C\u00f3digo de cat\u00e1logo:<\/p>\n<p>Michel BR 923<\/p>\n<p>Stamp Number BR 859<\/p>\n<p>Yvert et Tellier BR 641<\/p>\n<p>Stanley Gibbons BR 972<\/p>\n<p>RHM BR C-401<\/p>\n<p>Temas:<\/p>\n<p>Aniversarios y Jubileos | Barcos | Econom\u00eda | Personajes Famosos | Reyes| Veleros<\/p>\n<p>Fecha emisi\u00f3n:<\/p>\n<p>1958-01-28<\/p>\n<p>Tama\u00f1o:<\/p>\n<p>42 x 29 mm<\/p>\n<p>Colores:<\/p>\n<p>Carm\u00edn P\u00farpura<\/p>\n<p>Marca de agua:<\/p>\n<p>CASA+DA+MOEDA+DO+BRASIL Tipo 2 (Sh) [Up]<\/p>\n<p>Impresores\/Imprentas:<\/p>\n<p>Casa da Moeda do Brasil<\/p>\n<p>Formato:<\/p>\n<p>Sello<\/p>\n<p>Emisi\u00f3n:<\/p>\n<p>Conmemorativo<\/p>\n<p>Perforaci\u00f3n:<\/p>\n<p>peine11\u00be<\/p>\n<p>Impresi\u00f3n:<\/p>\n<p>Rebaje<\/p>\n<p>Valor facial:<\/p>\n<p>2,50 Cruzeiro de Brasil<\/p>\n<p>Tiraje:<\/p>\n<p>5.000.000<\/p>\n<p>Puntuaci\u00f3n:<\/p>\n<p>14% Precisi\u00f3n: Muy alto<\/p>\n<p>Descripci\u00f3n:<\/p>\n<p>Dom Jo\u00e3o VI and a Caravel.<\/p>\n<p><a href=\"https:\/\/colnect.com\/stamps\/stamp\/207850\">https:\/\/colnect.com\/stamps\/stamp\/207850<\/a><\/p>\n","protected":false},"excerpt":{"rendered":"<p>150 years of Opening Ports to Friendly Nations Pa\u00eds: Brasil Serie: Politics C\u00f3digo de cat\u00e1logo: Michel BR 923 Stamp Number BR 859 Yvert et Tellier BR 641 Stanley Gibbons BR 972 RHM BR C-401 Temas: Aniversarios y Jubileos | Barcos | Econom\u00eda | Personajes Famosos | Reyes| Veleros Fecha emisi\u00f3n: 1958-01-28 Tama\u00f1o: 42 x 29 &hellip;<\/p>\n<p class=\"read-more\"> <a class=\"thunk-readmore button\" href=\"https:\/\/filatelia.cuentista.es\/en\/product\/sello-brasil-1958-abertura-dos-portos-250-cr-usado\"> <span class=\"screen-reader-text\">Sello Brasil 1958 &#8211; Abertura dos Porto\u2019s &#8211; 2,50 Cr$ Usado<\/span>Read More<\/a><\/p>","protected":false},"featured_media":6034,"comment_status":"open","ping_status":"closed","template":"","meta":{"_acf_changed":false},"product_brand":[],"product_cat":[1294,20],"product_tag":[95,1528,1527],"class_list":{"0":"post-6035","1":"product","2":"type-product","3":"status-publish","4":"has-post-thumbnail","6":"product_cat-brasil","7":"product_cat-sellos-usados","8":"product_tag-barcos","9":"product_tag-comercios","10":"product_tag-puertos","11":"thunk-woo-product-list","12":"opn-qv-enable","13":"open-woo-hover-zoom","14":"open-single-product-tab-horizontal","15":"open-shadow-","16":"open-shadow-hover-","18":"first","19":"instock","20":"shipping-taxable","21":"purchasable","22":"product-type-simple"},"acf":[],"jetpack_sharing_enabled":true,"_links":{"self":[{"href":"https:\/\/filatelia.cuentista.es\/en\/wp-json\/wp\/v2\/product\/6035","targetHints":{"allow":["GET"]}}],"collection":[{"href":"https:\/\/filatelia.cuentista.es\/en\/wp-json\/wp\/v2\/product"}],"about":[{"href":"https:\/\/filatelia.cuentista.es\/en\/wp-json\/wp\/v2\/types\/product"}],"replies":[{"embeddable":true,"href":"https:\/\/filatelia.cuentista.es\/en\/wp-json\/wp\/v2\/comments?post=6035"}],"wp:featuredmedia":[{"embeddable":true,"href":"https:\/\/filatelia.cuentista.es\/en\/wp-json\/wp\/v2\/media\/6034"}],"wp:attachment":[{"href":"https:\/\/filatelia.cuentista.es\/en\/wp-json\/wp\/v2\/media?parent=6035"}],"wp:term":[{"taxonomy":"product_brand","embeddable":true,"href":"https:\/\/filatelia.cuentista.es\/en\/wp-json\/wp\/v2\/product_brand?post=6035"},{"taxonomy":"product_cat","embeddable":true,"href":"https:\/\/filatelia.cuentista.es\/en\/wp-json\/wp\/v2\/product_cat?post=6035"},{"taxonomy":"product_tag","embeddable":true,"href":"https:\/\/filatelia.cuentista.es\/en\/wp-json\/wp\/v2\/product_tag?post=6035"}],"curies":[{"name":"wp","href":"https:\/\/api.w.org\/{rel}","templated":true}]}}