{"id":6031,"date":"2024-11-01T13:56:59","date_gmt":"2024-11-01T13:56:59","guid":{"rendered":"https:\/\/filatelia.cuentista.es\/product\/sello-bracil-1965-cooperacion-internacional-1-20-crz-azul-y-negro-usado"},"modified":"2024-11-01T17:44:07","modified_gmt":"2024-11-01T17:44:07","slug":"sello-bracil-1965-cooperacion-internacional-1-20-crz-azul-y-negro-usado","status":"publish","type":"product","link":"https:\/\/filatelia.cuentista.es\/en\/product\/sello-bracil-1965-cooperacion-internacional-1-20-crz-azul-y-negro-usado","title":{"rendered":"Sello Brasil 1965 &#8211; Cooperaci\u00f3n Internacional- 120 Crz Azul y negro Usado"},"content":{"rendered":"<p>International Cooperation Year<\/p>\n<p><img class=\"size-full\"><\/p>\n<p>Pa\u00eds:<\/p>\n<p>Brasil<\/p>\n<p>C\u00f3digo de cat\u00e1logo:<\/p>\n<p>Michel BR 1085<\/p>\n<p>Stamp Number BR 1007<\/p>\n<p>Yvert et Tellier BR 780<\/p>\n<p>Stanley Gibbons BR 1124<\/p>\n<p>RHM BR C-535<\/p>\n<p>Temas:<\/p>\n<p>A\u00f1os Internacionales | Manos<\/p>\n<p>Fecha emisi\u00f3n:<\/p>\n<p>1965-08-25<\/p>\n<p>Colores:<\/p>\n<p>Azul Gris | Negro<\/p>\n<p>Impresores\/Imprentas:<\/p>\n<p>Casa da Moeda do Brasil<\/p>\n<p>Formato:<\/p>\n<p>Sello<\/p>\n<p>Emisi\u00f3n:<\/p>\n<p>Conmemorativo<\/p>\n<p>Perforaci\u00f3n:<\/p>\n<p>peine11\u00bd<\/p>\n<p>Impresi\u00f3n:<\/p>\n<p>Fotograbado<\/p>\n<p>Valor facial:<\/p>\n<p>120 Cruzeiro de Brasil<\/p>\n<p>Tiraje:<\/p>\n<p>5.000.000<\/p>\n<p>Puntuaci\u00f3n:<\/p>\n<p>23% Precisi\u00f3n: Muy alto<\/p>\n<p>Descripci\u00f3n:<\/p>\n<p>Handshake and symbol of the UN<\/p>\n<p><a href=\"https:\/\/colnect.com\/stamps\/stamp\/263059\">https:\/\/colnect.com\/stamps\/stamp\/263059<\/a><\/p>","protected":false},"excerpt":{"rendered":"<p>International Cooperation Year Pa\u00eds: Brasil C\u00f3digo de cat\u00e1logo: Michel BR 1085 Stamp Number BR 1007 Yvert et Tellier BR 780 Stanley Gibbons BR 1124 RHM BR C-535 Temas: A\u00f1os Internacionales | Manos Fecha emisi\u00f3n: 1965-08-25 Colores: Azul Gris | Negro Impresores\/Imprentas: Casa da Moeda do Brasil Formato: Sello Emisi\u00f3n: Conmemorativo Perforaci\u00f3n: peine11\u00bd Impresi\u00f3n: Fotograbado Valor &hellip;<\/p>\n<p class=\"read-more\"> <a class=\"thunk-readmore button\" href=\"https:\/\/filatelia.cuentista.es\/en\/product\/sello-bracil-1965-cooperacion-internacional-1-20-crz-azul-y-negro-usado\"> <span class=\"screen-reader-text\">Sello Brasil 1965 &#8211; Cooperaci\u00f3n Internacional- 120 Crz Azul y negro Usado<\/span>Read More<\/a><\/p>","protected":false},"featured_media":6091,"comment_status":"open","ping_status":"closed","template":"","meta":{"_acf_changed":false},"product_brand":[],"product_cat":[1294,20],"product_tag":[],"class_list":{"0":"post-6031","1":"product","2":"type-product","3":"status-publish","4":"has-post-thumbnail","6":"product_cat-brasil","7":"product_cat-sellos-usados","8":"thunk-woo-product-list","9":"opn-qv-enable","10":"open-woo-hover-zoom","11":"open-single-product-tab-horizontal","12":"open-shadow-","13":"open-shadow-hover-","15":"first","16":"instock","17":"shipping-taxable","18":"purchasable","19":"product-type-simple"},"acf":[],"jetpack_sharing_enabled":true,"_links":{"self":[{"href":"https:\/\/filatelia.cuentista.es\/en\/wp-json\/wp\/v2\/product\/6031","targetHints":{"allow":["GET"]}}],"collection":[{"href":"https:\/\/filatelia.cuentista.es\/en\/wp-json\/wp\/v2\/product"}],"about":[{"href":"https:\/\/filatelia.cuentista.es\/en\/wp-json\/wp\/v2\/types\/product"}],"replies":[{"embeddable":true,"href":"https:\/\/filatelia.cuentista.es\/en\/wp-json\/wp\/v2\/comments?post=6031"}],"wp:featuredmedia":[{"embeddable":true,"href":"https:\/\/filatelia.cuentista.es\/en\/wp-json\/wp\/v2\/media\/6091"}],"wp:attachment":[{"href":"https:\/\/filatelia.cuentista.es\/en\/wp-json\/wp\/v2\/media?parent=6031"}],"wp:term":[{"taxonomy":"product_brand","embeddable":true,"href":"https:\/\/filatelia.cuentista.es\/en\/wp-json\/wp\/v2\/product_brand?post=6031"},{"taxonomy":"product_cat","embeddable":true,"href":"https:\/\/filatelia.cuentista.es\/en\/wp-json\/wp\/v2\/product_cat?post=6031"},{"taxonomy":"product_tag","embeddable":true,"href":"https:\/\/filatelia.cuentista.es\/en\/wp-json\/wp\/v2\/product_tag?post=6031"}],"curies":[{"name":"wp","href":"https:\/\/api.w.org\/{rel}","templated":true}]}}