{"id":603,"date":"2024-07-20T06:40:09","date_gmt":"2024-07-20T06:40:09","guid":{"rendered":"https:\/\/filatelia.cuentista.es\/product\/nationalparker-2"},"modified":"2024-07-28T05:24:08","modified_gmt":"2024-07-28T05:24:08","slug":"nationalparker-2","status":"publish","type":"product","link":"https:\/\/filatelia.cuentista.es\/en\/product\/nationalparker-2","title":{"rendered":"Nationalparker 2 &#8211; Sobre primer dia Suecia 1990"},"content":{"rendered":"<p>Sobre primer dia de suecia 1990 con cinco valores en un sobre ilustrado a todo color.<\/p>\n<p>Los\u00a0<a title=\"Parque nacional\" href=\"https:\/\/es.wikipedia.org\/wiki\/Parque_nacional\">parques nacionales<\/a>\u00a0de\u00a0<a title=\"Suecia\" href=\"https:\/\/es.wikipedia.org\/wiki\/Suecia\">Suecia<\/a>\u00a0son gestionados por la Agencia de Protecci\u00f3n Ambiental de Suecia (en\u00a0<a title=\"Idioma sueco\" href=\"https:\/\/es.wikipedia.org\/wiki\/Idioma_sueco\">sueco<\/a>:\u00a0<i lang=\"sv\">Naturv\u00e5rdsverket<\/i>) y son propiedad del Estado (salvo uno, el de Tyresta, administrado por una fundaci\u00f3n, la Stiftelsen Tyrestaskogen).. El objetivo del servicio del parque nacional es la creaci\u00f3n de un sistema de \u00e1reas protegidas que representen todas las regiones naturales distintas del pa\u00eds.<\/p>\n<p class=\"p1\"><b>Los sobres de primer d\u00eda son objetos de colecci\u00f3n muy valorados por los filat\u00e9licos.<\/b> Estos sobres especiales se utilizan para enviar una carta el mismo d\u00eda en que se emite un nuevo sello postal. Al ser los primeros en utilizar ese sello en particular, adquieren un valor a\u00f1adido para los coleccionistas. Los sobres de primer d\u00eda suelen incluir un matasellos con la fecha de emisi\u00f3n y el nombre de la oficina de correos donde se expidi\u00f3 el sello, lo que los convierte en piezas \u00fanicas y aut\u00e9nticas. Adem\u00e1s de su valor filat\u00e9lico, estos sobres a menudo presentan dise\u00f1os atractivos y conmemorativos, relacionados con el tema del sello emitido, lo que los convierte en peque\u00f1os tesoros para los amantes de la historia y el arte postal.<\/p>","protected":false},"excerpt":{"rendered":"<p>Sobre primer dia de suecia 1990 con cinco valores en un sobre ilustrado a todo color.<\/p>","protected":false},"featured_media":787,"comment_status":"open","ping_status":"closed","template":"","meta":{"_acf_changed":false},"product_brand":[],"product_cat":[19],"product_tag":[133,190,79,275,189,174],"class_list":{"0":"post-603","1":"product","2":"type-product","3":"status-publish","4":"has-post-thumbnail","6":"product_cat-spd-sobres-primer-dia","7":"product_tag-133","8":"product_tag-fdc","9":"product_tag-naturaleza","10":"product_tag-parques-nacionales","11":"product_tag-spd","12":"product_tag-suecia","13":"thunk-woo-product-list","14":"opn-qv-enable","15":"open-woo-hover-zoom","16":"open-single-product-tab-horizontal","17":"open-shadow-","18":"open-shadow-hover-","20":"first","21":"instock","22":"sale","23":"shipping-taxable","24":"purchasable","25":"product-type-simple"},"acf":[],"jetpack_sharing_enabled":true,"_links":{"self":[{"href":"https:\/\/filatelia.cuentista.es\/en\/wp-json\/wp\/v2\/product\/603","targetHints":{"allow":["GET"]}}],"collection":[{"href":"https:\/\/filatelia.cuentista.es\/en\/wp-json\/wp\/v2\/product"}],"about":[{"href":"https:\/\/filatelia.cuentista.es\/en\/wp-json\/wp\/v2\/types\/product"}],"replies":[{"embeddable":true,"href":"https:\/\/filatelia.cuentista.es\/en\/wp-json\/wp\/v2\/comments?post=603"}],"wp:featuredmedia":[{"embeddable":true,"href":"https:\/\/filatelia.cuentista.es\/en\/wp-json\/wp\/v2\/media\/787"}],"wp:attachment":[{"href":"https:\/\/filatelia.cuentista.es\/en\/wp-json\/wp\/v2\/media?parent=603"}],"wp:term":[{"taxonomy":"product_brand","embeddable":true,"href":"https:\/\/filatelia.cuentista.es\/en\/wp-json\/wp\/v2\/product_brand?post=603"},{"taxonomy":"product_cat","embeddable":true,"href":"https:\/\/filatelia.cuentista.es\/en\/wp-json\/wp\/v2\/product_cat?post=603"},{"taxonomy":"product_tag","embeddable":true,"href":"https:\/\/filatelia.cuentista.es\/en\/wp-json\/wp\/v2\/product_tag?post=603"}],"curies":[{"name":"wp","href":"https:\/\/api.w.org\/{rel}","templated":true}]}}