{"id":6025,"date":"2024-10-30T21:46:16","date_gmt":"2024-10-30T21:46:16","guid":{"rendered":"https:\/\/filatelia.cuentista.es\/product\/sello-brasil-1946-siderurgia-120-crz-azul-usado"},"modified":"2024-10-30T21:46:20","modified_gmt":"2024-10-30T21:46:20","slug":"sello-brasil-1946-siderurgia-120-crz-azul-usado","status":"publish","type":"product","link":"https:\/\/filatelia.cuentista.es\/en\/product\/sello-brasil-1946-siderurgia-120-crz-azul-usado","title":{"rendered":"Sello Brasil 1946 &#8211; Siderurgia- 1,20 Crz Azul Usado"},"content":{"rendered":"<p>Steel Industry<\/p>\n<p><img class=\"size-full\"><\/p>\n<p>Pa\u00eds:<\/p>\n<p>Brasil<\/p>\n<p>Serie:<\/p>\n<p>Definitives, Cruzeiro<\/p>\n<p>C\u00f3digo de cat\u00e1logo:<\/p>\n<p>Michel BR 707XI<\/p>\n<p>Stamp Number BR 665<\/p>\n<p>Yvert et Tellier BR 467<\/p>\n<p>Stanley Gibbons BR 761<\/p>\n<p>RHM BR 471<\/p>\n<p>Variantes:<\/p>\n<p>Click para ver variantes<\/p>\n<p>Temas:<\/p>\n<p>Industria metal\u00fargica<\/p>\n<p>Fecha emisi\u00f3n:<\/p>\n<p>1946<\/p>\n<p>Tama\u00f1o:<\/p>\n<p>23 x 26 mm<\/p>\n<p>Colores:<\/p>\n<p>Azul<\/p>\n<p>Marca de agua:<\/p>\n<p>CORREIO BRASIL y Estrellas Tipo 1 (Sh) [S]<\/p>\n<p>Impresores\/Imprentas:<\/p>\n<p>Casa da Moeda do Brasil<\/p>\n<p>Formato:<\/p>\n<p>Sello<\/p>\n<p>Emisi\u00f3n:<\/p>\n<p>Definitivo<\/p>\n<p>Perforaci\u00f3n:<\/p>\n<p>11<\/p>\n<p>Impresi\u00f3n:<\/p>\n<p>Tipograf\u00eda<\/p>\n<p>Valor facial:<\/p>\n<p>1,20 Cruzeiro de Brasil<\/p>\n<p><a href=\"https:\/\/colnect.com\/stamps\/stamp\/303263\">https:\/\/colnect.com\/stamps\/stamp\/303263<\/a><\/p>\n","protected":false},"excerpt":{"rendered":"<p>Steel Industry Pa\u00eds: Brasil Serie: Definitives, Cruzeiro C\u00f3digo de cat\u00e1logo: Michel BR 707XI Stamp Number BR 665 Yvert et Tellier BR 467 Stanley Gibbons BR 761 RHM BR 471 Variantes: Click para ver variantes Temas: Industria metal\u00fargica Fecha emisi\u00f3n: 1946 Tama\u00f1o: 23 x 26 mm Colores: Azul Marca de agua: CORREIO BRASIL y Estrellas Tipo &hellip;<\/p>\n<p class=\"read-more\"> <a class=\"thunk-readmore button\" href=\"https:\/\/filatelia.cuentista.es\/en\/product\/sello-brasil-1946-siderurgia-120-crz-azul-usado\"> <span class=\"screen-reader-text\">Sello Brasil 1946 &#8211; Siderurgia- 1,20 Crz Azul Usado<\/span>Read More<\/a><\/p>","protected":false},"featured_media":6024,"comment_status":"open","ping_status":"closed","template":"","meta":{"_acf_changed":false},"product_brand":[],"product_cat":[1294,20],"product_tag":[],"class_list":{"0":"post-6025","1":"product","2":"type-product","3":"status-publish","4":"has-post-thumbnail","6":"product_cat-brasil","7":"product_cat-sellos-usados","8":"thunk-woo-product-list","9":"opn-qv-enable","10":"open-woo-hover-zoom","11":"open-single-product-tab-horizontal","12":"open-shadow-","13":"open-shadow-hover-","15":"first","16":"instock","17":"shipping-taxable","18":"purchasable","19":"product-type-simple"},"acf":[],"jetpack_sharing_enabled":true,"_links":{"self":[{"href":"https:\/\/filatelia.cuentista.es\/en\/wp-json\/wp\/v2\/product\/6025","targetHints":{"allow":["GET"]}}],"collection":[{"href":"https:\/\/filatelia.cuentista.es\/en\/wp-json\/wp\/v2\/product"}],"about":[{"href":"https:\/\/filatelia.cuentista.es\/en\/wp-json\/wp\/v2\/types\/product"}],"replies":[{"embeddable":true,"href":"https:\/\/filatelia.cuentista.es\/en\/wp-json\/wp\/v2\/comments?post=6025"}],"wp:featuredmedia":[{"embeddable":true,"href":"https:\/\/filatelia.cuentista.es\/en\/wp-json\/wp\/v2\/media\/6024"}],"wp:attachment":[{"href":"https:\/\/filatelia.cuentista.es\/en\/wp-json\/wp\/v2\/media?parent=6025"}],"wp:term":[{"taxonomy":"product_brand","embeddable":true,"href":"https:\/\/filatelia.cuentista.es\/en\/wp-json\/wp\/v2\/product_brand?post=6025"},{"taxonomy":"product_cat","embeddable":true,"href":"https:\/\/filatelia.cuentista.es\/en\/wp-json\/wp\/v2\/product_cat?post=6025"},{"taxonomy":"product_tag","embeddable":true,"href":"https:\/\/filatelia.cuentista.es\/en\/wp-json\/wp\/v2\/product_tag?post=6025"}],"curies":[{"name":"wp","href":"https:\/\/api.w.org\/{rel}","templated":true}]}}