{"id":6017,"date":"2024-10-30T21:29:01","date_gmt":"2024-10-30T21:29:01","guid":{"rendered":"https:\/\/filatelia.cuentista.es\/product\/sello-uruguay-1958-campeonato-sudamericano-de-natacion-10-c-azul-usado"},"modified":"2024-10-30T21:29:06","modified_gmt":"2024-10-30T21:29:06","slug":"sello-uruguay-1958-campeonato-sudamericano-de-natacion-10-c-azul-usado","status":"publish","type":"product","link":"https:\/\/filatelia.cuentista.es\/en\/product\/sello-uruguay-1958-campeonato-sudamericano-de-natacion-10-c-azul-usado","title":{"rendered":"Sello Uruguay 1958 &#8211; Campeonato Sudamericano de Nataci\u00f3n &#8211; 10 c Azul Usado"},"content":{"rendered":"<p>Swimmer at start<\/p>\n<p><img class=\"size-full\"><\/p>\n<p>Pa\u00eds:<\/p>\n<p>Uruguay<\/p>\n<p>Serie:<\/p>\n<p>14th South American swimming championship<\/p>\n<p>C\u00f3digo de cat\u00e1logo:<\/p>\n<p>Michel UY 811<\/p>\n<p>Stamp Number UY 629<\/p>\n<p>Yvert et Tellier UY 647<\/p>\n<p>Stanley Gibbons UY 1074<\/p>\n<p>Ciardi UY 647<\/p>\n<p>Tiene variantes menores: 2<\/p>\n<p>Temas:<\/p>\n<p>Deportes | Deportes Acu\u00e1ticos | Nataci\u00f3n<\/p>\n<p>Fecha emisi\u00f3n:<\/p>\n<p>1958-02-14<\/p>\n<p>Tama\u00f1o:<\/p>\n<p>42 x 30 mm<\/p>\n<p>Colores:<\/p>\n<p>Azul<\/p>\n<p>Marca de agua:<\/p>\n<p>Sin Marca de agua<\/p>\n<p>Impresores\/Imprentas:<\/p>\n<p>Imprenta Nacional, Montevideo<\/p>\n<p>Formato:<\/p>\n<p>Sello<\/p>\n<p>Emisi\u00f3n:<\/p>\n<p>Conmemorativo<\/p>\n<p>Perforaci\u00f3n:<\/p>\n<p>11<\/p>\n<p>Impresi\u00f3n:<\/p>\n<p>Litograf\u00eda offset<\/p>\n<p>Papel:<\/p>\n<p>fine<\/p>\n<p>Valor facial:<\/p>\n<p>10 Cent\u00e9simo Uruguayo<\/p>\n<p>Tiraje:<\/p>\n<p>3.000.000<\/p>\n<p><a href=\"https:\/\/colnect.com\/stamps\/stamp\/1008610\">https:\/\/colnect.com\/stamps\/stamp\/1008610<\/a><\/p>","protected":false},"excerpt":{"rendered":"<p>Swimmer at start Pa\u00eds: Uruguay Serie: 14th South American swimming championship C\u00f3digo de cat\u00e1logo: Michel UY 811 Stamp Number UY 629 Yvert et Tellier UY 647 Stanley Gibbons UY 1074 Ciardi UY 647 Tiene variantes menores: 2 Temas: Deportes | Deportes Acu\u00e1ticos | Nataci\u00f3n Fecha emisi\u00f3n: 1958-02-14 Tama\u00f1o: 42 x 30 mm Colores: Azul Marca &hellip;<\/p>\n<p class=\"read-more\"> <a class=\"thunk-readmore button\" href=\"https:\/\/filatelia.cuentista.es\/en\/product\/sello-uruguay-1958-campeonato-sudamericano-de-natacion-10-c-azul-usado\"> <span class=\"screen-reader-text\">Sello Uruguay 1958 &#8211; Campeonato Sudamericano de Nataci\u00f3n &#8211; 10 c Azul Usado<\/span>Read More<\/a><\/p>","protected":false},"featured_media":6016,"comment_status":"open","ping_status":"closed","template":"","meta":{"_acf_changed":false},"product_brand":[],"product_cat":[763,20],"product_tag":[],"class_list":{"0":"post-6017","1":"product","2":"type-product","3":"status-publish","4":"has-post-thumbnail","6":"product_cat-uruguay","7":"product_cat-sellos-usados","8":"thunk-woo-product-list","9":"opn-qv-enable","10":"open-woo-hover-zoom","11":"open-single-product-tab-horizontal","12":"open-shadow-","13":"open-shadow-hover-","15":"first","16":"instock","17":"sale","18":"shipping-taxable","19":"purchasable","20":"product-type-simple"},"acf":[],"jetpack_sharing_enabled":true,"_links":{"self":[{"href":"https:\/\/filatelia.cuentista.es\/en\/wp-json\/wp\/v2\/product\/6017","targetHints":{"allow":["GET"]}}],"collection":[{"href":"https:\/\/filatelia.cuentista.es\/en\/wp-json\/wp\/v2\/product"}],"about":[{"href":"https:\/\/filatelia.cuentista.es\/en\/wp-json\/wp\/v2\/types\/product"}],"replies":[{"embeddable":true,"href":"https:\/\/filatelia.cuentista.es\/en\/wp-json\/wp\/v2\/comments?post=6017"}],"wp:featuredmedia":[{"embeddable":true,"href":"https:\/\/filatelia.cuentista.es\/en\/wp-json\/wp\/v2\/media\/6016"}],"wp:attachment":[{"href":"https:\/\/filatelia.cuentista.es\/en\/wp-json\/wp\/v2\/media?parent=6017"}],"wp:term":[{"taxonomy":"product_brand","embeddable":true,"href":"https:\/\/filatelia.cuentista.es\/en\/wp-json\/wp\/v2\/product_brand?post=6017"},{"taxonomy":"product_cat","embeddable":true,"href":"https:\/\/filatelia.cuentista.es\/en\/wp-json\/wp\/v2\/product_cat?post=6017"},{"taxonomy":"product_tag","embeddable":true,"href":"https:\/\/filatelia.cuentista.es\/en\/wp-json\/wp\/v2\/product_tag?post=6017"}],"curies":[{"name":"wp","href":"https:\/\/api.w.org\/{rel}","templated":true}]}}