{"id":6013,"date":"2024-10-30T21:19:30","date_gmt":"2024-10-30T21:19:30","guid":{"rendered":"https:\/\/filatelia.cuentista.es\/product\/sello-uruguay-1948-monumento-a-rodo-2-centavos-marron-usado"},"modified":"2024-10-30T21:19:35","modified_gmt":"2024-10-30T21:19:35","slug":"sello-uruguay-1948-monumento-a-rodo-2-centavos-marron-usado","status":"publish","type":"product","link":"https:\/\/filatelia.cuentista.es\/en\/product\/sello-uruguay-1948-monumento-a-rodo-2-centavos-marron-usado","title":{"rendered":"Sello Uruguay 1948 &#8211; Monumento a Rodo &#8211; 2 Centavos Marr\u00f3n Usado"},"content":{"rendered":"<p>Bust of Jose Enrique Rodo<\/p>\n<p><img class=\"size-full\"><\/p>\n<p>Pa\u00eds:<\/p>\n<p>Uruguay<\/p>\n<p>Serie:<\/p>\n<p>Monument of Jos\u00e9 Enrique Rod\u00f3<\/p>\n<p>C\u00f3digo de cat\u00e1logo:<\/p>\n<p>Michel UY 736<\/p>\n<p>Stamp Number UY 563<\/p>\n<p>Yvert et Tellier UY 590<\/p>\n<p>Stanley Gibbons UY 985<\/p>\n<p>Ciardi UY 590<\/p>\n<p>Temas:<\/p>\n<p>Estatuas | Gente de Letras (escritores y poetas) | Monumentos<\/p>\n<p>Fecha emisi\u00f3n:<\/p>\n<p>1948-01-30<\/p>\n<p>Colores:<\/p>\n<p>Carm\u00edn | Marr\u00f3n<\/p>\n<p>Marca de agua:<\/p>\n<p>Sin Marca de agua<\/p>\n<p>Impresores\/Imprentas:<\/p>\n<p>Waterlow &amp; Sons Ltd<\/p>\n<p>Formato:<\/p>\n<p>Sello<\/p>\n<p>Emisi\u00f3n:<\/p>\n<p>Conmemorativo<\/p>\n<p>Perforaci\u00f3n:<\/p>\n<p>12\u00bd<\/p>\n<p>Impresi\u00f3n:<\/p>\n<p>Rebaje<\/p>\n<p>Papel:<\/p>\n<p>Medium<\/p>\n<p>Valor facial:<\/p>\n<p>50 Cent\u00e9simo Uruguayo<\/p>\n<p>Tiraje:<\/p>\n<p>200.000<\/p>\n<p><a href=\"https:\/\/colnect.com\/stamps\/stamp\/372679\">https:\/\/colnect.com\/stamps\/stamp\/372679<\/a><\/p>","protected":false},"excerpt":{"rendered":"<p>Bust of Jose Enrique Rodo Pa\u00eds: Uruguay Serie: Monument of Jos\u00e9 Enrique Rod\u00f3 C\u00f3digo de cat\u00e1logo: Michel UY 736 Stamp Number UY 563 Yvert et Tellier UY 590 Stanley Gibbons UY 985 Ciardi UY 590 Temas: Estatuas | Gente de Letras (escritores y poetas) | Monumentos Fecha emisi\u00f3n: 1948-01-30 Colores: Carm\u00edn | Marr\u00f3n Marca de &hellip;<\/p>\n<p class=\"read-more\"> <a class=\"thunk-readmore button\" href=\"https:\/\/filatelia.cuentista.es\/en\/product\/sello-uruguay-1948-monumento-a-rodo-2-centavos-marron-usado\"> <span class=\"screen-reader-text\">Sello Uruguay 1948 &#8211; Monumento a Rodo &#8211; 2 Centavos Marr\u00f3n Usado<\/span>Read More<\/a><\/p>","protected":false},"featured_media":6012,"comment_status":"open","ping_status":"closed","template":"","meta":{"_acf_changed":false},"product_brand":[],"product_cat":[763,20],"product_tag":[],"class_list":{"0":"post-6013","1":"product","2":"type-product","3":"status-publish","4":"has-post-thumbnail","6":"product_cat-uruguay","7":"product_cat-sellos-usados","8":"thunk-woo-product-list","9":"opn-qv-enable","10":"open-woo-hover-zoom","11":"open-single-product-tab-horizontal","12":"open-shadow-","13":"open-shadow-hover-","15":"first","16":"instock","17":"shipping-taxable","18":"purchasable","19":"product-type-simple"},"acf":[],"jetpack_sharing_enabled":true,"_links":{"self":[{"href":"https:\/\/filatelia.cuentista.es\/en\/wp-json\/wp\/v2\/product\/6013","targetHints":{"allow":["GET"]}}],"collection":[{"href":"https:\/\/filatelia.cuentista.es\/en\/wp-json\/wp\/v2\/product"}],"about":[{"href":"https:\/\/filatelia.cuentista.es\/en\/wp-json\/wp\/v2\/types\/product"}],"replies":[{"embeddable":true,"href":"https:\/\/filatelia.cuentista.es\/en\/wp-json\/wp\/v2\/comments?post=6013"}],"wp:featuredmedia":[{"embeddable":true,"href":"https:\/\/filatelia.cuentista.es\/en\/wp-json\/wp\/v2\/media\/6012"}],"wp:attachment":[{"href":"https:\/\/filatelia.cuentista.es\/en\/wp-json\/wp\/v2\/media?parent=6013"}],"wp:term":[{"taxonomy":"product_brand","embeddable":true,"href":"https:\/\/filatelia.cuentista.es\/en\/wp-json\/wp\/v2\/product_brand?post=6013"},{"taxonomy":"product_cat","embeddable":true,"href":"https:\/\/filatelia.cuentista.es\/en\/wp-json\/wp\/v2\/product_cat?post=6013"},{"taxonomy":"product_tag","embeddable":true,"href":"https:\/\/filatelia.cuentista.es\/en\/wp-json\/wp\/v2\/product_tag?post=6013"}],"curies":[{"name":"wp","href":"https:\/\/api.w.org\/{rel}","templated":true}]}}