{"id":6009,"date":"2024-10-29T20:25:13","date_gmt":"2024-10-29T20:25:13","guid":{"rendered":"https:\/\/filatelia.cuentista.es\/product\/sello-uruguay-1949-centenario-universidad-31-c-azul-usado-aereo"},"modified":"2024-10-29T20:25:17","modified_gmt":"2024-10-29T20:25:17","slug":"sello-uruguay-1949-centenario-universidad-31-c-azul-usado-aereo","status":"publish","type":"product","link":"https:\/\/filatelia.cuentista.es\/en\/product\/sello-uruguay-1949-centenario-universidad-31-c-azul-usado-aereo","title":{"rendered":"Sello Uruguay 1949 &#8211; Centenario Universidad- 31 c. Azul Usado A\u00e9reo"},"content":{"rendered":"<p>Engineering School, Montevideo<\/p>\n<p><img class=\"size-full\"><\/p>\n<p>Pa\u00eds:<\/p>\n<p>Uruguay<\/p>\n<p>Serie:<\/p>\n<p>Centenary of Uruguayan University<\/p>\n<p>C\u00f3digo de cat\u00e1logo:<\/p>\n<p>Michel UY 749<\/p>\n<p>Stamp Number UY C143<\/p>\n<p>Yvert et Tellier UY PA145<\/p>\n<p>Stanley Gibbons UY 997<\/p>\n<p>Ciardi UY A145<\/p>\n<p>Temas:<\/p>\n<p>Edificios | Universidades<\/p>\n<p>Fecha emisi\u00f3n:<\/p>\n<p>1949-12-07<\/p>\n<p>Tama\u00f1o:<\/p>\n<p>39 x 27 mm<\/p>\n<p>Colores:<\/p>\n<p>Azul<\/p>\n<p>Marca de agua:<\/p>\n<p>Sin Marca de agua<\/p>\n<p>Impresores\/Imprentas:<\/p>\n<p>Imprenta Nacional, Montevideo<\/p>\n<p>Formato:<\/p>\n<p>Sello<\/p>\n<p>Emisi\u00f3n:<\/p>\n<p>Correo A\u00e9reo<\/p>\n<p>Perforaci\u00f3n:<\/p>\n<p>12\u00bd<\/p>\n<p>Impresi\u00f3n:<\/p>\n<p>Litograf\u00eda<\/p>\n<p>Papel:<\/p>\n<p>fine<\/p>\n<p>Valor facial:<\/p>\n<p>31 Cent\u00e9simo Uruguayo<\/p>\n<p>Tiraje:<\/p>\n<p>1.000.000<\/p>\n<p><a href=\"https:\/\/colnect.com\/stamps\/stamp\/304392\">https:\/\/colnect.com\/stamps\/stamp\/304392<\/a><\/p>","protected":false},"excerpt":{"rendered":"<p>Engineering School, Montevideo Pa\u00eds: Uruguay Serie: Centenary of Uruguayan University C\u00f3digo de cat\u00e1logo: Michel UY 749 Stamp Number UY C143 Yvert et Tellier UY PA145 Stanley Gibbons UY 997 Ciardi UY A145 Temas: Edificios | Universidades Fecha emisi\u00f3n: 1949-12-07 Tama\u00f1o: 39 x 27 mm Colores: Azul Marca de agua: Sin Marca de agua Impresores\/Imprentas: Imprenta &hellip;<\/p>\n<p class=\"read-more\"> <a class=\"thunk-readmore button\" href=\"https:\/\/filatelia.cuentista.es\/en\/product\/sello-uruguay-1949-centenario-universidad-31-c-azul-usado-aereo\"> <span class=\"screen-reader-text\">Sello Uruguay 1949 &#8211; Centenario Universidad- 31 c. Azul Usado A\u00e9reo<\/span>Read More<\/a><\/p>","protected":false},"featured_media":6008,"comment_status":"open","ping_status":"closed","template":"","meta":{"_acf_changed":false},"product_brand":[],"product_cat":[815,763,20],"product_tag":[],"class_list":{"0":"post-6009","1":"product","2":"type-product","3":"status-publish","4":"has-post-thumbnail","6":"product_cat-correo-aereo","7":"product_cat-uruguay","8":"product_cat-sellos-usados","9":"thunk-woo-product-list","10":"opn-qv-enable","11":"open-woo-hover-zoom","12":"open-single-product-tab-horizontal","13":"open-shadow-","14":"open-shadow-hover-","16":"first","17":"instock","18":"shipping-taxable","19":"purchasable","20":"product-type-simple"},"acf":[],"jetpack_sharing_enabled":true,"_links":{"self":[{"href":"https:\/\/filatelia.cuentista.es\/en\/wp-json\/wp\/v2\/product\/6009","targetHints":{"allow":["GET"]}}],"collection":[{"href":"https:\/\/filatelia.cuentista.es\/en\/wp-json\/wp\/v2\/product"}],"about":[{"href":"https:\/\/filatelia.cuentista.es\/en\/wp-json\/wp\/v2\/types\/product"}],"replies":[{"embeddable":true,"href":"https:\/\/filatelia.cuentista.es\/en\/wp-json\/wp\/v2\/comments?post=6009"}],"wp:featuredmedia":[{"embeddable":true,"href":"https:\/\/filatelia.cuentista.es\/en\/wp-json\/wp\/v2\/media\/6008"}],"wp:attachment":[{"href":"https:\/\/filatelia.cuentista.es\/en\/wp-json\/wp\/v2\/media?parent=6009"}],"wp:term":[{"taxonomy":"product_brand","embeddable":true,"href":"https:\/\/filatelia.cuentista.es\/en\/wp-json\/wp\/v2\/product_brand?post=6009"},{"taxonomy":"product_cat","embeddable":true,"href":"https:\/\/filatelia.cuentista.es\/en\/wp-json\/wp\/v2\/product_cat?post=6009"},{"taxonomy":"product_tag","embeddable":true,"href":"https:\/\/filatelia.cuentista.es\/en\/wp-json\/wp\/v2\/product_tag?post=6009"}],"curies":[{"name":"wp","href":"https:\/\/api.w.org\/{rel}","templated":true}]}}