{"id":6007,"date":"2024-10-29T20:21:15","date_gmt":"2024-10-29T20:21:15","guid":{"rendered":"https:\/\/filatelia.cuentista.es\/product\/sello-uruguay-1965-natalicio-de-artigas-1-00-usado-aereo"},"modified":"2024-10-29T20:21:19","modified_gmt":"2024-10-29T20:21:19","slug":"sello-uruguay-1965-natalicio-de-artigas-1-00-usado-aereo","status":"publish","type":"product","link":"https:\/\/filatelia.cuentista.es\/en\/product\/sello-uruguay-1965-natalicio-de-artigas-1-00-usado-aereo","title":{"rendered":"Sello Uruguay 1965 &#8211; Natalicio de Artigas &#8211; 1.00 Usado A\u00e9reo"},"content":{"rendered":"<p>Artigas Monument<\/p>\n<p><img class=\"size-full\"><img class=\"size-full\"><\/p>\n<p>Pa\u00eds:<\/p>\n<p>Uruguay<\/p>\n<p>Serie:<\/p>\n<p>200th Birthday of General Jose Artigas<\/p>\n<p>C\u00f3digo de cat\u00e1logo:<\/p>\n<p>Michel UY 1009<\/p>\n<p>Stamp Number UY C273<\/p>\n<p>Yvert et Tellier UY PA268<\/p>\n<p>Stanley Gibbons UY 1265<\/p>\n<p>Ciardi UY A268<\/p>\n<p>Tiene variantes menores: 1<\/p>\n<p>Temas:<\/p>\n<p>Caballos | Estatuas | Generales | Monumentos | Personajes Famosos | Personajes de la Independencia<\/p>\n<p>Fecha emisi\u00f3n:<\/p>\n<p>1965-05-17<\/p>\n<p>Colores:<\/p>\n<p>Multicolor<\/p>\n<p>Marca de agua:<\/p>\n<p>Escudo de Armas Uruguay (Sh) [Up]<\/p>\n<p>Dise\u00f1adores:<\/p>\n<p>Angel Medina<\/p>\n<p>Impresores\/Imprentas:<\/p>\n<p>Impresora Uruguaya Colombino S.A.<\/p>\n<p>Formato:<\/p>\n<p>Sello<\/p>\n<p>Emisi\u00f3n:<\/p>\n<p>Correo A\u00e9reo<\/p>\n<p>Perforaci\u00f3n:<\/p>\n<p>peine11\u00bd x 12<\/p>\n<p>Impresi\u00f3n:<\/p>\n<p>Fotograbado<\/p>\n<p>Papel:<\/p>\n<p>Medium<\/p>\n<p>Valor facial:<\/p>\n<p>1 $ &#8211; Peso Uruguayo<\/p>\n<p>Tiraje:<\/p>\n<p>500.000<\/p>\n<p><a href=\"https:\/\/colnect.com\/stamps\/stamp\/399755\">https:\/\/colnect.com\/stamps\/stamp\/399755<\/a><\/p>\n","protected":false},"excerpt":{"rendered":"<p>Artigas Monument Pa\u00eds: Uruguay Serie: 200th Birthday of General Jose Artigas C\u00f3digo de cat\u00e1logo: Michel UY 1009 Stamp Number UY C273 Yvert et Tellier UY PA268 Stanley Gibbons UY 1265 Ciardi UY A268 Tiene variantes menores: 1 Temas: Caballos | Estatuas | Generales | Monumentos | Personajes Famosos | Personajes de la Independencia Fecha emisi\u00f3n: &hellip;<\/p>\n<p class=\"read-more\"> <a class=\"thunk-readmore button\" href=\"https:\/\/filatelia.cuentista.es\/en\/product\/sello-uruguay-1965-natalicio-de-artigas-1-00-usado-aereo\"> <span class=\"screen-reader-text\">Sello Uruguay 1965 &#8211; Natalicio de Artigas &#8211; 1.00 Usado A\u00e9reo<\/span>Read More<\/a><\/p>","protected":false},"featured_media":6006,"comment_status":"open","ping_status":"closed","template":"","meta":{"_acf_changed":false},"product_brand":[],"product_cat":[815,763,20],"product_tag":[762],"class_list":{"0":"post-6007","1":"product","2":"type-product","3":"status-publish","4":"has-post-thumbnail","6":"product_cat-correo-aereo","7":"product_cat-uruguay","8":"product_cat-sellos-usados","9":"product_tag-caballo","10":"thunk-woo-product-list","11":"opn-qv-enable","12":"open-woo-hover-zoom","13":"open-single-product-tab-horizontal","14":"open-shadow-","15":"open-shadow-hover-","17":"first","18":"instock","19":"shipping-taxable","20":"purchasable","21":"product-type-simple"},"acf":[],"jetpack_sharing_enabled":true,"_links":{"self":[{"href":"https:\/\/filatelia.cuentista.es\/en\/wp-json\/wp\/v2\/product\/6007","targetHints":{"allow":["GET"]}}],"collection":[{"href":"https:\/\/filatelia.cuentista.es\/en\/wp-json\/wp\/v2\/product"}],"about":[{"href":"https:\/\/filatelia.cuentista.es\/en\/wp-json\/wp\/v2\/types\/product"}],"replies":[{"embeddable":true,"href":"https:\/\/filatelia.cuentista.es\/en\/wp-json\/wp\/v2\/comments?post=6007"}],"wp:featuredmedia":[{"embeddable":true,"href":"https:\/\/filatelia.cuentista.es\/en\/wp-json\/wp\/v2\/media\/6006"}],"wp:attachment":[{"href":"https:\/\/filatelia.cuentista.es\/en\/wp-json\/wp\/v2\/media?parent=6007"}],"wp:term":[{"taxonomy":"product_brand","embeddable":true,"href":"https:\/\/filatelia.cuentista.es\/en\/wp-json\/wp\/v2\/product_brand?post=6007"},{"taxonomy":"product_cat","embeddable":true,"href":"https:\/\/filatelia.cuentista.es\/en\/wp-json\/wp\/v2\/product_cat?post=6007"},{"taxonomy":"product_tag","embeddable":true,"href":"https:\/\/filatelia.cuentista.es\/en\/wp-json\/wp\/v2\/product_tag?post=6007"}],"curies":[{"name":"wp","href":"https:\/\/api.w.org\/{rel}","templated":true}]}}