{"id":6000,"date":"2024-10-27T18:38:35","date_gmt":"2024-10-27T18:38:35","guid":{"rendered":"https:\/\/filatelia.cuentista.es\/?post_type=product&#038;p=6000"},"modified":"2024-10-27T18:42:13","modified_gmt":"2024-10-27T18:42:13","slug":"sello-uruguay-1960-martin-martinez-5-centimos-violeta-y-negro-nuevo-2-2","status":"publish","type":"product","link":"https:\/\/filatelia.cuentista.es\/en\/product\/sello-uruguay-1960-martin-martinez-5-centimos-violeta-y-negro-nuevo-2-2","title":{"rendered":"Sello Uruguay 1960 &#8211; Mart\u00edn Mart\u00ednez &#8211; 2 C\u00e9ntimos Naranja y negro &#8211; Usado Deteriorado"},"content":{"rendered":"<p>Martin C. Martinez<\/p>\n<p><img class=\"size-full\"><img class=\"size-full\"><\/p>\n<p>Pa\u00eds:<\/p>\n<p>Uruguay<\/p>\n<p>Serie:<\/p>\n<p>Dr. Martin C. Martinez, birth Cent.<\/p>\n<p>C\u00f3digo de cat\u00e1logo:<\/p>\n<p>Michel UY 871<\/p>\n<p>Stamp Number UY 653<\/p>\n<p>Yvert et Tellier UY 674<\/p>\n<p>Stanley Gibbons UY 1134<\/p>\n<p>Ciardi UY 674<\/p>\n<p>Temas:<\/p>\n<p>Estadistas | Hombres | Instrumentos \u00d3pticos | Personajes Famosos | Pol\u00edticos<\/p>\n<p>Fecha emisi\u00f3n:<\/p>\n<p>1960-05-16<\/p>\n<p>Tama\u00f1o:<\/p>\n<p>25 x 35 mm<\/p>\n<p>Colores:<\/p>\n<p>Naranja | Negro<\/p>\n<p>Marca de agua:<\/p>\n<p>ROU en Sol [Up]<\/p>\n<p>Impresores\/Imprentas:<\/p>\n<p>Imprenta Nacional, Montevideo<\/p>\n<p>Formato:<\/p>\n<p>Sello<\/p>\n<p>Emisi\u00f3n:<\/p>\n<p>Conmemorativo<\/p>\n<p>Perforaci\u00f3n:<\/p>\n<p>12<\/p>\n<p>Impresi\u00f3n:<\/p>\n<p>Litograf\u00eda offset<\/p>\n<p>Papel:<\/p>\n<p>white, medium<\/p>\n<p>Valor facial:<\/p>\n<p>2 $ &#8211; Peso Uruguayo<\/p>\n<p>Tiraje:<\/p>\n<p>70.000<\/p>\n<p><a href=\"https:\/\/colnect.com\/stamps\/stamp\/399747\">https:\/\/colnect.com\/stamps\/stamp\/399747<\/a><\/p>\n","protected":false},"excerpt":{"rendered":"<p>Martin C. Martinez Pa\u00eds: Uruguay Serie: Dr. Martin C. Martinez, birth Cent. C\u00f3digo de cat\u00e1logo: Michel UY 871 Stamp Number UY 653 Yvert et Tellier UY 674 Stanley Gibbons UY 1134 Ciardi UY 674 Temas: Estadistas | Hombres | Instrumentos \u00d3pticos | Personajes Famosos | Pol\u00edticos Fecha emisi\u00f3n: 1960-05-16 Tama\u00f1o: 25 x 35 mm Colores: &hellip;<\/p>\n<p class=\"read-more\"> <a class=\"thunk-readmore button\" href=\"https:\/\/filatelia.cuentista.es\/en\/product\/sello-uruguay-1960-martin-martinez-5-centimos-violeta-y-negro-nuevo-2-2\"> <span class=\"screen-reader-text\">Sello Uruguay 1960 &#8211; Mart\u00edn Mart\u00ednez &#8211; 2 C\u00e9ntimos Naranja y negro &#8211; Usado Deteriorado<\/span>Read More<\/a><\/p>","protected":false},"featured_media":6001,"comment_status":"open","ping_status":"closed","template":"","meta":{"_acf_changed":false},"product_brand":[],"product_cat":[763,20],"product_tag":[772,948,949,629],"class_list":{"0":"post-6000","1":"product","2":"type-product","3":"status-publish","4":"has-post-thumbnail","6":"product_cat-uruguay","7":"product_cat-sellos-usados","8":"product_tag-772","9":"product_tag-estadista","10":"product_tag-optica","11":"product_tag-uruguay","12":"thunk-woo-product-list","13":"opn-qv-enable","14":"open-woo-hover-zoom","15":"open-single-product-tab-horizontal","16":"open-shadow-","17":"open-shadow-hover-","19":"first","20":"instock","21":"sale","22":"shipping-taxable","23":"purchasable","24":"product-type-simple"},"acf":[],"jetpack_sharing_enabled":true,"_links":{"self":[{"href":"https:\/\/filatelia.cuentista.es\/en\/wp-json\/wp\/v2\/product\/6000","targetHints":{"allow":["GET"]}}],"collection":[{"href":"https:\/\/filatelia.cuentista.es\/en\/wp-json\/wp\/v2\/product"}],"about":[{"href":"https:\/\/filatelia.cuentista.es\/en\/wp-json\/wp\/v2\/types\/product"}],"replies":[{"embeddable":true,"href":"https:\/\/filatelia.cuentista.es\/en\/wp-json\/wp\/v2\/comments?post=6000"}],"wp:featuredmedia":[{"embeddable":true,"href":"https:\/\/filatelia.cuentista.es\/en\/wp-json\/wp\/v2\/media\/6001"}],"wp:attachment":[{"href":"https:\/\/filatelia.cuentista.es\/en\/wp-json\/wp\/v2\/media?parent=6000"}],"wp:term":[{"taxonomy":"product_brand","embeddable":true,"href":"https:\/\/filatelia.cuentista.es\/en\/wp-json\/wp\/v2\/product_brand?post=6000"},{"taxonomy":"product_cat","embeddable":true,"href":"https:\/\/filatelia.cuentista.es\/en\/wp-json\/wp\/v2\/product_cat?post=6000"},{"taxonomy":"product_tag","embeddable":true,"href":"https:\/\/filatelia.cuentista.es\/en\/wp-json\/wp\/v2\/product_tag?post=6000"}],"curies":[{"name":"wp","href":"https:\/\/api.w.org\/{rel}","templated":true}]}}