{"id":5998,"date":"2024-10-27T18:32:20","date_gmt":"2024-10-27T18:32:20","guid":{"rendered":"https:\/\/filatelia.cuentista.es\/?post_type=product&#038;p=5998"},"modified":"2024-11-10T18:28:28","modified_gmt":"2024-11-10T18:28:28","slug":"sello-uruguay-campana-mundial-contra-el-hambre-20-marron-y-amarillo-usado-2","status":"publish","type":"product","link":"https:\/\/filatelia.cuentista.es\/en\/product\/sello-uruguay-campana-mundial-contra-el-hambre-20-marron-y-amarillo-usado-2","title":{"rendered":"Sello Uruguay 1963 &#8211; Campa\u00f1a Mundial contra el Hambre &#8211; 10$ Verde y amarillo, usado"},"content":{"rendered":"<p>Global campaign aganist hunger<\/p>\n<p><img class=\"size-full\"><img class=\"size-full\"><\/p>\n<p>Pa\u00eds:<\/p>\n<p>Uruguay<\/p>\n<p>Serie:<\/p>\n<p>Global campaign against hunger<\/p>\n<p>C\u00f3digo de cat\u00e1logo:<\/p>\n<p>Michel UY 962<\/p>\n<p>Stamp Number UY 700<\/p>\n<p>Yvert et Tellier UY 713<\/p>\n<p>Stanley Gibbons UY 1225<\/p>\n<p>Ciardi UY 713<\/p>\n<p>Tiene variantes menores: 1<\/p>\n<p>Temas:<\/p>\n<p>Alimentos | Cereales | Cultivos | Globos Terrestres | Lucha contra el Hambre | O.N.U. | Plantas (Flora) | Plantas Estilizadas<\/p>\n<p>Fecha emisi\u00f3n:<\/p>\n<p>1963-07-08<\/p>\n<p>Tama\u00f1o:<\/p>\n<p>30 x 42 mm<\/p>\n<p>Colores:<\/p>\n<p>Amarillo | Verde<\/p>\n<p>Marca de agua:<\/p>\n<p>ROU en Sol [Up]<\/p>\n<p>Impresores\/Imprentas:<\/p>\n<p>Imprenta Nacional, Montevideo<\/p>\n<p>Formato:<\/p>\n<p>Sello<\/p>\n<p>Emisi\u00f3n:<\/p>\n<p>Conmemorativo<\/p>\n<p>Perforaci\u00f3n:<\/p>\n<p>peine12<\/p>\n<p>Impresi\u00f3n:<\/p>\n<p>Litograf\u00eda offset<\/p>\n<p>Papel:<\/p>\n<p>Medium<\/p>\n<p>Valor facial:<\/p>\n<p>10 Cent\u00e9simo Uruguayo<\/p>\n<p>Tiraje:<\/p>\n<p>2.500.000<\/p>\n<p><a href=\"https:\/\/colnect.com\/stamps\/stamp\/367351\">https:\/\/colnect.com\/stamps\/stamp\/367351<\/a><\/p>\n","protected":false},"excerpt":{"rendered":"<p>Global campaign aganist hunger Pa\u00eds: Uruguay Serie: Global campaign against hunger C\u00f3digo de cat\u00e1logo: Michel UY 962 Stamp Number UY 700 Yvert et Tellier UY 713 Stanley Gibbons UY 1225 Ciardi UY 713 Tiene variantes menores: 1 Temas: Alimentos | Cereales | Cultivos | Globos Terrestres | Lucha contra el Hambre | O.N.U. | Plantas &hellip;<\/p>\n<p class=\"read-more\"> <a class=\"thunk-readmore button\" href=\"https:\/\/filatelia.cuentista.es\/en\/product\/sello-uruguay-campana-mundial-contra-el-hambre-20-marron-y-amarillo-usado-2\"> <span class=\"screen-reader-text\">Sello Uruguay 1963 &#8211; Campa\u00f1a Mundial contra el Hambre &#8211; 10$ Verde y amarillo, usado<\/span>Read More<\/a><\/p>","protected":false},"featured_media":5999,"comment_status":"open","ping_status":"closed","template":"","meta":{"_acf_changed":false},"product_brand":[],"product_cat":[763,20],"product_tag":[1111,1005,1110,1109,1107,1108],"class_list":{"0":"post-5998","1":"product","2":"type-product","3":"status-publish","4":"has-post-thumbnail","6":"product_cat-uruguay","7":"product_cat-sellos-usados","8":"product_tag-alimentos","9":"product_tag-campana","10":"product_tag-cereales","11":"product_tag-comida","12":"product_tag-hambre","13":"product_tag-solidaridad","14":"thunk-woo-product-list","15":"opn-qv-enable","16":"open-woo-hover-zoom","17":"open-single-product-tab-horizontal","18":"open-shadow-","19":"open-shadow-hover-","21":"first","22":"instock","23":"sale","24":"shipping-taxable","25":"purchasable","26":"product-type-simple"},"acf":[],"jetpack_sharing_enabled":true,"_links":{"self":[{"href":"https:\/\/filatelia.cuentista.es\/en\/wp-json\/wp\/v2\/product\/5998","targetHints":{"allow":["GET"]}}],"collection":[{"href":"https:\/\/filatelia.cuentista.es\/en\/wp-json\/wp\/v2\/product"}],"about":[{"href":"https:\/\/filatelia.cuentista.es\/en\/wp-json\/wp\/v2\/types\/product"}],"replies":[{"embeddable":true,"href":"https:\/\/filatelia.cuentista.es\/en\/wp-json\/wp\/v2\/comments?post=5998"}],"wp:featuredmedia":[{"embeddable":true,"href":"https:\/\/filatelia.cuentista.es\/en\/wp-json\/wp\/v2\/media\/5999"}],"wp:attachment":[{"href":"https:\/\/filatelia.cuentista.es\/en\/wp-json\/wp\/v2\/media?parent=5998"}],"wp:term":[{"taxonomy":"product_brand","embeddable":true,"href":"https:\/\/filatelia.cuentista.es\/en\/wp-json\/wp\/v2\/product_brand?post=5998"},{"taxonomy":"product_cat","embeddable":true,"href":"https:\/\/filatelia.cuentista.es\/en\/wp-json\/wp\/v2\/product_cat?post=5998"},{"taxonomy":"product_tag","embeddable":true,"href":"https:\/\/filatelia.cuentista.es\/en\/wp-json\/wp\/v2\/product_tag?post=5998"}],"curies":[{"name":"wp","href":"https:\/\/api.w.org\/{rel}","templated":true}]}}