{"id":5996,"date":"2024-10-27T18:17:51","date_gmt":"2024-10-27T18:17:51","guid":{"rendered":"https:\/\/filatelia.cuentista.es\/?post_type=product&#038;p=5996"},"modified":"2024-10-27T18:23:48","modified_gmt":"2024-10-27T18:23:48","slug":"sello-brasil-osvaldo-cruz-040-cr-3","status":"publish","type":"product","link":"https:\/\/filatelia.cuentista.es\/en\/product\/sello-brasil-osvaldo-cruz-040-cr-3","title":{"rendered":"Sello Brasil 1954 &#8211; Oswaldo Cruz &#8211; 0,20 Cr$ Lila Usado"},"content":{"rendered":"<p>Oswaldo Cruz<\/p>\n<p><img class=\"size-full\"><img class=\"size-full\"><\/p>\n<p>Pa\u00eds:<\/p>\n<p>Brasil<\/p>\n<p>Serie:<\/p>\n<p>Portraits &#8211; Famous People in Brazil History<\/p>\n<p>C\u00f3digo de cat\u00e1logo:<\/p>\n<p>Michel BR 849XI<\/p>\n<p>Stamp Number BR 789<\/p>\n<p>Yvert et Tellier BR 578<\/p>\n<p>Stanley Gibbons BR 892<\/p>\n<p>RHM BR 492<\/p>\n<p>Variantes:<\/p>\n<p>Click para ver variantes<\/p>\n<p>Temas:<\/p>\n<p>Cient\u00edficos | Hombres | Medicina | Personajes Famosos<\/p>\n<p>Fecha emisi\u00f3n:<\/p>\n<p>1954-07-02<\/p>\n<p>Tama\u00f1o:22 x 27 mm<\/p>\n<p>Colores:<\/p>\n<p>Lila<\/p>\n<p>Marca de agua: CORREIO BRASIL y Estrellas Tipo 1 (Sh) [Up]<\/p>\n<p>Impresores\/Imprentas: Casa da Moeda do Brasil<\/p>\n<p>Formato:<\/p>\n<p>Sello<\/p>\n<p>Emisi\u00f3n:<\/p>\n<p>Definitivo<\/p>\n<p>Perforaci\u00f3n:<\/p>\n<p>peine10\u00be x 11\u00bd<\/p>\n<p>Impresi\u00f3n:<\/p>\n<p>Fotograbado<\/p>\n<p>Papel:<\/p>\n<p>Bleached flax paper<\/p>\n<p>Goma:<\/p>\n<p>Ar\u00e1bica<\/p>\n<p>Valor facial:<\/p>\n<p>0,20 Cruzeiro de Brasil<\/p>\n<p>Tiraje:<\/p>\n<p>1.000.000<\/p>\n<p>Puntuaci\u00f3n:<\/p>\n<p>4% Precisi\u00f3n: Muy alto<\/p>\n<p>Art\u00edculos relacionados:<\/p>\n<p>Producto Filat\u00e9lico (relacionado): Dia Das M\u00c1es (Brasil, Brasil)<\/p>\n<p>Descripci\u00f3n:<\/p>\n<p>grosor del papel de 70 a 100 micras, fondo rayado.<\/p>\n<p>Effigy of Oswaldo Cruz: Brazilian infectologist who coordinated the campaigns to eradicate yellow fever and smallpox. In 1916 he helped found the Brazilian Academy of Sciences. &#8211; Lined background TYPE I<\/p>\n<p><a href=\"https:\/\/colnect.com\/stamps\/stamp\/207826\">https:\/\/colnect.com\/stamps\/stamp\/207826<\/a><\/p>\n","protected":false},"excerpt":{"rendered":"<p>Oswaldo Cruz Pa\u00eds: Brasil Serie: Portraits &#8211; Famous People in Brazil History C\u00f3digo de cat\u00e1logo: Michel BR 849XI Stamp Number BR 789 Yvert et Tellier BR 578 Stanley Gibbons BR 892 RHM BR 492 Variantes: Click para ver variantes Temas: Cient\u00edficos | Hombres | Medicina | Personajes Famosos Fecha emisi\u00f3n: 1954-07-02 Tama\u00f1o:22 x 27 mm &hellip;<\/p>\n<p class=\"read-more\"> <a class=\"thunk-readmore button\" href=\"https:\/\/filatelia.cuentista.es\/en\/product\/sello-brasil-osvaldo-cruz-040-cr-3\"> <span class=\"screen-reader-text\">Sello Brasil 1954 &#8211; Oswaldo Cruz &#8211; 0,20 Cr$ Lila Usado<\/span>Read More<\/a><\/p>","protected":false},"featured_media":5997,"comment_status":"open","ping_status":"closed","template":"","meta":{"_acf_changed":false},"product_brand":[],"product_cat":[1294,20],"product_tag":[],"class_list":{"0":"post-5996","1":"product","2":"type-product","3":"status-publish","4":"has-post-thumbnail","6":"product_cat-brasil","7":"product_cat-sellos-usados","8":"thunk-woo-product-list","9":"opn-qv-enable","10":"open-woo-hover-zoom","11":"open-single-product-tab-horizontal","12":"open-shadow-","13":"open-shadow-hover-","15":"first","16":"instock","17":"sale","18":"shipping-taxable","19":"purchasable","20":"product-type-simple"},"acf":[],"jetpack_sharing_enabled":true,"_links":{"self":[{"href":"https:\/\/filatelia.cuentista.es\/en\/wp-json\/wp\/v2\/product\/5996","targetHints":{"allow":["GET"]}}],"collection":[{"href":"https:\/\/filatelia.cuentista.es\/en\/wp-json\/wp\/v2\/product"}],"about":[{"href":"https:\/\/filatelia.cuentista.es\/en\/wp-json\/wp\/v2\/types\/product"}],"replies":[{"embeddable":true,"href":"https:\/\/filatelia.cuentista.es\/en\/wp-json\/wp\/v2\/comments?post=5996"}],"wp:featuredmedia":[{"embeddable":true,"href":"https:\/\/filatelia.cuentista.es\/en\/wp-json\/wp\/v2\/media\/5997"}],"wp:attachment":[{"href":"https:\/\/filatelia.cuentista.es\/en\/wp-json\/wp\/v2\/media?parent=5996"}],"wp:term":[{"taxonomy":"product_brand","embeddable":true,"href":"https:\/\/filatelia.cuentista.es\/en\/wp-json\/wp\/v2\/product_brand?post=5996"},{"taxonomy":"product_cat","embeddable":true,"href":"https:\/\/filatelia.cuentista.es\/en\/wp-json\/wp\/v2\/product_cat?post=5996"},{"taxonomy":"product_tag","embeddable":true,"href":"https:\/\/filatelia.cuentista.es\/en\/wp-json\/wp\/v2\/product_tag?post=5996"}],"curies":[{"name":"wp","href":"https:\/\/api.w.org\/{rel}","templated":true}]}}