{"id":591,"date":"2024-07-20T06:40:03","date_gmt":"2024-07-20T06:40:03","guid":{"rendered":"https:\/\/filatelia.cuentista.es\/product\/israel-1992-100-anos-del-ferrocarril-jaffa-jerusalem"},"modified":"2024-07-29T20:16:51","modified_gmt":"2024-07-29T20:16:51","slug":"israel-1992-100-anos-del-ferrocarril-jaffa-jerusalem","status":"publish","type":"product","link":"https:\/\/filatelia.cuentista.es\/en\/product\/israel-1992-100-anos-del-ferrocarril-jaffa-jerusalem","title":{"rendered":"Israel 1992 &#8211; 100 a\u00f1os del Ferrocarril Jaffa-Jerusalem"},"content":{"rendered":"<p>Sobre primer dia de gran formato con muy bonito minipliego ycarnet (4 valores) de 1992<\/p>\n<p class=\"p1\"><b>T\u00eate-b\u00eache<\/b>\u00a0(en\u00a0<a href=\"https:\/\/es.wikipedia.org\/wiki\/Idioma_franc%C3%A9s\"><span class=\"s1\">franc\u00e9s<\/span><\/a>: pies con cabeza), en la terminolog\u00eda filat\u00e9lica es una pareja de sellos o estampillas en la que uno de ellos est\u00e1 invertido respecto al otro. Puede haber sido emitida intencional o accidentalmente.<\/p>\n<p>FIRST DAY COVER I<br \/>\n100 YEARS OF THE JAFFA-JERUSALEM RAILWAYS LINE<\/p>\n<blockquote class=\"wp-embedded-content\" data-secret=\"bjP93u8ovK\"><p><a href=\"https:\/\/cfp.cuentista.es\/tete-beche-un-tesoro-invertido-en-el-mundo-de-los-sellos\">T\u00eate-b\u00eache: Un tesoro invertido en el mundo de los sellos<\/a><\/p><\/blockquote>\n<p><iframe loading=\"lazy\" class=\"wp-embedded-content\" sandbox=\"allow-scripts\" security=\"restricted\" style=\"position: absolute; visibility: hidden;\" title=\"\u00abT\u00eate-b\u00eache: Un tesoro invertido en el mundo de los sellos\u00bb \u2014 Circulo Filat\u00e9lico Poblenou\" src=\"https:\/\/cfp.cuentista.es\/tete-beche-un-tesoro-invertido-en-el-mundo-de-los-sellos\/embed#?secret=fTbbzCYP6T#?secret=bjP93u8ovK\" data-secret=\"bjP93u8ovK\" width=\"600\" height=\"338\" frameborder=\"0\" marginwidth=\"0\" marginheight=\"0\" scrolling=\"no\"><\/iframe><\/p>","protected":false},"excerpt":{"rendered":"<p>Sobre primer dia de gran formato con muy bonito minipliego ycarnet (4 valores) de 1992<\/p>","protected":false},"featured_media":824,"comment_status":"open","ping_status":"closed","template":"","meta":{"_acf_changed":false},"product_brand":[],"product_cat":[26,19,291],"product_tag":[134,290,299,236,158,113],"class_list":{"0":"post-591","1":"product","2":"type-product","3":"status-publish","4":"has-post-thumbnail","6":"product_cat-hoja-souvenir","7":"product_cat-spd-sobres-primer-dia","8":"product_cat-spd-gran-formato","9":"product_tag-134","10":"product_tag-carnet","11":"product_tag-ferrocarriles","12":"product_tag-hojita-souvenir","13":"product_tag-israel","14":"product_tag-transporte","15":"thunk-woo-product-list","16":"opn-qv-enable","17":"open-woo-hover-zoom","18":"open-single-product-tab-horizontal","19":"open-shadow-","20":"open-shadow-hover-","22":"first","23":"instock","24":"sale","25":"shipping-taxable","26":"purchasable","27":"product-type-simple"},"acf":[],"jetpack_sharing_enabled":true,"_links":{"self":[{"href":"https:\/\/filatelia.cuentista.es\/en\/wp-json\/wp\/v2\/product\/591","targetHints":{"allow":["GET"]}}],"collection":[{"href":"https:\/\/filatelia.cuentista.es\/en\/wp-json\/wp\/v2\/product"}],"about":[{"href":"https:\/\/filatelia.cuentista.es\/en\/wp-json\/wp\/v2\/types\/product"}],"replies":[{"embeddable":true,"href":"https:\/\/filatelia.cuentista.es\/en\/wp-json\/wp\/v2\/comments?post=591"}],"wp:featuredmedia":[{"embeddable":true,"href":"https:\/\/filatelia.cuentista.es\/en\/wp-json\/wp\/v2\/media\/824"}],"wp:attachment":[{"href":"https:\/\/filatelia.cuentista.es\/en\/wp-json\/wp\/v2\/media?parent=591"}],"wp:term":[{"taxonomy":"product_brand","embeddable":true,"href":"https:\/\/filatelia.cuentista.es\/en\/wp-json\/wp\/v2\/product_brand?post=591"},{"taxonomy":"product_cat","embeddable":true,"href":"https:\/\/filatelia.cuentista.es\/en\/wp-json\/wp\/v2\/product_cat?post=591"},{"taxonomy":"product_tag","embeddable":true,"href":"https:\/\/filatelia.cuentista.es\/en\/wp-json\/wp\/v2\/product_tag?post=591"}],"curies":[{"name":"wp","href":"https:\/\/api.w.org\/{rel}","templated":true}]}}