{"id":582,"date":"2024-07-20T06:39:58","date_gmt":"2024-07-20T06:39:58","guid":{"rendered":"https:\/\/filatelia.cuentista.es\/product\/israel-1992-the-zoological-center"},"modified":"2024-08-02T20:51:26","modified_gmt":"2024-08-02T20:51:26","slug":"israel-1992-the-zoological-center","status":"publish","type":"product","link":"https:\/\/filatelia.cuentista.es\/en\/product\/israel-1992-the-zoological-center","title":{"rendered":"SPD &#8211; Israel 1992 &#8211; The zoological center de Tel Aviv"},"content":{"rendered":"<p>Sobre primer dia del centro zoologico de Tel Aviv con hojita bloque de 16 valores<\/p>\n<p>FIRST DAY COVER FOR SPECIAL SHEET ISSUE<br \/>\nTHE ZOOLOGICAL CENTER &#8211; SAFARI RAMAT GAN<\/p>\n<p>El\u00a0<b>Centro zool\u00f3gico de Tel Aviv-Ramat Gan<sup id=\"cite_ref-1\" class=\"reference separada\"><a href=\"https:\/\/es.wikipedia.org\/wiki\/Centro_zool%C3%B3gico_de_Tel_Aviv-Ramat_Gan#cite_note-1\">1<\/a><\/sup>\u200b<\/b>\u00a0o\u00a0<b>Parque safari de Ramat Gan<\/b>\u00a0(en\u00a0<a title=\"Idioma hebreo\" href=\"https:\/\/es.wikipedia.org\/wiki\/Idioma_hebreo\">hebreo<\/a>: \u05d4\u05e1\u05e4\u05d0\u05e8\u05d9 \u05d1\u05e8\u05de\u05ea \u05d2\u05df) es un parque safari y zool\u00f3gico en\u00a0<a title=\"Ramat Gan\" href=\"https:\/\/es.wikipedia.org\/wiki\/Ramat_Gan\">Ramat Gan<\/a>,\u00a0<a title=\"Israel\" href=\"https:\/\/es.wikipedia.org\/wiki\/Israel\">Israel<\/a>. Se abri\u00f3 al p\u00fablico en 1974 como un parque de animales de \u00c1frica. En 1981, un zool\u00f3gico se estableci\u00f3 en el centro del parque para sustituir el antiguo zool\u00f3gico de Tel Aviv, que fue cerrado.<\/p>\n<p class=\"p1\"><b>Los sobres de primer d\u00eda son objetos de colecci\u00f3n muy valorados por los filat\u00e9licos.<\/b> Estos sobres especiales se utilizan para enviar una carta el mismo d\u00eda en que se emite un nuevo sello postal. Al ser los primeros en utilizar ese sello en particular, adquieren un valor a\u00f1adido para los coleccionistas. Los sobres de primer d\u00eda suelen incluir un matasellos con la fecha de emisi\u00f3n y el nombre de la oficina de correos donde se expidi\u00f3 el sello, lo que los convierte en piezas \u00fanicas y aut\u00e9nticas. Adem\u00e1s de su valor filat\u00e9lico, estos sobres a menudo presentan dise\u00f1os atractivos y conmemorativos, relacionados con el tema del sello emitido, lo que los convierte en peque\u00f1os tesoros para los amantes de la historia y el arte postal.<\/p>","protected":false},"excerpt":{"rendered":"<p>Sobre primer dia del centro zoologico de Tel Aviv con hojita bloque de 16 valores<\/p>","protected":false},"featured_media":903,"comment_status":"open","ping_status":"closed","template":"","meta":{"_acf_changed":false},"product_brand":[],"product_cat":[306,19,291],"product_tag":[134,83,287,190,158,189,321],"class_list":{"0":"post-582","1":"product","2":"type-product","3":"status-publish","4":"has-post-thumbnail","6":"product_cat-bloque","7":"product_cat-spd-sobres-primer-dia","8":"product_cat-spd-gran-formato","9":"product_tag-134","10":"product_tag-animales","11":"product_tag-bloque","12":"product_tag-fdc","13":"product_tag-israel","14":"product_tag-spd","15":"product_tag-zoologico","16":"thunk-woo-product-list","17":"opn-qv-enable","18":"open-woo-hover-zoom","19":"open-single-product-tab-horizontal","20":"open-shadow-","21":"open-shadow-hover-","23":"first","24":"instock","25":"sale","26":"shipping-taxable","27":"purchasable","28":"product-type-simple"},"acf":[],"jetpack_sharing_enabled":true,"_links":{"self":[{"href":"https:\/\/filatelia.cuentista.es\/en\/wp-json\/wp\/v2\/product\/582","targetHints":{"allow":["GET"]}}],"collection":[{"href":"https:\/\/filatelia.cuentista.es\/en\/wp-json\/wp\/v2\/product"}],"about":[{"href":"https:\/\/filatelia.cuentista.es\/en\/wp-json\/wp\/v2\/types\/product"}],"replies":[{"embeddable":true,"href":"https:\/\/filatelia.cuentista.es\/en\/wp-json\/wp\/v2\/comments?post=582"}],"wp:featuredmedia":[{"embeddable":true,"href":"https:\/\/filatelia.cuentista.es\/en\/wp-json\/wp\/v2\/media\/903"}],"wp:attachment":[{"href":"https:\/\/filatelia.cuentista.es\/en\/wp-json\/wp\/v2\/media?parent=582"}],"wp:term":[{"taxonomy":"product_brand","embeddable":true,"href":"https:\/\/filatelia.cuentista.es\/en\/wp-json\/wp\/v2\/product_brand?post=582"},{"taxonomy":"product_cat","embeddable":true,"href":"https:\/\/filatelia.cuentista.es\/en\/wp-json\/wp\/v2\/product_cat?post=582"},{"taxonomy":"product_tag","embeddable":true,"href":"https:\/\/filatelia.cuentista.es\/en\/wp-json\/wp\/v2\/product_tag?post=582"}],"curies":[{"name":"wp","href":"https:\/\/api.w.org\/{rel}","templated":true}]}}