{"id":581,"date":"2024-07-20T06:39:58","date_gmt":"2024-07-20T06:39:58","guid":{"rendered":"https:\/\/filatelia.cuentista.es\/product\/israel-1994-arquitectura-en-tel-aviv"},"modified":"2024-08-02T20:47:56","modified_gmt":"2024-08-02T20:47:56","slug":"israel-1994-arquitectura-en-tel-aviv","status":"publish","type":"product","link":"https:\/\/filatelia.cuentista.es\/en\/product\/israel-1994-arquitectura-en-tel-aviv","title":{"rendered":"SPD &#8211; Israel 1994 &#8211; Arquitectura en Tel Aviv"},"content":{"rendered":"<p>Sobre primer dia &#8211; Arquitectura en tel aviv, hoja bloque de 9 valores<\/p>\n<p>FIRST DAY COVER FOR SPECIAL SHEET ISSUE<br \/>\nTHE INTERNATIONAL STYLE ARCHITECTURE IN TEL AVIV<\/p>\n<p class=\"p1\"><b>Los sobres de primer d\u00eda son objetos de colecci\u00f3n muy valorados por los filat\u00e9licos.<\/b> Estos sobres especiales se utilizan para enviar una carta el mismo d\u00eda en que se emite un nuevo sello postal. Al ser los primeros en utilizar ese sello en particular, adquieren un valor a\u00f1adido para los coleccionistas. Los sobres de primer d\u00eda suelen incluir un matasellos con la fecha de emisi\u00f3n y el nombre de la oficina de correos donde se expidi\u00f3 el sello, lo que los convierte en piezas \u00fanicas y aut\u00e9nticas. Adem\u00e1s de su valor filat\u00e9lico, estos sobres a menudo presentan dise\u00f1os atractivos y conmemorativos, relacionados con el tema del sello emitido, lo que los convierte en peque\u00f1os tesoros para los amantes de la historia y el arte postal.<\/p>\n<p>En la \u00e9poca moderna, Israel ha experimentado un auge en la construcci\u00f3n de edificios modernos e innovadores que reflejan la vibrante cultura y tecnolog\u00eda del pa\u00eds.\u00a0<b>Tel Aviv,<\/b>\u00a0conocida como la \u00abciudad blanca\u00bb, es un ejemplo de esto, con su colecci\u00f3n de edificios de estilo Bauhaus,\u00a0una corriente arquitect\u00f3nica que se populariz\u00f3 en Alemania en la d\u00e9cada de 1920 y que influy\u00f3 en la construcci\u00f3n de muchas ciudades alrededor del mundo.<\/p>","protected":false},"excerpt":{"rendered":"<p>Sobre primer dia &#8211; Arquitectura en tel aviv, hoja bloque de 9 valores<\/p>","protected":false},"featured_media":901,"comment_status":"open","ping_status":"closed","template":"","meta":{"_acf_changed":false},"product_brand":[],"product_cat":[306,19,291],"product_tag":[169,88,287,190,158,189],"class_list":{"0":"post-581","1":"product","2":"type-product","3":"status-publish","4":"has-post-thumbnail","6":"product_cat-bloque","7":"product_cat-spd-sobres-primer-dia","8":"product_cat-spd-gran-formato","9":"product_tag-169","10":"product_tag-arquitectura","11":"product_tag-bloque","12":"product_tag-fdc","13":"product_tag-israel","14":"product_tag-spd","15":"thunk-woo-product-list","16":"opn-qv-enable","17":"open-woo-hover-zoom","18":"open-single-product-tab-horizontal","19":"open-shadow-","20":"open-shadow-hover-","22":"first","23":"instock","24":"sale","25":"shipping-taxable","26":"purchasable","27":"product-type-simple"},"acf":[],"jetpack_sharing_enabled":true,"_links":{"self":[{"href":"https:\/\/filatelia.cuentista.es\/en\/wp-json\/wp\/v2\/product\/581","targetHints":{"allow":["GET"]}}],"collection":[{"href":"https:\/\/filatelia.cuentista.es\/en\/wp-json\/wp\/v2\/product"}],"about":[{"href":"https:\/\/filatelia.cuentista.es\/en\/wp-json\/wp\/v2\/types\/product"}],"replies":[{"embeddable":true,"href":"https:\/\/filatelia.cuentista.es\/en\/wp-json\/wp\/v2\/comments?post=581"}],"wp:featuredmedia":[{"embeddable":true,"href":"https:\/\/filatelia.cuentista.es\/en\/wp-json\/wp\/v2\/media\/901"}],"wp:attachment":[{"href":"https:\/\/filatelia.cuentista.es\/en\/wp-json\/wp\/v2\/media?parent=581"}],"wp:term":[{"taxonomy":"product_brand","embeddable":true,"href":"https:\/\/filatelia.cuentista.es\/en\/wp-json\/wp\/v2\/product_brand?post=581"},{"taxonomy":"product_cat","embeddable":true,"href":"https:\/\/filatelia.cuentista.es\/en\/wp-json\/wp\/v2\/product_cat?post=581"},{"taxonomy":"product_tag","embeddable":true,"href":"https:\/\/filatelia.cuentista.es\/en\/wp-json\/wp\/v2\/product_tag?post=581"}],"curies":[{"name":"wp","href":"https:\/\/api.w.org\/{rel}","templated":true}]}}