{"id":5804,"date":"2024-10-20T06:51:17","date_gmt":"2024-10-20T06:51:17","guid":{"rendered":"https:\/\/filatelia.cuentista.es\/product\/sello-ecuador-1939-exposicion-internacional-puerta-de-oro-10-ctv-azul-aereo-usado-2"},"modified":"2024-10-20T06:51:25","modified_gmt":"2024-10-20T06:51:25","slug":"sello-ecuador-1939-exposicion-internacional-puerta-de-oro-10-ctv-azul-aereo-usado-2","status":"publish","type":"product","link":"https:\/\/filatelia.cuentista.es\/en\/product\/sello-ecuador-1939-exposicion-internacional-puerta-de-oro-10-ctv-azul-aereo-usado-2","title":{"rendered":"Sello Ecuador 1939 &#8211; Exposici\u00f3n Internacional Puerta de Oro &#8211; 10 Ctv Azul A\u00e9reo Usado"},"content":{"rendered":"<p>Golden Gate Bridge and Mountain Peak<\/p>\n<p><img class=\"size-full\"><\/p>\n<p>Pa\u00eds:<\/p>\n<p>Ecuador<\/p>\n<p>Serie:<\/p>\n<p>San Francisco International Exhibition<\/p>\n<p>C\u00f3digo de cat\u00e1logo:<\/p>\n<p>Michel EC 429<\/p>\n<p>Stamp Number EC C75<\/p>\n<p>Yvert et Tellier EC PA77<\/p>\n<p>Stanley Gibbons EC 605<\/p>\n<p>Bertossa EC 468<\/p>\n<p>Temas:<\/p>\n<p>Exposiciones Mundiales | Ferias Comerciales | Monta\u00f1as | Puentes | Volcanes<\/p>\n<p>Fecha emisi\u00f3n:<\/p>\n<p>1939-06-30<\/p>\n<p>Tama\u00f1o:<\/p>\n<p>25 x 31 mm<\/p>\n<p>Colores:<\/p>\n<p>Azul Negro<\/p>\n<p>Marca de agua:<\/p>\n<p>Sin Marca de agua<\/p>\n<p>Impresores\/Imprentas:<\/p>\n<p>De La Rue &amp; Co. Ltd.<\/p>\n<p>Formato:<\/p>\n<p>Sello<\/p>\n<p>Emisi\u00f3n:<\/p>\n<p>Correo A\u00e9reo<\/p>\n<p>Perforaci\u00f3n:<\/p>\n<p>peine12\u00bd x 13<\/p>\n<p>Impresi\u00f3n:<\/p>\n<p>Rebaje<\/p>\n<p>Valor facial:<\/p>\n<p>10 \u00a2 &#8211; Centavo Ecuatoriano<\/p>\n<p>Tiraje:<\/p>\n<p>1.000.000<\/p>\n<p><a href=\"https:\/\/colnect.com\/stamps\/stamp\/305460\">https:\/\/colnect.com\/stamps\/stamp\/305460<\/a><\/p>","protected":false},"excerpt":{"rendered":"<p>Golden Gate Bridge and Mountain Peak Pa\u00eds: Ecuador Serie: San Francisco International Exhibition C\u00f3digo de cat\u00e1logo: Michel EC 429 Stamp Number EC C75 Yvert et Tellier EC PA77 Stanley Gibbons EC 605 Bertossa EC 468 Temas: Exposiciones Mundiales | Ferias Comerciales | Monta\u00f1as | Puentes | Volcanes Fecha emisi\u00f3n: 1939-06-30 Tama\u00f1o: 25 x 31 mm &hellip;<\/p>\n<p class=\"read-more\"> <a class=\"thunk-readmore button\" href=\"https:\/\/filatelia.cuentista.es\/en\/product\/sello-ecuador-1939-exposicion-internacional-puerta-de-oro-10-ctv-azul-aereo-usado-2\"> <span class=\"screen-reader-text\">Sello Ecuador 1939 &#8211; Exposici\u00f3n Internacional Puerta de Oro &#8211; 10 Ctv Azul A\u00e9reo Usado<\/span>Read More<\/a><\/p>","protected":false},"featured_media":4189,"comment_status":"open","ping_status":"closed","template":"","meta":{"_acf_changed":false},"product_brand":[],"product_cat":[815,1213,20],"product_tag":[],"class_list":{"0":"post-5804","1":"product","2":"type-product","3":"status-publish","4":"has-post-thumbnail","6":"product_cat-correo-aereo","7":"product_cat-ecuador","8":"product_cat-sellos-usados","9":"thunk-woo-product-list","10":"opn-qv-enable","11":"open-woo-hover-zoom","12":"open-single-product-tab-horizontal","13":"open-shadow-","14":"open-shadow-hover-","16":"first","17":"instock","18":"shipping-taxable","19":"purchasable","20":"product-type-simple"},"acf":[],"jetpack_sharing_enabled":true,"_links":{"self":[{"href":"https:\/\/filatelia.cuentista.es\/en\/wp-json\/wp\/v2\/product\/5804","targetHints":{"allow":["GET"]}}],"collection":[{"href":"https:\/\/filatelia.cuentista.es\/en\/wp-json\/wp\/v2\/product"}],"about":[{"href":"https:\/\/filatelia.cuentista.es\/en\/wp-json\/wp\/v2\/types\/product"}],"replies":[{"embeddable":true,"href":"https:\/\/filatelia.cuentista.es\/en\/wp-json\/wp\/v2\/comments?post=5804"}],"wp:featuredmedia":[{"embeddable":true,"href":"https:\/\/filatelia.cuentista.es\/en\/wp-json\/wp\/v2\/media\/4189"}],"wp:attachment":[{"href":"https:\/\/filatelia.cuentista.es\/en\/wp-json\/wp\/v2\/media?parent=5804"}],"wp:term":[{"taxonomy":"product_brand","embeddable":true,"href":"https:\/\/filatelia.cuentista.es\/en\/wp-json\/wp\/v2\/product_brand?post=5804"},{"taxonomy":"product_cat","embeddable":true,"href":"https:\/\/filatelia.cuentista.es\/en\/wp-json\/wp\/v2\/product_cat?post=5804"},{"taxonomy":"product_tag","embeddable":true,"href":"https:\/\/filatelia.cuentista.es\/en\/wp-json\/wp\/v2\/product_tag?post=5804"}],"curies":[{"name":"wp","href":"https:\/\/api.w.org\/{rel}","templated":true}]}}