{"id":577,"date":"2024-07-20T06:39:57","date_gmt":"2024-07-20T06:39:57","guid":{"rendered":"https:\/\/filatelia.cuentista.es\/product\/israel-1985-arqueologia-en-jerusalen"},"modified":"2024-08-02T21:12:06","modified_gmt":"2024-08-02T21:12:06","slug":"israel-1985-arqueologia-en-jerusalen","status":"publish","type":"product","link":"https:\/\/filatelia.cuentista.es\/en\/product\/israel-1985-arqueologia-en-jerusalen","title":{"rendered":"Israel 1985 &#8211; Arqueolog\u00eda en Jerusalen &#8211; Sobre Primer Dia Israphil 85"},"content":{"rendered":"<p>Sobre Primer dia de ISRAPHIL 85 con hoja souvenir de 3 sellos &#8211; Motivo, Arqueologia<\/p>\n<p>OFFICIAL EXHIBITION COVER<br \/>\n16 century relief, ottoman period<br \/>\n12 th century crusader capital<\/p>\n<p class=\"p1\"><b>Los sobres de primer d\u00eda son objetos de colecci\u00f3n muy valorados por los filat\u00e9licos.<\/b> Estos sobres especiales se utilizan para enviar una carta el mismo d\u00eda en que se emite un nuevo sello postal. Al ser los primeros en utilizar ese sello en particular, adquieren un valor a\u00f1adido para los coleccionistas. Los sobres de primer d\u00eda suelen incluir un matasellos con la fecha de emisi\u00f3n y el nombre de la oficina de correos donde se expidi\u00f3 el sello, lo que los convierte en piezas \u00fanicas y aut\u00e9nticas. Adem\u00e1s de su valor filat\u00e9lico, estos sobres a menudo presentan dise\u00f1os atractivos y conmemorativos, relacionados con el tema del sello emitido, lo que los convierte en peque\u00f1os tesoros para los amantes de la historia y el arte postal.<\/p>\n<p class=\"p1\">Un <b>carnet filat\u00e9lico<\/b> o <b>booklet<\/b> es una peque\u00f1a libreta que contiene una serie de sellos, a menudo tem\u00e1ticos o conmemorativos, unidos por hojas de papel. Estos carnets son muy populares entre los coleccionistas de sellos, ya que ofrecen una forma atractiva y organizada de adquirir y guardar sellos especiales.<\/p>\n<p>https:\/\/fesofi.es\/wp-content\/uploads\/2019\/08\/1985-1-Israel.pdf<\/p>","protected":false},"excerpt":{"rendered":"<p>Sobre Primer dia de ISRAPHIL 85 con hoja souvenir de 3 sellos &#8211; Motivo, Arqueologia<\/p>","protected":false},"featured_media":913,"comment_status":"open","ping_status":"closed","template":"","meta":{"_acf_changed":false},"product_brand":[],"product_cat":[26,19,291],"product_tag":[146,167,190,158,326,189],"class_list":{"0":"post-577","1":"product","2":"type-product","3":"status-publish","4":"has-post-thumbnail","6":"product_cat-hoja-souvenir","7":"product_cat-spd-sobres-primer-dia","8":"product_cat-spd-gran-formato","9":"product_tag-146","10":"product_tag-arqueologia","11":"product_tag-fdc","12":"product_tag-israel","13":"product_tag-israphil","14":"product_tag-spd","15":"thunk-woo-product-list","16":"opn-qv-enable","17":"open-woo-hover-zoom","18":"open-single-product-tab-horizontal","19":"open-shadow-","20":"open-shadow-hover-","22":"first","23":"instock","24":"sale","25":"shipping-taxable","26":"purchasable","27":"product-type-simple"},"acf":[],"jetpack_sharing_enabled":true,"_links":{"self":[{"href":"https:\/\/filatelia.cuentista.es\/en\/wp-json\/wp\/v2\/product\/577","targetHints":{"allow":["GET"]}}],"collection":[{"href":"https:\/\/filatelia.cuentista.es\/en\/wp-json\/wp\/v2\/product"}],"about":[{"href":"https:\/\/filatelia.cuentista.es\/en\/wp-json\/wp\/v2\/types\/product"}],"replies":[{"embeddable":true,"href":"https:\/\/filatelia.cuentista.es\/en\/wp-json\/wp\/v2\/comments?post=577"}],"wp:featuredmedia":[{"embeddable":true,"href":"https:\/\/filatelia.cuentista.es\/en\/wp-json\/wp\/v2\/media\/913"}],"wp:attachment":[{"href":"https:\/\/filatelia.cuentista.es\/en\/wp-json\/wp\/v2\/media?parent=577"}],"wp:term":[{"taxonomy":"product_brand","embeddable":true,"href":"https:\/\/filatelia.cuentista.es\/en\/wp-json\/wp\/v2\/product_brand?post=577"},{"taxonomy":"product_cat","embeddable":true,"href":"https:\/\/filatelia.cuentista.es\/en\/wp-json\/wp\/v2\/product_cat?post=577"},{"taxonomy":"product_tag","embeddable":true,"href":"https:\/\/filatelia.cuentista.es\/en\/wp-json\/wp\/v2\/product_tag?post=577"}],"curies":[{"name":"wp","href":"https:\/\/api.w.org\/{rel}","templated":true}]}}