{"id":5765,"date":"2024-10-20T06:09:52","date_gmt":"2024-10-20T06:09:52","guid":{"rendered":"https:\/\/filatelia.cuentista.es\/product\/sello-ecuador-1935-correos-telegrafos-overprinted-seguro-social-del-campesino-3-centavos-sobre-2-c"},"modified":"2024-10-20T06:09:58","modified_gmt":"2024-10-20T06:09:58","slug":"sello-ecuador-1935-correos-telegrafos-overprinted-seguro-social-del-campesino-3-centavos-sobre-2-c","status":"publish","type":"product","link":"https:\/\/filatelia.cuentista.es\/en\/product\/sello-ecuador-1935-correos-telegrafos-overprinted-seguro-social-del-campesino-3-centavos-sobre-2-c","title":{"rendered":"Sello Ecuador 1935 &#8211; Correos Tel\u00e9grafos Overprinted Seguro Social del Campesino &#8211; 3 Centavos (sobre 2 C)"},"content":{"rendered":"<p>Postal Tax<\/p>\n<p><img class=\"size-full\"><img class=\"size-full\"><\/p>\n<p>Pa\u00eds:<\/p>\n<p>Ecuador<\/p>\n<p>Serie:<\/p>\n<p>Obligatory Tax. Social Insurance Fund for Rural Workers<\/p>\n<p>C\u00f3digo de cat\u00e1logo:<\/p>\n<p>Michel EC Z29<\/p>\n<p>Stamp Number EC RA31<\/p>\n<p>Yvert et Tellier EC B1<\/p>\n<p>Stanley Gibbons EC 518<\/p>\n<p>Bertossa EC S.37<\/p>\n<p>Variantes:<\/p>\n<p>Click para ver variantes<\/p>\n<p>Temas:<\/p>\n<p>Agricultura | Cornetas de Correos<\/p>\n<p>Fecha emisi\u00f3n:<\/p>\n<p>1935<\/p>\n<p>Colores:<\/p>\n<p>Verde<\/p>\n<p>Marca de agua:<\/p>\n<p>Harrison and Sons (Sh) [Up]<\/p>\n<p>Impresores\/Imprentas:<\/p>\n<p>Harrison &amp; Sons Ltd.<\/p>\n<p>Formato:<\/p>\n<p>Sello<\/p>\n<p>Emisi\u00f3n:<\/p>\n<p>Impuestos Postales<\/p>\n<p>Perforaci\u00f3n:<\/p>\n<p>15 x 14<\/p>\n<p>Impresi\u00f3n:<\/p>\n<p>Fotograbado<\/p>\n<p>Valor facial:<\/p>\n<p>3 \u00a2 &#8211; Centavo Ecuatoriano<\/p>\n<p>Tiraje:<\/p>\n<p>2.000.000<\/p>\n<p>Puntuaci\u00f3n:<\/p>\n<p>20% Precisi\u00f3n: Alta<\/p>\n<p>Descripci\u00f3n:<\/p>\n<p>Previous issue surcharged in red \u00ab3 ctvs, and black overprint \u00abSeguro \/ Social del \/ Campesino\/ Quito, 16 de \/ Otbre. 1935\u00bb.<\/p>\n<p>Known with double overprint.<\/p>\n<p><a href=\"https:\/\/colnect.com\/stamps\/stamp\/528036\">https:\/\/colnect.com\/stamps\/stamp\/528036<\/a><\/p>\n","protected":false},"excerpt":{"rendered":"<p>Postal Tax Pa\u00eds: Ecuador Serie: Obligatory Tax. Social Insurance Fund for Rural Workers C\u00f3digo de cat\u00e1logo: Michel EC Z29 Stamp Number EC RA31 Yvert et Tellier EC B1 Stanley Gibbons EC 518 Bertossa EC S.37 Variantes: Click para ver variantes Temas: Agricultura | Cornetas de Correos Fecha emisi\u00f3n: 1935 Colores: Verde Marca de agua: Harrison &hellip;<\/p>\n<p class=\"read-more\"> <a class=\"thunk-readmore button\" href=\"https:\/\/filatelia.cuentista.es\/en\/product\/sello-ecuador-1935-correos-telegrafos-overprinted-seguro-social-del-campesino-3-centavos-sobre-2-c\"> <span class=\"screen-reader-text\">Sello Ecuador 1935 &#8211; Correos Tel\u00e9grafos Overprinted Seguro Social del Campesino &#8211; 3 Centavos (sobre 2 C)<\/span>Read More<\/a><\/p>","protected":false},"featured_media":4188,"comment_status":"open","ping_status":"closed","template":"","meta":{"_acf_changed":false},"product_brand":[],"product_cat":[1213,664,20],"product_tag":[],"class_list":{"0":"post-5765","1":"product","2":"type-product","3":"status-publish","4":"has-post-thumbnail","6":"product_cat-ecuador","7":"product_cat-impuestos","8":"product_cat-sellos-usados","9":"thunk-woo-product-list","10":"opn-qv-enable","11":"open-woo-hover-zoom","12":"open-single-product-tab-horizontal","13":"open-shadow-","14":"open-shadow-hover-","16":"first","17":"instock","18":"shipping-taxable","19":"purchasable","20":"product-type-simple"},"acf":[],"jetpack_sharing_enabled":true,"_links":{"self":[{"href":"https:\/\/filatelia.cuentista.es\/en\/wp-json\/wp\/v2\/product\/5765","targetHints":{"allow":["GET"]}}],"collection":[{"href":"https:\/\/filatelia.cuentista.es\/en\/wp-json\/wp\/v2\/product"}],"about":[{"href":"https:\/\/filatelia.cuentista.es\/en\/wp-json\/wp\/v2\/types\/product"}],"replies":[{"embeddable":true,"href":"https:\/\/filatelia.cuentista.es\/en\/wp-json\/wp\/v2\/comments?post=5765"}],"wp:featuredmedia":[{"embeddable":true,"href":"https:\/\/filatelia.cuentista.es\/en\/wp-json\/wp\/v2\/media\/4188"}],"wp:attachment":[{"href":"https:\/\/filatelia.cuentista.es\/en\/wp-json\/wp\/v2\/media?parent=5765"}],"wp:term":[{"taxonomy":"product_brand","embeddable":true,"href":"https:\/\/filatelia.cuentista.es\/en\/wp-json\/wp\/v2\/product_brand?post=5765"},{"taxonomy":"product_cat","embeddable":true,"href":"https:\/\/filatelia.cuentista.es\/en\/wp-json\/wp\/v2\/product_cat?post=5765"},{"taxonomy":"product_tag","embeddable":true,"href":"https:\/\/filatelia.cuentista.es\/en\/wp-json\/wp\/v2\/product_tag?post=5765"}],"curies":[{"name":"wp","href":"https:\/\/api.w.org\/{rel}","templated":true}]}}