{"id":5764,"date":"2024-10-20T04:26:05","date_gmt":"2024-10-20T04:26:05","guid":{"rendered":"https:\/\/filatelia.cuentista.es\/product\/sello-ecuador-1959-alexandre-von-humboldt-200-sucres-verde-usado-aereo"},"modified":"2024-10-20T04:26:54","modified_gmt":"2024-10-20T04:26:54","slug":"sello-ecuador-1959-alexandre-von-humboldt-200-sucres-verde-usado-aereo","status":"publish","type":"product","link":"https:\/\/filatelia.cuentista.es\/en\/product\/sello-ecuador-1959-alexandre-von-humboldt-200-sucres-verde-usado-aereo","title":{"rendered":"Sello Ecuador 1959 &#8211; Alexandre von Humboldt- 2,00 Sucres Verde Usado A\u00e9reo"},"content":{"rendered":"<p>Alexander von Humboldt (1769-1859)<\/p>\n<p><img class=\"size-full\"><\/p>\n<p>Pa\u00eds:<\/p>\n<p>Ecuador<\/p>\n<p>Serie:<\/p>\n<p>Alexander von Humboldt, death Cent.<\/p>\n<p>C\u00f3digo de cat\u00e1logo:<\/p>\n<p>Michel EC 995<\/p>\n<p>Stamp Number EC C341<\/p>\n<p>Yvert et Tellier EC PA343<\/p>\n<p>Stanley Gibbons EC 1134<\/p>\n<p>Bertossa EC 1044<\/p>\n<p>Temas:<\/p>\n<p>Naturalistas | Personajes Famosos<\/p>\n<p>Fecha emisi\u00f3n:<\/p>\n<p>1959-05-06<\/p>\n<p>Tama\u00f1o:<\/p>\n<p>26 x 36 mm<\/p>\n<p>Colores:<\/p>\n<p>Pizarra<\/p>\n<p>Marca de agua:<\/p>\n<p>Sin Marca de agua<\/p>\n<p>Impresores\/Imprentas:<\/p>\n<p>Courvoisier (Helio Courvoisier) S. A.<\/p>\n<p>Formato:<\/p>\n<p>Sello<\/p>\n<p>Emisi\u00f3n:<\/p>\n<p>Correo A\u00e9reo<\/p>\n<p>Perforaci\u00f3n:<\/p>\n<p>peine11\u00bd<\/p>\n<p>Impresi\u00f3n:<\/p>\n<p>Fotograbado<\/p>\n<p>Valor facial:<\/p>\n<p>2 S\/. &#8211; Sucre Ecuatoriano<\/p>\n<p>Tiraje:<\/p>\n<p>1.500.000<\/p>\n<p>Puntuaci\u00f3n:<\/p>\n<p>20% Precisi\u00f3n: Alta<\/p>\n<p>Descripci\u00f3n:<\/p>\n<p>Print error in BE catalogue.<\/p>\n<p><a href=\"https:\/\/colnect.com\/stamps\/stamp\/122844\">https:\/\/colnect.com\/stamps\/stamp\/122844<\/a><\/p>","protected":false},"excerpt":{"rendered":"<p>Alexander von Humboldt (1769-1859) Pa\u00eds: Ecuador Serie: Alexander von Humboldt, death Cent. C\u00f3digo de cat\u00e1logo: Michel EC 995 Stamp Number EC C341 Yvert et Tellier EC PA343 Stanley Gibbons EC 1134 Bertossa EC 1044 Temas: Naturalistas | Personajes Famosos Fecha emisi\u00f3n: 1959-05-06 Tama\u00f1o: 26 x 36 mm Colores: Pizarra Marca de agua: Sin Marca de &hellip;<\/p>\n<p class=\"read-more\"> <a class=\"thunk-readmore button\" href=\"https:\/\/filatelia.cuentista.es\/en\/product\/sello-ecuador-1959-alexandre-von-humboldt-200-sucres-verde-usado-aereo\"> <span class=\"screen-reader-text\">Sello Ecuador 1959 &#8211; Alexandre von Humboldt- 2,00 Sucres Verde Usado A\u00e9reo<\/span>Read More<\/a><\/p>","protected":false},"featured_media":4187,"comment_status":"open","ping_status":"closed","template":"","meta":{"_acf_changed":false},"product_brand":[],"product_cat":[815,1213,20],"product_tag":[],"class_list":{"0":"post-5764","1":"product","2":"type-product","3":"status-publish","4":"has-post-thumbnail","6":"product_cat-correo-aereo","7":"product_cat-ecuador","8":"product_cat-sellos-usados","9":"thunk-woo-product-list","10":"opn-qv-enable","11":"open-woo-hover-zoom","12":"open-single-product-tab-horizontal","13":"open-shadow-","14":"open-shadow-hover-","16":"first","17":"instock","18":"shipping-taxable","19":"purchasable","20":"product-type-simple"},"acf":[],"jetpack_sharing_enabled":true,"_links":{"self":[{"href":"https:\/\/filatelia.cuentista.es\/en\/wp-json\/wp\/v2\/product\/5764","targetHints":{"allow":["GET"]}}],"collection":[{"href":"https:\/\/filatelia.cuentista.es\/en\/wp-json\/wp\/v2\/product"}],"about":[{"href":"https:\/\/filatelia.cuentista.es\/en\/wp-json\/wp\/v2\/types\/product"}],"replies":[{"embeddable":true,"href":"https:\/\/filatelia.cuentista.es\/en\/wp-json\/wp\/v2\/comments?post=5764"}],"wp:featuredmedia":[{"embeddable":true,"href":"https:\/\/filatelia.cuentista.es\/en\/wp-json\/wp\/v2\/media\/4187"}],"wp:attachment":[{"href":"https:\/\/filatelia.cuentista.es\/en\/wp-json\/wp\/v2\/media?parent=5764"}],"wp:term":[{"taxonomy":"product_brand","embeddable":true,"href":"https:\/\/filatelia.cuentista.es\/en\/wp-json\/wp\/v2\/product_brand?post=5764"},{"taxonomy":"product_cat","embeddable":true,"href":"https:\/\/filatelia.cuentista.es\/en\/wp-json\/wp\/v2\/product_cat?post=5764"},{"taxonomy":"product_tag","embeddable":true,"href":"https:\/\/filatelia.cuentista.es\/en\/wp-json\/wp\/v2\/product_tag?post=5764"}],"curies":[{"name":"wp","href":"https:\/\/api.w.org\/{rel}","templated":true}]}}