{"id":5758,"date":"2024-10-19T20:34:20","date_gmt":"2024-10-19T20:34:20","guid":{"rendered":"https:\/\/filatelia.cuentista.es\/product\/sello-ecuador-1967-america-en-el-espacio-4-sucre-usado"},"modified":"2024-10-19T20:34:24","modified_gmt":"2024-10-19T20:34:24","slug":"sello-ecuador-1967-america-en-el-espacio-4-sucre-usado","status":"publish","type":"product","link":"https:\/\/filatelia.cuentista.es\/en\/product\/sello-ecuador-1967-america-en-el-espacio-4-sucre-usado","title":{"rendered":"Sello Ecuador 1967 &#8211; Am\u00e9rica en el Espacio  &#8211; 4 Sucre, Usado"},"content":{"rendered":"<p>Kennedy, American and French Flags<\/p>\n<p><img class=\"size-full\"><\/p>\n<p>Pa\u00eds:<\/p>\n<p>Ecuador<\/p>\n<p>Serie:<\/p>\n<p>French-American Space Co-operation<\/p>\n<p>C\u00f3digo de cat\u00e1logo:<\/p>\n<p>Michel EC 1285<\/p>\n<p>Stamp Number EC 756B<\/p>\n<p>Yvert et Tellier EC PA465<\/p>\n<p>Bertossa EC 1323<\/p>\n<p>Stanley Gibbons No Listado<\/p>\n<p>Temas:<\/p>\n<p>Banderas | Espacio Exterior | Jefes de Estado | Naves Espaciales | Personajes Famosos | Sat\u00e9lites<\/p>\n<p>Fecha emisi\u00f3n:<\/p>\n<p>1966<\/p>\n<p>Tama\u00f1o:<\/p>\n<p>50 x 40 mm<\/p>\n<p>Colores:<\/p>\n<p>Multicolor<\/p>\n<p>Marca de agua:<\/p>\n<p>Sin Marca de agua<\/p>\n<p>Dise\u00f1adores:<\/p>\n<p>Claudio Alonso<\/p>\n<p>Impresores\/Imprentas:<\/p>\n<p>De La Rue de Colombia<\/p>\n<p>Formato:<\/p>\n<p>Sello<\/p>\n<p>Emisi\u00f3n:<\/p>\n<p>Correo A\u00e9reo<\/p>\n<p>Perforaci\u00f3n:<\/p>\n<p>peine13\u00bd x 14<\/p>\n<p>Impresi\u00f3n:<\/p>\n<p>Litograf\u00eda offset<\/p>\n<p>Valor facial:<\/p>\n<p>4 S\/. &#8211; Sucre Ecuatoriano<\/p>\n<p>Tiraje:<\/p>\n<p>22.000<\/p>\n<p>Puntuaci\u00f3n:<\/p>\n<p>27% Precisi\u00f3n: Alta<\/p>\n<p>Descripci\u00f3n:<\/p>\n<p>Variedades:<\/p>\n<p>&#8211; tete beche pair (BE 1323.1)<\/p>\n<p>&#8211; CTO reprint (BE 1323.R)<\/p>\n<p>&#8211; CTO reprint, tete bech\u00e9 (BE 1323.R.1)<\/p>\n<p><a href=\"https:\/\/colnect.com\/stamps\/stamp\/487715\">https:\/\/colnect.com\/stamps\/stamp\/487715<\/a><\/p>","protected":false},"excerpt":{"rendered":"<p>Kennedy, American and French Flags Pa\u00eds: Ecuador Serie: French-American Space Co-operation C\u00f3digo de cat\u00e1logo: Michel EC 1285 Stamp Number EC 756B Yvert et Tellier EC PA465 Bertossa EC 1323 Stanley Gibbons No Listado Temas: Banderas | Espacio Exterior | Jefes de Estado | Naves Espaciales | Personajes Famosos | Sat\u00e9lites Fecha emisi\u00f3n: 1966 Tama\u00f1o: 50 &hellip;<\/p>\n<p class=\"read-more\"> <a class=\"thunk-readmore button\" href=\"https:\/\/filatelia.cuentista.es\/en\/product\/sello-ecuador-1967-america-en-el-espacio-4-sucre-usado\"> <span class=\"screen-reader-text\">Sello Ecuador 1967 &#8211; Am\u00e9rica en el Espacio  &#8211; 4 Sucre, Usado<\/span>Read More<\/a><\/p>","protected":false},"featured_media":4181,"comment_status":"open","ping_status":"closed","template":"","meta":{"_acf_changed":false},"product_brand":[],"product_cat":[1213,20],"product_tag":[1509],"class_list":{"0":"post-5758","1":"product","2":"type-product","3":"status-publish","4":"has-post-thumbnail","6":"product_cat-ecuador","7":"product_cat-sellos-usados","8":"product_tag-jfk","9":"thunk-woo-product-list","10":"opn-qv-enable","11":"open-woo-hover-zoom","12":"open-single-product-tab-horizontal","13":"open-shadow-","14":"open-shadow-hover-","16":"first","17":"instock","18":"shipping-taxable","19":"purchasable","20":"product-type-simple"},"acf":[],"jetpack_sharing_enabled":true,"_links":{"self":[{"href":"https:\/\/filatelia.cuentista.es\/en\/wp-json\/wp\/v2\/product\/5758","targetHints":{"allow":["GET"]}}],"collection":[{"href":"https:\/\/filatelia.cuentista.es\/en\/wp-json\/wp\/v2\/product"}],"about":[{"href":"https:\/\/filatelia.cuentista.es\/en\/wp-json\/wp\/v2\/types\/product"}],"replies":[{"embeddable":true,"href":"https:\/\/filatelia.cuentista.es\/en\/wp-json\/wp\/v2\/comments?post=5758"}],"wp:featuredmedia":[{"embeddable":true,"href":"https:\/\/filatelia.cuentista.es\/en\/wp-json\/wp\/v2\/media\/4181"}],"wp:attachment":[{"href":"https:\/\/filatelia.cuentista.es\/en\/wp-json\/wp\/v2\/media?parent=5758"}],"wp:term":[{"taxonomy":"product_brand","embeddable":true,"href":"https:\/\/filatelia.cuentista.es\/en\/wp-json\/wp\/v2\/product_brand?post=5758"},{"taxonomy":"product_cat","embeddable":true,"href":"https:\/\/filatelia.cuentista.es\/en\/wp-json\/wp\/v2\/product_cat?post=5758"},{"taxonomy":"product_tag","embeddable":true,"href":"https:\/\/filatelia.cuentista.es\/en\/wp-json\/wp\/v2\/product_tag?post=5758"}],"curies":[{"name":"wp","href":"https:\/\/api.w.org\/{rel}","templated":true}]}}